{"id":7372,"date":"2022-01-23T22:57:48","date_gmt":"2022-01-23T21:57:48","guid":{"rendered":"https:\/\/www.hml-fetish.de\/shop\/?post_type=product&#038;p=7372"},"modified":"2022-06-26T11:52:06","modified_gmt":"2022-06-26T09:52:06","slug":"leder-lb-vest","status":"publish","type":"product","link":"https:\/\/www.hml-fetish.de\/shop\/leder-lb-vest\/","title":{"rendered":"Leder LB Vest"},"content":{"rendered":"<p>Inspiriert von einer Army Tactical Load Bearing Vest \u2013 neu interpretiert f\u00fcr die Fetisch-Szene: Viel Stauraum bieten, aber wenig K\u00f6rper verdecken und richtig geil aussehen.<\/p>\n<p>Robustes Rindnappa. Zwei gro\u00dfe, zwei kleine Au\u00dfentaschen, zwei Rei\u00dfverschlu\u00df-Innentaschen. Verstellbare Gurtschlie\u00dfen, Gummizug-Schn\u00fcrung. Universalgr\u00f6\u00dfe.<\/p>\n<p>Diese Weste ist vielleicht ein wenig extravagant, dabei aber h\u00f6chst funktionell.<\/p>\n<p>Ausf\u00fchrlich informiert diese PDF-Datei:<br \/>\n253 KB Download <a href=\"\/pdf\/lbweste.pdf\"><img decoding=\"async\" src=\"\/template\/pdf.gif\" alt=\"Hintergrundinfos als PDF herunterladen\" border=\"0\" \/><\/a><\/p>\n","protected":false},"excerpt":{"rendered":"<h4>Leder LB Vest<\/h4>\n<p>Inspiriert von einer Army Tactical Load Bearing Vest \u2013 neu interpretiert f\u00fcr die Fetisch-Szene: Viel Stauraum bieten, aber wenig K\u00f6rper verdecken und richtig geil aussehen.<\/p>\n","protected":false},"featured_media":7635,"comment_status":"open","ping_status":"closed","template":"","meta":[],"product_brand":[],"product_cat":[161,170],"product_tag":[4398],"class_list":{"0":"post-7372","1":"product","2":"type-product","3":"status-publish","4":"has-post-thumbnail","6":"product_cat-hemden-westen","7":"product_cat-army-kleidung","8":"product_tag-hml-fetish-original","9":"product_shipping_class-paket","11":"first","12":"instock","13":"taxable","14":"shipping-taxable","15":"purchasable","16":"product-type-simple"},"_links":{"self":[{"href":"https:\/\/www.hml-fetish.de\/shop\/wp-json\/wp\/v2\/product\/7372","targetHints":{"allow":["GET"]}}],"collection":[{"href":"https:\/\/www.hml-fetish.de\/shop\/wp-json\/wp\/v2\/product"}],"about":[{"href":"https:\/\/www.hml-fetish.de\/shop\/wp-json\/wp\/v2\/types\/product"}],"replies":[{"embeddable":true,"href":"https:\/\/www.hml-fetish.de\/shop\/wp-json\/wp\/v2\/comments?post=7372"}],"version-history":[{"count":0,"href":"https:\/\/www.hml-fetish.de\/shop\/wp-json\/wp\/v2\/product\/7372\/revisions"}],"wp:featuredmedia":[{"embeddable":true,"href":"https:\/\/www.hml-fetish.de\/shop\/wp-json\/wp\/v2\/media\/7635"}],"wp:attachment":[{"href":"https:\/\/www.hml-fetish.de\/shop\/wp-json\/wp\/v2\/media?parent=7372"}],"wp:term":[{"taxonomy":"product_brand","embeddable":true,"href":"https:\/\/www.hml-fetish.de\/shop\/wp-json\/wp\/v2\/product_brand?post=7372"},{"taxonomy":"product_cat","embeddable":true,"href":"https:\/\/www.hml-fetish.de\/shop\/wp-json\/wp\/v2\/product_cat?post=7372"},{"taxonomy":"product_tag","embeddable":true,"href":"https:\/\/www.hml-fetish.de\/shop\/wp-json\/wp\/v2\/product_tag?post=7372"}],"curies":[{"name":"wp","href":"https:\/\/api.w.org\/{rel}","templated":true}]}}