{"id":7370,"date":"2022-01-23T22:57:48","date_gmt":"2022-01-23T21:57:48","guid":{"rendered":"https:\/\/www.hml-fetish.de\/shop\/?post_type=product&#038;p=7370"},"modified":"2025-03-13T18:07:15","modified_gmt":"2025-03-13T17:07:15","slug":"leder-weste-titflash","status":"publish","type":"product","link":"https:\/\/www.hml-fetish.de\/shop\/leder-weste-titflash\/","title":{"rendered":"Leder Weste titflash"},"content":{"rendered":"<p><P>Diese kerlige Leder-weste bietet f\u00fcr ihre Preisklasse echt viel: Gearbeitet in mattschwarzem, leicht genarbtem 1,1 mm dickem Rindnappa Oberleder mit besonders weichem Griff hat sie zwei ger\u00e4umige und zudem verdeckt gearbeitete Innentaschen, in denen sich einiges verstauen l\u00e4\u00dft.<\/p>\n<p>Der Schnitt der Weste ist dabei hoch modisch &#8211; Brust frei! Damit bist Du im Sommer ein Blickfang auf dem CSD. Sieben Gr\u00f6\u00dfen kleiden wirklich fast jeden.<\/p>\n<p><img decoding=\"async\" title=\"Gr\u00f6\u00dfentabelle\" src=\"https:\/\/www.hml-fetish.de\/GIF\/size_unisex_up.gif\" alt=\"Gr\u00f6\u00dfentabelle\" width=\"114\" height=\"194\" border=\"0\" \/><\/P><br \/>\n<P><B>Produktsicherheit:<\/B><BR><br \/>\nAllergiehinweis: Material Rindleder, Metallteile mit Hautkontakt sind rost- und nickelfrei<BR><br \/>\nVerantwortliche Person<BR><br \/>\nHML, Inhaber Dr. Detlef Moller<BR><br \/>\nNeukirchstra\u00dfe 18<BR><br \/>\n28215 Bremen<BR><br \/>\nDeutschland<BR><br \/>\ninfo@hml-fetish.de<\/P><\/p>\n","protected":false},"excerpt":{"rendered":"<h4>Die Leder Weste titflash<\/h4>\n<p>Eine Leder Weste titflash bietet f\u00fcr ihre Preisklasse echt viel: Gearbeitet in mattschwarzem, leicht genarbtem 1,1 mm dickem Rindnappa Oberleder mit besonders weichem Griff hat sie zwei ger\u00e4umige und zudem verdeckt gearbeitete Innentaschen, in denen sich einiges verstauen l\u00e4\u00dft.<\/p>\n","protected":false},"featured_media":7451,"comment_status":"open","ping_status":"closed","template":"","meta":[],"product_brand":[],"product_cat":[161,95],"product_tag":[4398],"class_list":{"0":"post-7370","1":"product","2":"type-product","3":"status-publish","4":"has-post-thumbnail","6":"product_cat-hemden-westen","7":"product_cat-bestseller","8":"product_tag-hml-fetish-original","10":"first","11":"instock","12":"taxable","13":"shipping-taxable","14":"purchasable","15":"product-type-variable"},"_links":{"self":[{"href":"https:\/\/www.hml-fetish.de\/shop\/wp-json\/wp\/v2\/product\/7370","targetHints":{"allow":["GET"]}}],"collection":[{"href":"https:\/\/www.hml-fetish.de\/shop\/wp-json\/wp\/v2\/product"}],"about":[{"href":"https:\/\/www.hml-fetish.de\/shop\/wp-json\/wp\/v2\/types\/product"}],"replies":[{"embeddable":true,"href":"https:\/\/www.hml-fetish.de\/shop\/wp-json\/wp\/v2\/comments?post=7370"}],"version-history":[{"count":0,"href":"https:\/\/www.hml-fetish.de\/shop\/wp-json\/wp\/v2\/product\/7370\/revisions"}],"wp:featuredmedia":[{"embeddable":true,"href":"https:\/\/www.hml-fetish.de\/shop\/wp-json\/wp\/v2\/media\/7451"}],"wp:attachment":[{"href":"https:\/\/www.hml-fetish.de\/shop\/wp-json\/wp\/v2\/media?parent=7370"}],"wp:term":[{"taxonomy":"product_brand","embeddable":true,"href":"https:\/\/www.hml-fetish.de\/shop\/wp-json\/wp\/v2\/product_brand?post=7370"},{"taxonomy":"product_cat","embeddable":true,"href":"https:\/\/www.hml-fetish.de\/shop\/wp-json\/wp\/v2\/product_cat?post=7370"},{"taxonomy":"product_tag","embeddable":true,"href":"https:\/\/www.hml-fetish.de\/shop\/wp-json\/wp\/v2\/product_tag?post=7370"}],"curies":[{"name":"wp","href":"https:\/\/api.w.org\/{rel}","templated":true}]}}