{"id":7369,"date":"2022-01-23T22:57:28","date_gmt":"2022-01-23T21:57:28","guid":{"rendered":"https:\/\/www.hml-fetish.de\/shop\/?post_type=product&#038;p=7369"},"modified":"2026-01-27T08:35:06","modified_gmt":"2026-01-27T07:35:06","slug":"anzug-weste-aus-leder","status":"publish","type":"product","link":"https:\/\/www.hml-fetish.de\/shop\/anzug-weste-aus-leder\/","title":{"rendered":"Anzug-Weste aus Leder"},"content":{"rendered":"<p>Diese Leder-Weste aus tiefschwarzem 1,2 mm dickem Rindnappa ist ein echter Hammer. Sie sieht l\u00e4ssig getragen im Job super-seri\u00f6s aus, wirkt aber extravagant und sexy, wenn Du sie zum vollen Fetisch-Outfit kombinierst.<\/p>\n<p>Urspr\u00fcnglich ist sie einem traditionellen Vorbild nachempfunden, mit stilvollen Kn\u00f6pfen und kleinen Taschen als Blickfang. Die Weste ist ungef\u00fcttert und mit einer Schnalle am R\u00fccken in der Weite verstellbar.<\/p>\n<p>Die Weste zum Kn\u00f6pfen sieht schick aus zu Hemd und Krawatte, vermittelt aber unter der Oberfl\u00e4che die Geilheit eines Wolfes. Gehe im strengen Outfit mit ihr aus und fang&#8217; Dir die L\u00e4mmer!<\/p>\n<p><img decoding=\"async\" title=\"Gr\u00f6\u00dfentabelle\" src=\"\/GIF\/size_unisex_up.gif\" alt=\"Gr\u00f6\u00dfentabelle\" width=\"114\" height=\"194\" border=\"0\" \/><\/p>\n<p><b>Produktsicherheit:<\/b><br \/>\nAllergiehinweis: Material Rindleder, Metallteile mit Hautkontakt sind rost- und nickelfrei<br \/>\nVerantwortliche Person<br \/>\nHML, Inhaber Dr. Detlef Moller<br \/>\nNeukirchstra\u00dfe 18<br \/>\n28215 Bremen<br \/>\nDeutschland<br \/>\ninfo@hml-fetish.de<\/p>\n","protected":false},"excerpt":{"rendered":"<h4>Anzug-Weste aus Leder<\/h4>\n<p>Diese Leder-Weste aus tiefschwarzem 1,2 mm dickem Rindnappa ist ein echter Hammer. Sie sieht l\u00e4ssig getragen im Job super-seri\u00f6s aus, wirkt aber extravagant und sexy, wenn Du sie zum vollen Fetisch-Outfit kombinierst.<\/p>\n","protected":false},"featured_media":7686,"comment_status":"open","ping_status":"closed","template":"","meta":[],"product_brand":[],"product_cat":[161,95,179],"product_tag":[4398],"class_list":{"0":"post-7369","1":"product","2":"type-product","3":"status-publish","4":"has-post-thumbnail","6":"product_cat-hemden-westen","7":"product_cat-bestseller","8":"product_cat-kleidung","9":"product_tag-hml-fetish-original","10":"product_shipping_class-paket","12":"first","13":"instock","14":"taxable","15":"shipping-taxable","16":"purchasable","17":"product-type-variable"},"_links":{"self":[{"href":"https:\/\/www.hml-fetish.de\/shop\/wp-json\/wp\/v2\/product\/7369","targetHints":{"allow":["GET"]}}],"collection":[{"href":"https:\/\/www.hml-fetish.de\/shop\/wp-json\/wp\/v2\/product"}],"about":[{"href":"https:\/\/www.hml-fetish.de\/shop\/wp-json\/wp\/v2\/types\/product"}],"replies":[{"embeddable":true,"href":"https:\/\/www.hml-fetish.de\/shop\/wp-json\/wp\/v2\/comments?post=7369"}],"version-history":[{"count":0,"href":"https:\/\/www.hml-fetish.de\/shop\/wp-json\/wp\/v2\/product\/7369\/revisions"}],"wp:featuredmedia":[{"embeddable":true,"href":"https:\/\/www.hml-fetish.de\/shop\/wp-json\/wp\/v2\/media\/7686"}],"wp:attachment":[{"href":"https:\/\/www.hml-fetish.de\/shop\/wp-json\/wp\/v2\/media?parent=7369"}],"wp:term":[{"taxonomy":"product_brand","embeddable":true,"href":"https:\/\/www.hml-fetish.de\/shop\/wp-json\/wp\/v2\/product_brand?post=7369"},{"taxonomy":"product_cat","embeddable":true,"href":"https:\/\/www.hml-fetish.de\/shop\/wp-json\/wp\/v2\/product_cat?post=7369"},{"taxonomy":"product_tag","embeddable":true,"href":"https:\/\/www.hml-fetish.de\/shop\/wp-json\/wp\/v2\/product_tag?post=7369"}],"curies":[{"name":"wp","href":"https:\/\/api.w.org\/{rel}","templated":true}]}}