{"id":7362,"date":"2022-01-23T22:57:26","date_gmt":"2022-01-23T21:57:26","guid":{"rendered":"https:\/\/www.hml-fetish.de\/shop\/?post_type=product&#038;p=7362"},"modified":"2022-12-05T18:07:14","modified_gmt":"2022-12-05T17:07:14","slug":"vorhaengeschloss","status":"publish","type":"product","link":"https:\/\/www.hml-fetish.de\/shop\/vorhaengeschloss\/","title":{"rendered":"Vorh\u00e4ngeschlo\u00df"},"content":{"rendered":"<p>Dieses Vorh\u00e4ngeschlo\u00df aus Messing &#8211; verchromt und hochgl\u00e4nzend poliert &#8211; verwenden wir f\u00fcr fast alles, das abschlie\u00dfbar sein mu\u00df. Es mi\u00dft 21 mm x 21 mm x 11 mm und tr\u00e4gt einen 3 mm dicken B\u00fcgel. Die Schl\u00fcssel sind stabil. Dieses Schlo\u00df ist bei aller edlen Sch\u00f6nheit robust und langlebig.<\/p>\n","protected":false},"excerpt":{"rendered":"<h4>Vorh\u00e4ngeschlo\u00df<\/h4>\n<p>aus Messing &#8211; verchromt und hochgl\u00e4nzend poliert. Wir verwenden es f\u00fcr fast alles, das abschlie\u00dfbar sein mu\u00df. Es mi\u00dft 21 mm x 21 mm x 11 mm und tr\u00e4gt einen 3 mm dicken B\u00fcgel. Die Schl\u00fcssel sind stabil. Dieses Schlo\u00df ist bei aller edlen Sch\u00f6nheit robust und langlebig.<\/p>\n","protected":false},"featured_media":8070,"comment_status":"open","ping_status":"closed","template":"","meta":[],"product_brand":[],"product_cat":[140,163],"product_tag":[],"class_list":{"0":"post-7362","1":"product","2":"type-product","3":"status-publish","4":"has-post-thumbnail","6":"product_cat-stahlfesseln","7":"product_cat-lederfesseln","8":"product_shipping_class-brief","10":"first","11":"instock","12":"taxable","13":"shipping-taxable","14":"purchasable","15":"product-type-simple"},"_links":{"self":[{"href":"https:\/\/www.hml-fetish.de\/shop\/wp-json\/wp\/v2\/product\/7362","targetHints":{"allow":["GET"]}}],"collection":[{"href":"https:\/\/www.hml-fetish.de\/shop\/wp-json\/wp\/v2\/product"}],"about":[{"href":"https:\/\/www.hml-fetish.de\/shop\/wp-json\/wp\/v2\/types\/product"}],"replies":[{"embeddable":true,"href":"https:\/\/www.hml-fetish.de\/shop\/wp-json\/wp\/v2\/comments?post=7362"}],"version-history":[{"count":0,"href":"https:\/\/www.hml-fetish.de\/shop\/wp-json\/wp\/v2\/product\/7362\/revisions"}],"wp:featuredmedia":[{"embeddable":true,"href":"https:\/\/www.hml-fetish.de\/shop\/wp-json\/wp\/v2\/media\/8070"}],"wp:attachment":[{"href":"https:\/\/www.hml-fetish.de\/shop\/wp-json\/wp\/v2\/media?parent=7362"}],"wp:term":[{"taxonomy":"product_brand","embeddable":true,"href":"https:\/\/www.hml-fetish.de\/shop\/wp-json\/wp\/v2\/product_brand?post=7362"},{"taxonomy":"product_cat","embeddable":true,"href":"https:\/\/www.hml-fetish.de\/shop\/wp-json\/wp\/v2\/product_cat?post=7362"},{"taxonomy":"product_tag","embeddable":true,"href":"https:\/\/www.hml-fetish.de\/shop\/wp-json\/wp\/v2\/product_tag?post=7362"}],"curies":[{"name":"wp","href":"https:\/\/api.w.org\/{rel}","templated":true}]}}