{"id":7361,"date":"2022-01-23T22:57:26","date_gmt":"2022-01-23T21:57:26","guid":{"rendered":"https:\/\/www.hml-fetish.de\/shop\/?post_type=product&#038;p=7361"},"modified":"2025-06-19T17:21:16","modified_gmt":"2025-06-19T15:21:16","slug":"verbindungskabel","status":"publish","type":"product","link":"https:\/\/www.hml-fetish.de\/shop\/verbindungskabel\/","title":{"rendered":"Verbindungskabel"},"content":{"rendered":"<p>Brauchst du, um Klebepads, Cockb\u00e4nder etc. anzuschlie\u00dfen. Ein Klinkenstecker f\u00fcr die Anschlu\u00dfbuchse des Reizstromger\u00e4tes verzweigt mit je einem Meter schwarzem Kabel auf zwei Bananenstecker f\u00fcr die Kontaktschuhe auf den Cockb\u00e4ndern.<\/p>\n<p>Funktioniert auch alleine, denn zwei Krokodilsklemmen zum Aufstecken werden mitgeliefert. Die kannst du z.B. an Piercing-Ringe klemmen. Willst du sie als Tittenklemmen benutzen, solltest du vielleicht die Z\u00e4hne mit einer Zange plattkneifen.<\/p>\n<p>Dieses Ger\u00e4t ben\u00f6tigt f\u00fcr die Stromversorgung ein Reizstromger\u00e4t mit 3,5 mm Stereo-Klinken-Buchse, das nicht im Preis enthalten ist!<\/p>\n","protected":false},"excerpt":{"rendered":"<h4>Verbindungskabel<\/h4>\n<p>Brauchst du, um Klebepads, Cockb\u00e4nder etc. anzuschlie\u00dfen. Ein Klinkenstecker f\u00fcr die Anschlussbuchse des Reizstromger\u00e4tes verzweigt mit je einem Meter schwarzem Kabel auf zwei Bananenstecker f\u00fcr die Kontaktschuhe auf den Cockb\u00e4ndern.<\/p>\n","protected":false},"featured_media":8083,"comment_status":"open","ping_status":"closed","template":"","meta":[],"product_brand":[],"product_cat":[133],"product_tag":[],"class_list":{"0":"post-7361","1":"product","2":"type-product","3":"status-publish","4":"has-post-thumbnail","6":"product_cat-elektro","7":"product_shipping_class-paket","9":"first","10":"instock","11":"taxable","12":"shipping-taxable","13":"purchasable","14":"product-type-simple"},"_links":{"self":[{"href":"https:\/\/www.hml-fetish.de\/shop\/wp-json\/wp\/v2\/product\/7361","targetHints":{"allow":["GET"]}}],"collection":[{"href":"https:\/\/www.hml-fetish.de\/shop\/wp-json\/wp\/v2\/product"}],"about":[{"href":"https:\/\/www.hml-fetish.de\/shop\/wp-json\/wp\/v2\/types\/product"}],"replies":[{"embeddable":true,"href":"https:\/\/www.hml-fetish.de\/shop\/wp-json\/wp\/v2\/comments?post=7361"}],"version-history":[{"count":0,"href":"https:\/\/www.hml-fetish.de\/shop\/wp-json\/wp\/v2\/product\/7361\/revisions"}],"wp:featuredmedia":[{"embeddable":true,"href":"https:\/\/www.hml-fetish.de\/shop\/wp-json\/wp\/v2\/media\/8083"}],"wp:attachment":[{"href":"https:\/\/www.hml-fetish.de\/shop\/wp-json\/wp\/v2\/media?parent=7361"}],"wp:term":[{"taxonomy":"product_brand","embeddable":true,"href":"https:\/\/www.hml-fetish.de\/shop\/wp-json\/wp\/v2\/product_brand?post=7361"},{"taxonomy":"product_cat","embeddable":true,"href":"https:\/\/www.hml-fetish.de\/shop\/wp-json\/wp\/v2\/product_cat?post=7361"},{"taxonomy":"product_tag","embeddable":true,"href":"https:\/\/www.hml-fetish.de\/shop\/wp-json\/wp\/v2\/product_tag?post=7361"}],"curies":[{"name":"wp","href":"https:\/\/api.w.org\/{rel}","templated":true}]}}