{"id":7357,"date":"2022-01-23T22:57:25","date_gmt":"2022-01-23T21:57:25","guid":{"rendered":"https:\/\/www.hml-fetish.de\/shop\/?post_type=product&#038;p=7357"},"modified":"2026-03-31T18:04:33","modified_gmt":"2026-03-31T16:04:33","slug":"police-hose-lapd-blau","status":"publish","type":"product","link":"https:\/\/www.hml-fetish.de\/shop\/police-hose-lapd-blau\/","title":{"rendered":"Police-Hose LAPD-blau"},"content":{"rendered":"<p>Eine Uniformhose mit geradem Schnitt. Markenqualit\u00e4t aus den USA. Im original Farbton Midnight-navy-blue, so tief dunkelblau, da\u00df es schon fast schwarz ist. Hosen in diesem Farbton werden bei den Police Departments in Los Angeles und in San Francisco getragen. Aus pflegeleichtem Dacron-Polyester und hergestellt von den f\u00fchrenden Marken elbeco und Fechheimer.<\/p>\n<p>Mit zwei gepaspelten Ges\u00e4\u00dftaschen, Hinterlegungen an allen stark beanspruchten Stellen, autolock Zipper und vielen weiteren Extras.<\/p>\n<p>Die Hosenbeine sind standardm\u00e4\u00dfig unten nicht abgel\u00e4ngt. Du kannst sie also auf Deine pers\u00f6nliche L\u00e4nge k\u00fcrzen.<\/p>\n<p><img decoding=\"async\" title=\"Gr\u00f6\u00dfentabelle\" src=\"\/GIF\/size_unisex_down.gif\" alt=\"Gr\u00f6\u00dfentabelle\" width=\"114\" height=\"194\" border=\"0\" \/><br \/>\n1 inch = 1 Zoll = 2,54 cm<\/p>\n","protected":false},"excerpt":{"rendered":"<h4>Police-Hose LAPD-blau<\/h4>\n<p>Eine Uniformhose mit geradem Schnitt. Markenqualit\u00e4t aus den USA. Im original Farbton Midnight-navy-blue, so tief dunkelblau, da\u00df es schon fast schwarz ist. Hosen in diesem Farbton werden bei den Police Departments in Los Angeles und in San Francisco getragen. Aus pflegeleichtem Dacron-Polyester und hergestellt von den f\u00fchrenden Marken.<\/p>\n","protected":false},"featured_media":8213,"comment_status":"open","ping_status":"closed","template":"","meta":[],"product_brand":[],"product_cat":[147,105],"product_tag":[1575,1546],"class_list":{"0":"post-7357","1":"product","2":"type-product","3":"status-publish","4":"has-post-thumbnail","6":"product_cat-bekleidung","7":"product_cat-sonderangebote","8":"product_tag-elbeco","9":"product_tag-fechheimer","10":"product_shipping_class-paket","12":"first","13":"instock","14":"sale","15":"taxable","16":"shipping-taxable","17":"purchasable","18":"product-type-variable"},"_links":{"self":[{"href":"https:\/\/www.hml-fetish.de\/shop\/wp-json\/wp\/v2\/product\/7357","targetHints":{"allow":["GET"]}}],"collection":[{"href":"https:\/\/www.hml-fetish.de\/shop\/wp-json\/wp\/v2\/product"}],"about":[{"href":"https:\/\/www.hml-fetish.de\/shop\/wp-json\/wp\/v2\/types\/product"}],"replies":[{"embeddable":true,"href":"https:\/\/www.hml-fetish.de\/shop\/wp-json\/wp\/v2\/comments?post=7357"}],"version-history":[{"count":1,"href":"https:\/\/www.hml-fetish.de\/shop\/wp-json\/wp\/v2\/product\/7357\/revisions"}],"predecessor-version":[{"id":39757,"href":"https:\/\/www.hml-fetish.de\/shop\/wp-json\/wp\/v2\/product\/7357\/revisions\/39757"}],"wp:featuredmedia":[{"embeddable":true,"href":"https:\/\/www.hml-fetish.de\/shop\/wp-json\/wp\/v2\/media\/8213"}],"wp:attachment":[{"href":"https:\/\/www.hml-fetish.de\/shop\/wp-json\/wp\/v2\/media?parent=7357"}],"wp:term":[{"taxonomy":"product_brand","embeddable":true,"href":"https:\/\/www.hml-fetish.de\/shop\/wp-json\/wp\/v2\/product_brand?post=7357"},{"taxonomy":"product_cat","embeddable":true,"href":"https:\/\/www.hml-fetish.de\/shop\/wp-json\/wp\/v2\/product_cat?post=7357"},{"taxonomy":"product_tag","embeddable":true,"href":"https:\/\/www.hml-fetish.de\/shop\/wp-json\/wp\/v2\/product_tag?post=7357"}],"curies":[{"name":"wp","href":"https:\/\/api.w.org\/{rel}","templated":true}]}}