{"id":7356,"date":"2022-01-23T22:57:24","date_gmt":"2022-01-23T21:57:24","guid":{"rendered":"https:\/\/www.hml-fetish.de\/shop\/?post_type=product&#038;p=7356"},"modified":"2025-01-25T16:58:01","modified_gmt":"2025-01-25T15:58:01","slug":"police-hemd-langarm","status":"publish","type":"product","link":"https:\/\/www.hml-fetish.de\/shop\/police-hemd-langarm\/","title":{"rendered":"Police-Hemd langarm"},"content":{"rendered":"<p>Ein echtes US Polizeihemd in original US Polizeiausr\u00fcster-Qualit\u00e4t. 100 % Polyester, darum unempfindlich gegen Schmutz, besonders schnell trocknend und atmungsaktiv.<\/p>\n<p>Mit allen Details, wie z.B. den typischen geschwungenen Taschenklappen und den abgen\u00e4hten B\u00fcgelfalten. Erh\u00e4ltlich als kurz\u00e4rmeliges und als lang\u00e4rmeliges Hemd. Das Langarm-Hemd hat Manschetten mit drei Kn\u00f6pfen. Preis ohne Dekoration.<\/p>\n<p><img decoding=\"async\" title=\"Gr\u00f6\u00dfentabelle\" src=\"\/GIF\/size_unisex_up.gif\" alt=\"Gr\u00f6\u00dfentabelle\" width=\"114\" height=\"194\" border=\"0\" \/><\/p>\n","protected":false},"excerpt":{"rendered":"<h4>Police-Hemd langarm<\/h4>\n<p>Ein echtes US Polizeihemd in original US Polizeiausr\u00fcster-Qualit\u00e4t. 100 % Polyester, darum unempfindlich gegen Schmutz, besonders schnell trocknend und atmungsaktiv.<\/p>\n","protected":false},"featured_media":8283,"comment_status":"open","ping_status":"closed","template":"","meta":[],"product_brand":[],"product_cat":[147,105],"product_tag":[],"class_list":{"0":"post-7356","1":"product","2":"type-product","3":"status-publish","4":"has-post-thumbnail","6":"product_cat-bekleidung","7":"product_cat-sonderangebote","8":"product_shipping_class-paket","10":"first","11":"instock","12":"sale","13":"taxable","14":"shipping-taxable","15":"purchasable","16":"product-type-variable"},"_links":{"self":[{"href":"https:\/\/www.hml-fetish.de\/shop\/wp-json\/wp\/v2\/product\/7356","targetHints":{"allow":["GET"]}}],"collection":[{"href":"https:\/\/www.hml-fetish.de\/shop\/wp-json\/wp\/v2\/product"}],"about":[{"href":"https:\/\/www.hml-fetish.de\/shop\/wp-json\/wp\/v2\/types\/product"}],"replies":[{"embeddable":true,"href":"https:\/\/www.hml-fetish.de\/shop\/wp-json\/wp\/v2\/comments?post=7356"}],"version-history":[{"count":0,"href":"https:\/\/www.hml-fetish.de\/shop\/wp-json\/wp\/v2\/product\/7356\/revisions"}],"wp:featuredmedia":[{"embeddable":true,"href":"https:\/\/www.hml-fetish.de\/shop\/wp-json\/wp\/v2\/media\/8283"}],"wp:attachment":[{"href":"https:\/\/www.hml-fetish.de\/shop\/wp-json\/wp\/v2\/media?parent=7356"}],"wp:term":[{"taxonomy":"product_brand","embeddable":true,"href":"https:\/\/www.hml-fetish.de\/shop\/wp-json\/wp\/v2\/product_brand?post=7356"},{"taxonomy":"product_cat","embeddable":true,"href":"https:\/\/www.hml-fetish.de\/shop\/wp-json\/wp\/v2\/product_cat?post=7356"},{"taxonomy":"product_tag","embeddable":true,"href":"https:\/\/www.hml-fetish.de\/shop\/wp-json\/wp\/v2\/product_tag?post=7356"}],"curies":[{"name":"wp","href":"https:\/\/api.w.org\/{rel}","templated":true}]}}