{"id":7345,"date":"2022-01-23T22:57:21","date_gmt":"2022-01-23T21:57:21","guid":{"rendered":"https:\/\/www.hml-fetish.de\/shop\/?post_type=product&#038;p=7345"},"modified":"2025-09-03T11:43:35","modified_gmt":"2025-09-03T09:43:35","slug":"bdu-style-hose","status":"publish","type":"product","link":"https:\/\/www.hml-fetish.de\/shop\/bdu-style-hose\/","title":{"rendered":"BDU-Style Hose"},"content":{"rendered":"<p>Die extrem beliebte US-Feldhose mit der muskul\u00f6sen Optik. Locker an den Beinen und sehr knackig am Arsch, betont durch eine extra aufgen\u00e4hte Verst\u00e4rkung. Hosenstall mit verdeckter Knopfleiste oder Rei\u00dfverschlu\u00df. Zwei riesige Cargotaschen an den Oberschenkeln. Zwei Klappentaschen hinten. Verst\u00e4rkte Knie mit Dehnfalten. Beinabschl\u00fcsse mit Zugb\u00e4ndern.<\/p>\n<p>Wir bieten hier eine g\u00fcnstige und robuste Nachbildung aus 65 % Polyester und 35 % Baumwolle. Hergestellt nach dem gleichen Schnitt wie das Original zur Battle Dress Uniform.<\/p>\n<p><img decoding=\"async\" title=\"gr\u00f6\u00dfentabelle\" src=\"\/template\/size_UH22.gif\" alt=\"gr\u00f6\u00dfentabelle\" width=\"95\" height=\"145\" border=\"0\" \/><\/p>\n","protected":false},"excerpt":{"rendered":"<h4>BDU-Style Hose<\/h4>\n<p>Die extrem beliebte US-Feldhose mit der muskul\u00f6sen Optik. Locker an den Beinen und sehr knackig am Arsch, betont durch eine extra aufgen\u00e4hte Verst\u00e4rkung. Hosenstall mit verdeckter Knopfleiste oder Rei\u00dfverschlu\u00df. Zwei riesige Cargotaschen an den Oberschenkeln. Zwei Klappentaschen hinten. Verst\u00e4rkte Knie mit Dehnfalten. Beinabschl\u00fcsse mit Zugb\u00e4ndern.<\/p>\n","protected":false},"featured_media":8550,"comment_status":"open","ping_status":"closed","template":"","meta":[],"product_brand":[],"product_cat":[170,108],"product_tag":[],"class_list":{"0":"post-7345","1":"product","2":"type-product","3":"status-publish","4":"has-post-thumbnail","6":"product_cat-army-kleidung","7":"product_cat-restposten-einzelstuecke","8":"product_shipping_class-paket","10":"first","11":"instock","12":"sale","13":"taxable","14":"shipping-taxable","15":"purchasable","16":"product-type-variable"},"_links":{"self":[{"href":"https:\/\/www.hml-fetish.de\/shop\/wp-json\/wp\/v2\/product\/7345","targetHints":{"allow":["GET"]}}],"collection":[{"href":"https:\/\/www.hml-fetish.de\/shop\/wp-json\/wp\/v2\/product"}],"about":[{"href":"https:\/\/www.hml-fetish.de\/shop\/wp-json\/wp\/v2\/types\/product"}],"replies":[{"embeddable":true,"href":"https:\/\/www.hml-fetish.de\/shop\/wp-json\/wp\/v2\/comments?post=7345"}],"version-history":[{"count":0,"href":"https:\/\/www.hml-fetish.de\/shop\/wp-json\/wp\/v2\/product\/7345\/revisions"}],"wp:featuredmedia":[{"embeddable":true,"href":"https:\/\/www.hml-fetish.de\/shop\/wp-json\/wp\/v2\/media\/8550"}],"wp:attachment":[{"href":"https:\/\/www.hml-fetish.de\/shop\/wp-json\/wp\/v2\/media?parent=7345"}],"wp:term":[{"taxonomy":"product_brand","embeddable":true,"href":"https:\/\/www.hml-fetish.de\/shop\/wp-json\/wp\/v2\/product_brand?post=7345"},{"taxonomy":"product_cat","embeddable":true,"href":"https:\/\/www.hml-fetish.de\/shop\/wp-json\/wp\/v2\/product_cat?post=7345"},{"taxonomy":"product_tag","embeddable":true,"href":"https:\/\/www.hml-fetish.de\/shop\/wp-json\/wp\/v2\/product_tag?post=7345"}],"curies":[{"name":"wp","href":"https:\/\/api.w.org\/{rel}","templated":true}]}}