{"id":7342,"date":"2022-01-23T22:57:20","date_gmt":"2022-01-23T21:57:20","guid":{"rendered":"https:\/\/www.hml-fetish.de\/shop\/?post_type=product&#038;p=7342"},"modified":"2024-05-17T09:14:25","modified_gmt":"2024-05-17T07:14:25","slug":"army-short-woodland","status":"publish","type":"product","link":"https:\/\/www.hml-fetish.de\/shop\/army-short-woodland\/","title":{"rendered":"Army-Short woodland"},"content":{"rendered":"<p>Eine kurze Cargo Hose ganz im Stil der US Army BDU-Hose. Mit den zwei typischen, riesigen Taschen am Bein und zwei Ges\u00e4\u00dftaschen. Ohne Ges\u00e4\u00df- und Knieverst\u00e4rkung. Aus der sehr pflegeleichten Gewebe-Mischung von 65% Polyester und 35% Baumwolle.<\/p>\n<p>Lieferbar in den Gr\u00f6\u00dfen XS bis XXL, in Schwarz und in Woodland Tarnfarben.<\/p>\n<p><img decoding=\"async\" title=\"gr\u00f6\u00dfentabelle\" src=\"\/template\/size_UH22.gif\" alt=\"gr\u00f6\u00dfentabelle\" width=\"95\" height=\"145\" border=\"0\" \/><\/p>\n","protected":false},"excerpt":{"rendered":"<h4>Army-Short woodland<\/h4>\n<p>Eine kurze Cargo Hose ganz im Stil der US Army BDU-Hose. Mit den zwei typischen, riesigen Taschen am Bein und zwei Ges\u00e4\u00dftaschen. Ohne Ges\u00e4\u00df- und Knieverst\u00e4rkung. Aus der sehr pflegeleichten Gewebe-Mischung von 65% Polyester und 35% Baumwolle.<\/p>\n","protected":false},"featured_media":8717,"comment_status":"open","ping_status":"closed","template":"","meta":[],"product_brand":[],"product_cat":[170,108],"product_tag":[],"class_list":{"0":"post-7342","1":"product","2":"type-product","3":"status-publish","4":"has-post-thumbnail","6":"product_cat-army-kleidung","7":"product_cat-restposten-einzelstuecke","8":"product_shipping_class-paket","10":"first","11":"instock","12":"sale","13":"taxable","14":"shipping-taxable","15":"purchasable","16":"product-type-variable"},"_links":{"self":[{"href":"https:\/\/www.hml-fetish.de\/shop\/wp-json\/wp\/v2\/product\/7342","targetHints":{"allow":["GET"]}}],"collection":[{"href":"https:\/\/www.hml-fetish.de\/shop\/wp-json\/wp\/v2\/product"}],"about":[{"href":"https:\/\/www.hml-fetish.de\/shop\/wp-json\/wp\/v2\/types\/product"}],"replies":[{"embeddable":true,"href":"https:\/\/www.hml-fetish.de\/shop\/wp-json\/wp\/v2\/comments?post=7342"}],"version-history":[{"count":0,"href":"https:\/\/www.hml-fetish.de\/shop\/wp-json\/wp\/v2\/product\/7342\/revisions"}],"wp:featuredmedia":[{"embeddable":true,"href":"https:\/\/www.hml-fetish.de\/shop\/wp-json\/wp\/v2\/media\/8717"}],"wp:attachment":[{"href":"https:\/\/www.hml-fetish.de\/shop\/wp-json\/wp\/v2\/media?parent=7342"}],"wp:term":[{"taxonomy":"product_brand","embeddable":true,"href":"https:\/\/www.hml-fetish.de\/shop\/wp-json\/wp\/v2\/product_brand?post=7342"},{"taxonomy":"product_cat","embeddable":true,"href":"https:\/\/www.hml-fetish.de\/shop\/wp-json\/wp\/v2\/product_cat?post=7342"},{"taxonomy":"product_tag","embeddable":true,"href":"https:\/\/www.hml-fetish.de\/shop\/wp-json\/wp\/v2\/product_tag?post=7342"}],"curies":[{"name":"wp","href":"https:\/\/api.w.org\/{rel}","templated":true}]}}