{"id":7331,"date":"2022-01-23T22:56:57","date_gmt":"2022-01-23T21:56:57","guid":{"rendered":"https:\/\/www.hml-fetish.de\/shop\/?post_type=product&#038;p=7331"},"modified":"2026-01-23T05:40:45","modified_gmt":"2026-01-23T04:40:45","slug":"garrison-guertel","status":"publish","type":"product","link":"https:\/\/www.hml-fetish.de\/shop\/garrison-guertel\/","title":{"rendered":"Garrison G\u00fcrtel"},"content":{"rendered":"<p>Der Hoseng\u00fcrtel f\u00fcr die Police-Uniform. Etwa 43 mm breit und wahlweise mit einer glatten oder einer gepr\u00e4gten Oberfl\u00e4che. Massive, austauschbare Doppelschnalle, vernickelt. In den geraden Inch-Gr\u00f6\u00dfen von 28&#8243; bis 46&#8243; (1&#8243; = 2,54 cm). Restposten. Verkauf, so lange der Vorrat reicht.<\/p>\n","protected":false},"excerpt":{"rendered":"<h4>Garrison G\u00fcrtel<\/h4>\n<p>Der Hoseng\u00fcrtel f\u00fcr die Police-Uniform. Etwa 43 mm breit und wahlweise mit einer glatten oder einer gepr\u00e4gten Oberfl\u00e4che. Massive, austauschbare Doppelschnalle, vernickelt. In den geraden Inch-Gr\u00f6\u00dfen von 28&#8243; bis 46&#8243; (1&#8243; = 2,54 cm). Restposten. Verkauf, so lange der Vorrat reicht.<\/p>\n","protected":false},"featured_media":8949,"comment_status":"open","ping_status":"closed","template":"","meta":[],"product_brand":[],"product_cat":[155,148,108],"product_tag":[],"class_list":{"0":"post-7331","1":"product","2":"type-product","3":"status-publish","4":"has-post-thumbnail","6":"product_cat-guertel-gurte-2","7":"product_cat-guertel-gurte","8":"product_cat-restposten-einzelstuecke","9":"product_shipping_class-paket","11":"first","12":"instock","13":"taxable","14":"shipping-taxable","15":"purchasable","16":"product-type-variable"},"_links":{"self":[{"href":"https:\/\/www.hml-fetish.de\/shop\/wp-json\/wp\/v2\/product\/7331","targetHints":{"allow":["GET"]}}],"collection":[{"href":"https:\/\/www.hml-fetish.de\/shop\/wp-json\/wp\/v2\/product"}],"about":[{"href":"https:\/\/www.hml-fetish.de\/shop\/wp-json\/wp\/v2\/types\/product"}],"replies":[{"embeddable":true,"href":"https:\/\/www.hml-fetish.de\/shop\/wp-json\/wp\/v2\/comments?post=7331"}],"version-history":[{"count":0,"href":"https:\/\/www.hml-fetish.de\/shop\/wp-json\/wp\/v2\/product\/7331\/revisions"}],"wp:featuredmedia":[{"embeddable":true,"href":"https:\/\/www.hml-fetish.de\/shop\/wp-json\/wp\/v2\/media\/8949"}],"wp:attachment":[{"href":"https:\/\/www.hml-fetish.de\/shop\/wp-json\/wp\/v2\/media?parent=7331"}],"wp:term":[{"taxonomy":"product_brand","embeddable":true,"href":"https:\/\/www.hml-fetish.de\/shop\/wp-json\/wp\/v2\/product_brand?post=7331"},{"taxonomy":"product_cat","embeddable":true,"href":"https:\/\/www.hml-fetish.de\/shop\/wp-json\/wp\/v2\/product_cat?post=7331"},{"taxonomy":"product_tag","embeddable":true,"href":"https:\/\/www.hml-fetish.de\/shop\/wp-json\/wp\/v2\/product_tag?post=7331"}],"curies":[{"name":"wp","href":"https:\/\/api.w.org\/{rel}","templated":true}]}}