{"id":7329,"date":"2022-01-23T22:56:56","date_gmt":"2022-01-23T21:56:56","guid":{"rendered":"https:\/\/www.hml-fetish.de\/shop\/?post_type=product&#038;p=7329"},"modified":"2026-01-23T05:40:40","modified_gmt":"2026-01-23T04:40:40","slug":"taschenlampen-halter-glatt","status":"publish","type":"product","link":"https:\/\/www.hml-fetish.de\/shop\/taschenlampen-halter-glatt\/","title":{"rendered":"Taschenlampen-Halter glatt"},"content":{"rendered":"<p>Eine G\u00fcrtelschlaufe f\u00fcr die Taschen-Lampe. Schwarzes Blankleder. Der Plastik-Ring sch\u00fctzt vor Kratzern und fa\u00dft Stabhandleuchten mit etwa 45 mm Durchmesser. Also die \u00fcblichen MagLites und verwandte Modelle.<\/p>\n","protected":false},"excerpt":{"rendered":"<h4>Taschenlampen-Halter glatt<\/h4>\n<p>Eine G\u00fcrtelschlaufe f\u00fcr die Taschen-Lampe. Schwarzes Blankleder. Der Plastik-Ring sch\u00fctzt vor Kratzern und fa\u00dft Stabhandleuchten mit etwa 45 mm Durchmesser. Also die \u00fcblichen MagLites und verwandte Modelle.<\/p>\n","protected":false},"featured_media":9006,"comment_status":"open","ping_status":"closed","template":"","meta":[],"product_brand":[],"product_cat":[146,108],"product_tag":[],"class_list":{"0":"post-7329","1":"product","2":"type-product","3":"status-publish","4":"has-post-thumbnail","6":"product_cat-accessoires","7":"product_cat-restposten-einzelstuecke","8":"product_shipping_class-brief","10":"first","11":"instock","12":"taxable","13":"shipping-taxable","14":"purchasable","15":"product-type-simple"},"_links":{"self":[{"href":"https:\/\/www.hml-fetish.de\/shop\/wp-json\/wp\/v2\/product\/7329","targetHints":{"allow":["GET"]}}],"collection":[{"href":"https:\/\/www.hml-fetish.de\/shop\/wp-json\/wp\/v2\/product"}],"about":[{"href":"https:\/\/www.hml-fetish.de\/shop\/wp-json\/wp\/v2\/types\/product"}],"replies":[{"embeddable":true,"href":"https:\/\/www.hml-fetish.de\/shop\/wp-json\/wp\/v2\/comments?post=7329"}],"version-history":[{"count":0,"href":"https:\/\/www.hml-fetish.de\/shop\/wp-json\/wp\/v2\/product\/7329\/revisions"}],"wp:featuredmedia":[{"embeddable":true,"href":"https:\/\/www.hml-fetish.de\/shop\/wp-json\/wp\/v2\/media\/9006"}],"wp:attachment":[{"href":"https:\/\/www.hml-fetish.de\/shop\/wp-json\/wp\/v2\/media?parent=7329"}],"wp:term":[{"taxonomy":"product_brand","embeddable":true,"href":"https:\/\/www.hml-fetish.de\/shop\/wp-json\/wp\/v2\/product_brand?post=7329"},{"taxonomy":"product_cat","embeddable":true,"href":"https:\/\/www.hml-fetish.de\/shop\/wp-json\/wp\/v2\/product_cat?post=7329"},{"taxonomy":"product_tag","embeddable":true,"href":"https:\/\/www.hml-fetish.de\/shop\/wp-json\/wp\/v2\/product_tag?post=7329"}],"curies":[{"name":"wp","href":"https:\/\/api.w.org\/{rel}","templated":true}]}}