{"id":7325,"date":"2022-01-23T22:56:55","date_gmt":"2022-01-23T21:56:55","guid":{"rendered":"https:\/\/www.hml-fetish.de\/shop\/?post_type=product&#038;p=7325"},"modified":"2024-11-05T14:07:28","modified_gmt":"2024-11-05T13:07:28","slug":"sam-browne-guertel","status":"publish","type":"product","link":"https:\/\/www.hml-fetish.de\/shop\/sam-browne-guertel\/","title":{"rendered":"Sam-Browne-G\u00fcrtel"},"content":{"rendered":"<p>Der US Police Ausr\u00fcstungsg\u00fcrtel aus extra dickem Blankleder und mit punziertem Korbgeflecht-Muster oder alternativ in glatt. Etwa 57 mm breit. Die Schnalle gibt es wahlweise in Messing oder in Messing vernickelt.<br \/>\nErh\u00e4ltlich in den geraden Inch-Gr\u00f6\u00dfen von 28&#8243; bis 42&#8243; (1&#8243; = 2,54 cm) und 44&#8243; bis 50&#8243; f\u00fcr 10,00 \u20ac zus\u00e4tzlich.<br \/>\nSolltest Du den Sam-Browne-G\u00fcrtel f\u00fcr Deine Jacke ben\u00f6tigen, mu\u00dft Du ihn zwei Nummern gr\u00f6\u00dfer bestellen. Tr\u00e4gst Du ihn normal \u00fcber dem eigentlichen Hoseng\u00fcrtel, reicht es, ihn eine Nummer gr\u00f6\u00dfer als einen Hoseng\u00fcrtel zu bestellen.<\/p>\n","protected":false},"excerpt":{"rendered":"<h4>Sam-Browne-G\u00fcrtel<\/h4>\n<p>Der US Police Ausr\u00fcstungsg\u00fcrtel aus extra dickem Blankleder und mit punziertem Korbgeflecht-Muster oder alternativ in glatt. Etwa 57 mm breit. Die Schnalle gibt es wahlweise in Messing oder in Messing vernickelt.<\/p>\n","protected":false},"featured_media":8952,"comment_status":"open","ping_status":"closed","template":"","meta":[],"product_brand":[],"product_cat":[155,148,108],"product_tag":[],"class_list":{"0":"post-7325","1":"product","2":"type-product","3":"status-publish","4":"has-post-thumbnail","6":"product_cat-guertel-gurte-2","7":"product_cat-guertel-gurte","8":"product_cat-restposten-einzelstuecke","9":"product_shipping_class-paket","11":"first","12":"instock","13":"taxable","14":"shipping-taxable","15":"purchasable","16":"product-type-variable"},"_links":{"self":[{"href":"https:\/\/www.hml-fetish.de\/shop\/wp-json\/wp\/v2\/product\/7325","targetHints":{"allow":["GET"]}}],"collection":[{"href":"https:\/\/www.hml-fetish.de\/shop\/wp-json\/wp\/v2\/product"}],"about":[{"href":"https:\/\/www.hml-fetish.de\/shop\/wp-json\/wp\/v2\/types\/product"}],"replies":[{"embeddable":true,"href":"https:\/\/www.hml-fetish.de\/shop\/wp-json\/wp\/v2\/comments?post=7325"}],"version-history":[{"count":0,"href":"https:\/\/www.hml-fetish.de\/shop\/wp-json\/wp\/v2\/product\/7325\/revisions"}],"wp:featuredmedia":[{"embeddable":true,"href":"https:\/\/www.hml-fetish.de\/shop\/wp-json\/wp\/v2\/media\/8952"}],"wp:attachment":[{"href":"https:\/\/www.hml-fetish.de\/shop\/wp-json\/wp\/v2\/media?parent=7325"}],"wp:term":[{"taxonomy":"product_brand","embeddable":true,"href":"https:\/\/www.hml-fetish.de\/shop\/wp-json\/wp\/v2\/product_brand?post=7325"},{"taxonomy":"product_cat","embeddable":true,"href":"https:\/\/www.hml-fetish.de\/shop\/wp-json\/wp\/v2\/product_cat?post=7325"},{"taxonomy":"product_tag","embeddable":true,"href":"https:\/\/www.hml-fetish.de\/shop\/wp-json\/wp\/v2\/product_tag?post=7325"}],"curies":[{"name":"wp","href":"https:\/\/api.w.org\/{rel}","templated":true}]}}