{"id":7322,"date":"2022-01-23T22:56:54","date_gmt":"2022-01-23T21:56:54","guid":{"rendered":"https:\/\/www.hml-fetish.de\/shop\/?post_type=product&#038;p=7322"},"modified":"2022-02-06T13:58:25","modified_gmt":"2022-02-06T12:58:25","slug":"hml-koppel","status":"publish","type":"product","link":"https:\/\/www.hml-fetish.de\/shop\/hml-koppel\/","title":{"rendered":"HML-Koppel"},"content":{"rendered":"<p>35 mm breit und aus dick geschnittenem, schwarz lackiertem Blank-Leder. Silber\u00adfarbenes Koppel-Schlo\u00df mit ein\u00adgraviertem HML Fetish Logo. Diesen stabilen Hosen-G\u00fcrtel bekommst Du in einer Universal\u00adgr\u00f6\u00dfe von maximal 120 cm L\u00e4nge.<\/p>\n","protected":false},"excerpt":{"rendered":"<h4>HML-Koppel<\/h4>\n<p>35 mm breit und aus dick geschnittenem, schwarz lackiertem Blank-Leder. Silber\u00adfarbenes Koppel-Schlo\u00df mit ein\u00adgraviertem HML Fetish Logo. Diesen stabilen Hosen-G\u00fcrtel bekommst Du in einer Universal\u00adgr\u00f6\u00dfe von maximal 120 cm L\u00e4nge.<\/p>\n","protected":false},"featured_media":9210,"comment_status":"open","ping_status":"closed","template":"","meta":[],"product_brand":[],"product_cat":[155,170,108],"product_tag":[],"class_list":{"0":"post-7322","1":"product","2":"type-product","3":"status-publish","4":"has-post-thumbnail","6":"product_cat-guertel-gurte-2","7":"product_cat-army-kleidung","8":"product_cat-restposten-einzelstuecke","9":"product_shipping_class-paket","11":"first","12":"instock","13":"taxable","14":"shipping-taxable","15":"purchasable","16":"product-type-simple"},"_links":{"self":[{"href":"https:\/\/www.hml-fetish.de\/shop\/wp-json\/wp\/v2\/product\/7322","targetHints":{"allow":["GET"]}}],"collection":[{"href":"https:\/\/www.hml-fetish.de\/shop\/wp-json\/wp\/v2\/product"}],"about":[{"href":"https:\/\/www.hml-fetish.de\/shop\/wp-json\/wp\/v2\/types\/product"}],"replies":[{"embeddable":true,"href":"https:\/\/www.hml-fetish.de\/shop\/wp-json\/wp\/v2\/comments?post=7322"}],"version-history":[{"count":0,"href":"https:\/\/www.hml-fetish.de\/shop\/wp-json\/wp\/v2\/product\/7322\/revisions"}],"wp:featuredmedia":[{"embeddable":true,"href":"https:\/\/www.hml-fetish.de\/shop\/wp-json\/wp\/v2\/media\/9210"}],"wp:attachment":[{"href":"https:\/\/www.hml-fetish.de\/shop\/wp-json\/wp\/v2\/media?parent=7322"}],"wp:term":[{"taxonomy":"product_brand","embeddable":true,"href":"https:\/\/www.hml-fetish.de\/shop\/wp-json\/wp\/v2\/product_brand?post=7322"},{"taxonomy":"product_cat","embeddable":true,"href":"https:\/\/www.hml-fetish.de\/shop\/wp-json\/wp\/v2\/product_cat?post=7322"},{"taxonomy":"product_tag","embeddable":true,"href":"https:\/\/www.hml-fetish.de\/shop\/wp-json\/wp\/v2\/product_tag?post=7322"}],"curies":[{"name":"wp","href":"https:\/\/api.w.org\/{rel}","templated":true}]}}