{"id":7318,"date":"2022-01-23T22:56:53","date_gmt":"2022-01-23T21:56:53","guid":{"rendered":"https:\/\/www.hml-fetish.de\/shop\/?post_type=product&#038;p=7318"},"modified":"2025-10-22T13:34:36","modified_gmt":"2025-10-22T11:34:36","slug":"armband-boerse-mit-farbigem-streifen","status":"publish","type":"product","link":"https:\/\/www.hml-fetish.de\/shop\/armband-boerse-mit-farbigem-streifen\/","title":{"rendered":"Armband-B\u00f6rse mit farbigem Streifen"},"content":{"rendered":"<p>Ein sehr formtreues, stabiles Lederarmband nutzbar als versteckte B\u00f6rse, weil sich innen ein Rei\u00dfverschlu\u00df-Fach befindet: geeignet f\u00fcr Kleingeld, Kondome und \u00e4hnliches. (Was man eben beim Cruisen so braucht). Etwa 60 mm breit, aus unserer eigenen Produktion und mit einem eingearbeitetem Streifen farbigen Leders in sechs verschiedenen Farben: Schwarz, wei\u00df, rot, gelb, blau und grau. Rost- und nickelfreie, nicht allergene Metallteile.<\/p>\n<p>Deine Gr\u00f6\u00dfe oder Farbe befindet sich nicht in der Liste? Frag uns!<br \/>\n<img decoding=\"async\" title=\"Gr\u00f6\u00dfentabelle\" src=\"\/GIF\/size_UA.gif\" alt=\"Gr\u00f6\u00dfentabelle\" width=\"122\" height=\"189\" border=\"0\" \/><br \/>\n<P><B>Produktsicherheit:<\/B><BR><br \/>\nAllergiehinweis: Material Rindleder, Metallteile mit Hautkontakt sind rost- und nickelfrei<BR><br \/>\nVerantwortliche Person<BR><br \/>\nHML, Inhaber Dr. Detlef Moller<BR><br \/>\nNeukirchstra\u00dfe 18<BR><br \/>\n28215 Bremen<BR><br \/>\nDeutschland<BR><br \/>\ninfo@hml-fetish.de<\/P><\/p>\n","protected":false},"excerpt":{"rendered":"<h4>Armband-B\u00f6rse mit farbigem Streifen<\/h4>\n<p>Ein sehr formtreues, stabiles Leder-Armband nutzbar als versteckte B\u00f6rse, weil innen ein Rei\u00dfverschlu\u00df-Fach eingen\u00e4ht ist: geeignet f\u00fcr Kleingeld, Kondome und \u00e4hnliches. (Was man eben beim Cruisen so braucht). Etwa 60 mm breit, aus unserer eigenen Produktion und mit einem eingearbeitetem Streifen farbigen Leders.<\/p>\n","protected":false},"featured_media":9239,"comment_status":"open","ping_status":"closed","template":"","meta":[],"product_brand":[],"product_cat":[152,95,125],"product_tag":[4392,4398],"class_list":{"0":"post-7318","1":"product","2":"type-product","3":"status-publish","4":"has-post-thumbnail","6":"product_cat-armbaender","7":"product_cat-bestseller","8":"product_cat-gay-pride","9":"product_tag-bestseller-zubehoer","10":"product_tag-hml-fetish-original","11":"product_shipping_class-brief","13":"first","14":"instock","15":"taxable","16":"shipping-taxable","17":"purchasable","18":"product-type-variable"},"_links":{"self":[{"href":"https:\/\/www.hml-fetish.de\/shop\/wp-json\/wp\/v2\/product\/7318","targetHints":{"allow":["GET"]}}],"collection":[{"href":"https:\/\/www.hml-fetish.de\/shop\/wp-json\/wp\/v2\/product"}],"about":[{"href":"https:\/\/www.hml-fetish.de\/shop\/wp-json\/wp\/v2\/types\/product"}],"replies":[{"embeddable":true,"href":"https:\/\/www.hml-fetish.de\/shop\/wp-json\/wp\/v2\/comments?post=7318"}],"version-history":[{"count":0,"href":"https:\/\/www.hml-fetish.de\/shop\/wp-json\/wp\/v2\/product\/7318\/revisions"}],"wp:featuredmedia":[{"embeddable":true,"href":"https:\/\/www.hml-fetish.de\/shop\/wp-json\/wp\/v2\/media\/9239"}],"wp:attachment":[{"href":"https:\/\/www.hml-fetish.de\/shop\/wp-json\/wp\/v2\/media?parent=7318"}],"wp:term":[{"taxonomy":"product_brand","embeddable":true,"href":"https:\/\/www.hml-fetish.de\/shop\/wp-json\/wp\/v2\/product_brand?post=7318"},{"taxonomy":"product_cat","embeddable":true,"href":"https:\/\/www.hml-fetish.de\/shop\/wp-json\/wp\/v2\/product_cat?post=7318"},{"taxonomy":"product_tag","embeddable":true,"href":"https:\/\/www.hml-fetish.de\/shop\/wp-json\/wp\/v2\/product_tag?post=7318"}],"curies":[{"name":"wp","href":"https:\/\/api.w.org\/{rel}","templated":true}]}}