{"id":7311,"date":"2022-01-23T22:56:51","date_gmt":"2022-01-23T21:56:51","guid":{"rendered":"https:\/\/www.hml-fetish.de\/shop\/?post_type=product&#038;p=7311"},"modified":"2025-01-17T15:10:12","modified_gmt":"2025-01-17T14:10:12","slug":"armband-boerse-8-cm-breit","status":"publish","type":"product","link":"https:\/\/www.hml-fetish.de\/shop\/armband-boerse-8-cm-breit\/","title":{"rendered":"Armband-B\u00f6rse 8 cm breit"},"content":{"rendered":"<p>Ein sehr stabiles Leder-Armband aus unserer eigenen Produktion. Etwa 8 cm breit und 3 mm dick. Innen mit einem Rei\u00dfverschlu\u00dffach. Glattes schwarzes Rind-Oberleder. Mit nickelfreien Druckkn\u00f6pfen und in den Gr\u00f6\u00dfen von XS bis 4XL.<\/p>\n<p><img decoding=\"async\" title=\"Gr\u00f6\u00dfentabelle\" src=\"\/GIF\/size_UA.gif\" alt=\"Gr\u00f6\u00dfentabelle\" width=\"122\" height=\"189\" border=\"0\" \/><br \/>\n<P><B>Produktsicherheit:<\/B><BR><br \/>\nAllergiehinweis: Material Rindleder, Metallteile mit Hautkontakt sind rost- und nickelfrei<BR><br \/>\nVerantwortliche Person<BR><br \/>\nHML, Inhaber Dr. Detlef Moller<BR><br \/>\nNeukirchstra\u00dfe 18<BR><br \/>\n28215 Bremen<BR><br \/>\nDeutschland<BR><br \/>\ninfo@hml-fetish.de<\/P><\/p>\n","protected":false},"excerpt":{"rendered":"<h4>Armband-B\u00f6rse 8 cm breit<\/h4>\n<p>Ein sehr stabiles Leder-Armband aus unserer eigenen Produktion. Etwa 8 cm breit und 3 mm dick. Innen mit einem Rei\u00dfverschlu\u00dffach. Glattes schwarzes Rind-Oberleder. Mit nickelfreien Druckkn\u00f6pfen und in den Gr\u00f6\u00dfen von XS bis 4XL.<\/p>\n","protected":false},"featured_media":9379,"comment_status":"open","ping_status":"closed","template":"","meta":[],"product_brand":[],"product_cat":[152,151,95,106],"product_tag":[4398],"class_list":{"0":"post-7311","1":"product","2":"type-product","3":"status-publish","4":"has-post-thumbnail","6":"product_cat-armbaender","7":"product_cat-accessoires-2","8":"product_cat-bestseller","9":"product_cat-neu-bei-hml","10":"product_tag-hml-fetish-original","11":"product_shipping_class-brief","13":"first","14":"instock","15":"taxable","16":"shipping-taxable","17":"purchasable","18":"product-type-variable"},"_links":{"self":[{"href":"https:\/\/www.hml-fetish.de\/shop\/wp-json\/wp\/v2\/product\/7311","targetHints":{"allow":["GET"]}}],"collection":[{"href":"https:\/\/www.hml-fetish.de\/shop\/wp-json\/wp\/v2\/product"}],"about":[{"href":"https:\/\/www.hml-fetish.de\/shop\/wp-json\/wp\/v2\/types\/product"}],"replies":[{"embeddable":true,"href":"https:\/\/www.hml-fetish.de\/shop\/wp-json\/wp\/v2\/comments?post=7311"}],"version-history":[{"count":0,"href":"https:\/\/www.hml-fetish.de\/shop\/wp-json\/wp\/v2\/product\/7311\/revisions"}],"wp:featuredmedia":[{"embeddable":true,"href":"https:\/\/www.hml-fetish.de\/shop\/wp-json\/wp\/v2\/media\/9379"}],"wp:attachment":[{"href":"https:\/\/www.hml-fetish.de\/shop\/wp-json\/wp\/v2\/media?parent=7311"}],"wp:term":[{"taxonomy":"product_brand","embeddable":true,"href":"https:\/\/www.hml-fetish.de\/shop\/wp-json\/wp\/v2\/product_brand?post=7311"},{"taxonomy":"product_cat","embeddable":true,"href":"https:\/\/www.hml-fetish.de\/shop\/wp-json\/wp\/v2\/product_cat?post=7311"},{"taxonomy":"product_tag","embeddable":true,"href":"https:\/\/www.hml-fetish.de\/shop\/wp-json\/wp\/v2\/product_tag?post=7311"}],"curies":[{"name":"wp","href":"https:\/\/api.w.org\/{rel}","templated":true}]}}