{"id":7308,"date":"2022-01-23T22:56:31","date_gmt":"2022-01-23T21:56:31","guid":{"rendered":"https:\/\/www.hml-fetish.de\/shop\/?post_type=product&#038;p=7308"},"modified":"2026-02-10T17:28:37","modified_gmt":"2026-02-10T16:28:37","slug":"5-cm-lederarmband-mit-deutschlandflagge","status":"publish","type":"product","link":"https:\/\/www.hml-fetish.de\/shop\/5-cm-lederarmband-mit-deutschlandflagge\/","title":{"rendered":"5 cm Lederarmband mit Deutschlandflagge"},"content":{"rendered":"<p>Leder-Armband aus drei Lagen Rindleder, etwa 5 cm breit. Mit rost- und nickelfreien Druckkn\u00f6pfen. In den Gr\u00f6\u00dfen XS bis 4XL. Wichtig f\u00fcr die n\u00e4chste Fu\u00dfball-WM: Die Streifenfolge Schwarz-Rot-Gold ist der deutschen Nationalflagge nachempfunden.<\/p>\n<p>Tip: die kleineren Gr\u00f6\u00dfen passen auch um andere K\u00f6rperteile.<\/p>\n<p>Auf Anfrage mit einer Woche Lieferzeit auch in anderen Farben (Beispiel siehe Bilder)! Bitte Mail an <a href=\"mailto:info@hml-fetish.de\">info@hml-fetish.de<\/a>.<\/p>\n<p><img decoding=\"async\" title=\"Gr\u00f6\u00dfentabelle\" src=\"\/GIF\/size_UA.gif\" alt=\"Gr\u00f6\u00dfentabelle\" width=\"122\" height=\"189\" border=\"0\" \/><\/p>\n<p><b>Produktsicherheit:<\/b><br \/>\nAllergiehinweis: Material Rindleder, Metallteile mit Hautkontakt sind rost- und nickelfrei<br \/>\nVerantwortliche Person<br \/>\nHML, Inhaber Dr. Detlef Moller<br \/>\nNeukirchstra\u00dfe 18<br \/>\n28215 Bremen<br \/>\nDeutschland<br \/>\ninfo@hml-fetish.de<\/p>\n","protected":false},"excerpt":{"rendered":"<h4>5 cm Lederarmband mit Deutschlandflagge<\/h4>\n<p>Leder-Armband aus drei Lagen Rindleder, etwa 5 cm breit. Mit rost- und nickelfreien Druckkn\u00f6pfen. In den Gr\u00f6\u00dfen XS bis 4XL. Wichtig f\u00fcr die n\u00e4chste Fu\u00dfball-WM: Die Streifenfolge Schwarz-Rot-Gold ist der deutschen Nationalflagge nachempfunden.<\/p>\n","protected":false},"featured_media":37573,"comment_status":"open","ping_status":"closed","template":"","meta":[],"product_brand":[],"product_cat":[152,169,125],"product_tag":[4398],"class_list":{"0":"post-7308","1":"product","2":"type-product","3":"status-publish","4":"has-post-thumbnail","6":"product_cat-armbaender","7":"product_cat-army-accessoires","8":"product_cat-gay-pride","9":"product_tag-hml-fetish-original","10":"product_shipping_class-brief","12":"first","13":"instock","14":"taxable","15":"shipping-taxable","16":"purchasable","17":"product-type-variable"},"_links":{"self":[{"href":"https:\/\/www.hml-fetish.de\/shop\/wp-json\/wp\/v2\/product\/7308","targetHints":{"allow":["GET"]}}],"collection":[{"href":"https:\/\/www.hml-fetish.de\/shop\/wp-json\/wp\/v2\/product"}],"about":[{"href":"https:\/\/www.hml-fetish.de\/shop\/wp-json\/wp\/v2\/types\/product"}],"replies":[{"embeddable":true,"href":"https:\/\/www.hml-fetish.de\/shop\/wp-json\/wp\/v2\/comments?post=7308"}],"version-history":[{"count":0,"href":"https:\/\/www.hml-fetish.de\/shop\/wp-json\/wp\/v2\/product\/7308\/revisions"}],"wp:featuredmedia":[{"embeddable":true,"href":"https:\/\/www.hml-fetish.de\/shop\/wp-json\/wp\/v2\/media\/37573"}],"wp:attachment":[{"href":"https:\/\/www.hml-fetish.de\/shop\/wp-json\/wp\/v2\/media?parent=7308"}],"wp:term":[{"taxonomy":"product_brand","embeddable":true,"href":"https:\/\/www.hml-fetish.de\/shop\/wp-json\/wp\/v2\/product_brand?post=7308"},{"taxonomy":"product_cat","embeddable":true,"href":"https:\/\/www.hml-fetish.de\/shop\/wp-json\/wp\/v2\/product_cat?post=7308"},{"taxonomy":"product_tag","embeddable":true,"href":"https:\/\/www.hml-fetish.de\/shop\/wp-json\/wp\/v2\/product_tag?post=7308"}],"curies":[{"name":"wp","href":"https:\/\/api.w.org\/{rel}","templated":true}]}}