{"id":7307,"date":"2022-01-23T22:56:31","date_gmt":"2022-01-23T21:56:31","guid":{"rendered":"https:\/\/www.hml-fetish.de\/shop\/?post_type=product&#038;p=7307"},"modified":"2025-01-16T17:21:53","modified_gmt":"2025-01-16T16:21:53","slug":"5-cm-lederarmband","status":"publish","type":"product","link":"https:\/\/www.hml-fetish.de\/shop\/5-cm-lederarmband\/","title":{"rendered":"5 cm Lederarmband"},"content":{"rendered":"<p>Ein etwa 5 cm breites Leder-Arm\u00adband, schwarz. Aus Rindnappa-Ober\u00adleder. Mit Druckkn\u00f6pfen verstellbar. Erh\u00e4ltlich in den Gr\u00f6\u00dfen von XS bis XXL. Auf Wunsch und f\u00fcr 5 \u20ac extra auch mit einem zus\u00e4tzlich aufgebrachten, etwa 2 cm breiten Gurt.<\/p>\n<p><img decoding=\"async\" title=\"Gr\u00f6\u00dfentabelle\" src=\"\/GIF\/size_UA.gif\" alt=\"Gr\u00f6\u00dfentabelle\" width=\"122\" height=\"189\" border=\"0\" \/><br \/>\n<P><B>Produktsicherheit:<\/B><BR><br \/>\nAllergiehinweis: Material Rindleder, Metallteile mit Hautkontakt sind rost- und nickelfrei<BR><br \/>\nVerantwortliche Person<BR><br \/>\nHML, Inhaber Dr. Detlef Moller<BR><br \/>\nNeukirchstra\u00dfe 18<BR><br \/>\n28215 Bremen<BR><br \/>\nDeutschland<BR><br \/>\ninfo@hml-fetish.de<\/P><\/p>\n","protected":false},"excerpt":{"rendered":"<h4>5 cm Lederarmband<\/h4>\n<p>Ein etwa 5 cm breites Leder-Armband, schwarz. Aus Rindnappa-Oberleder. Mit Druckkn\u00f6pfen verstellbar. Erh\u00e4ltlich in den Gr\u00f6\u00dfen von XS bis XXL. Auf Wunsch und f\u00fcr 5 &amp;euro; extra auch mit einem zus\u00e4tzlich aufgebrachten, etwa 2 cm breiten Gurt.<\/p>\n","protected":false},"featured_media":9501,"comment_status":"open","ping_status":"closed","template":"","meta":[],"product_brand":[],"product_cat":[152],"product_tag":[4398],"class_list":{"0":"post-7307","1":"product","2":"type-product","3":"status-publish","4":"has-post-thumbnail","6":"product_cat-armbaender","7":"product_tag-hml-fetish-original","8":"product_shipping_class-brief","10":"first","11":"instock","12":"taxable","13":"shipping-taxable","14":"purchasable","15":"product-type-variable"},"_links":{"self":[{"href":"https:\/\/www.hml-fetish.de\/shop\/wp-json\/wp\/v2\/product\/7307","targetHints":{"allow":["GET"]}}],"collection":[{"href":"https:\/\/www.hml-fetish.de\/shop\/wp-json\/wp\/v2\/product"}],"about":[{"href":"https:\/\/www.hml-fetish.de\/shop\/wp-json\/wp\/v2\/types\/product"}],"replies":[{"embeddable":true,"href":"https:\/\/www.hml-fetish.de\/shop\/wp-json\/wp\/v2\/comments?post=7307"}],"version-history":[{"count":0,"href":"https:\/\/www.hml-fetish.de\/shop\/wp-json\/wp\/v2\/product\/7307\/revisions"}],"wp:featuredmedia":[{"embeddable":true,"href":"https:\/\/www.hml-fetish.de\/shop\/wp-json\/wp\/v2\/media\/9501"}],"wp:attachment":[{"href":"https:\/\/www.hml-fetish.de\/shop\/wp-json\/wp\/v2\/media?parent=7307"}],"wp:term":[{"taxonomy":"product_brand","embeddable":true,"href":"https:\/\/www.hml-fetish.de\/shop\/wp-json\/wp\/v2\/product_brand?post=7307"},{"taxonomy":"product_cat","embeddable":true,"href":"https:\/\/www.hml-fetish.de\/shop\/wp-json\/wp\/v2\/product_cat?post=7307"},{"taxonomy":"product_tag","embeddable":true,"href":"https:\/\/www.hml-fetish.de\/shop\/wp-json\/wp\/v2\/product_tag?post=7307"}],"curies":[{"name":"wp","href":"https:\/\/api.w.org\/{rel}","templated":true}]}}