{"id":7306,"date":"2022-01-23T22:56:31","date_gmt":"2022-01-23T21:56:31","guid":{"rendered":"https:\/\/www.hml-fetish.de\/shop\/?post_type=product&#038;p=7306"},"modified":"2025-01-16T17:00:38","modified_gmt":"2025-01-16T16:00:38","slug":"code-armband","status":"publish","type":"product","link":"https:\/\/www.hml-fetish.de\/shop\/code-armband\/","title":{"rendered":"Code-Armband"},"content":{"rendered":"<p>Schwarz gl\u00e4nzendes Rindleder mit einem eingelegten Streifen farbigen Leders. Aufwendig in eigener Werkstatt handgearbeitet, 40 mm breit. Mit gro\u00dfen, nickelfreien Druckkn\u00f6pfen.<\/p>\n<p>Tip: die kleineren Gr\u00f6\u00dfen funktionieren auch als Cockband!<\/p>\n<p><img decoding=\"async\" title=\"Gr\u00f6\u00dfentabelle\" src=\"\/GIF\/size_UA.gif\" alt=\"Gr\u00f6\u00dfentabelle\" width=\"122\" height=\"189\" border=\"0\" \/><br \/>\n<P><B>Produktsicherheit:<\/B><BR><br \/>\nAllergiehinweis: Material Rindleder, Metallteile mit Hautkontakt sind rost- und nickelfrei<BR><br \/>\nVerantwortliche Person<BR><br \/>\nHML, Inhaber Dr. Detlef Moller<BR><br \/>\nNeukirchstra\u00dfe 18<BR><br \/>\n28215 Bremen<BR><br \/>\nDeutschland<BR><br \/>\ninfo@hml-fetish.de<\/P><\/p>\n","protected":false},"excerpt":{"rendered":"<h4>Code-Armband<\/h4>\n<p>Schwarz gl\u00e4nzendes Rindleder mit einem eingelegten Streifen farbigen Leders. Aufwendig in eigener Werkstatt handgearbeitet, 40 mm breit. Mit gro\u00dfen, nickelfreien Druckkn\u00f6pfen. Tip: die kleineren Gr\u00f6\u00dfen funktionieren auch als Cockband!<\/p>\n","protected":false},"featured_media":9573,"comment_status":"open","ping_status":"closed","template":"","meta":[],"product_brand":[],"product_cat":[152,169,95,125,105],"product_tag":[4398],"class_list":{"0":"post-7306","1":"product","2":"type-product","3":"status-publish","4":"has-post-thumbnail","6":"product_cat-armbaender","7":"product_cat-army-accessoires","8":"product_cat-bestseller","9":"product_cat-gay-pride","10":"product_cat-sonderangebote","11":"product_tag-hml-fetish-original","12":"product_shipping_class-brief","14":"first","15":"instock","16":"taxable","17":"shipping-taxable","18":"purchasable","19":"product-type-variable"},"_links":{"self":[{"href":"https:\/\/www.hml-fetish.de\/shop\/wp-json\/wp\/v2\/product\/7306","targetHints":{"allow":["GET"]}}],"collection":[{"href":"https:\/\/www.hml-fetish.de\/shop\/wp-json\/wp\/v2\/product"}],"about":[{"href":"https:\/\/www.hml-fetish.de\/shop\/wp-json\/wp\/v2\/types\/product"}],"replies":[{"embeddable":true,"href":"https:\/\/www.hml-fetish.de\/shop\/wp-json\/wp\/v2\/comments?post=7306"}],"version-history":[{"count":0,"href":"https:\/\/www.hml-fetish.de\/shop\/wp-json\/wp\/v2\/product\/7306\/revisions"}],"wp:featuredmedia":[{"embeddable":true,"href":"https:\/\/www.hml-fetish.de\/shop\/wp-json\/wp\/v2\/media\/9573"}],"wp:attachment":[{"href":"https:\/\/www.hml-fetish.de\/shop\/wp-json\/wp\/v2\/media?parent=7306"}],"wp:term":[{"taxonomy":"product_brand","embeddable":true,"href":"https:\/\/www.hml-fetish.de\/shop\/wp-json\/wp\/v2\/product_brand?post=7306"},{"taxonomy":"product_cat","embeddable":true,"href":"https:\/\/www.hml-fetish.de\/shop\/wp-json\/wp\/v2\/product_cat?post=7306"},{"taxonomy":"product_tag","embeddable":true,"href":"https:\/\/www.hml-fetish.de\/shop\/wp-json\/wp\/v2\/product_tag?post=7306"}],"curies":[{"name":"wp","href":"https:\/\/api.w.org\/{rel}","templated":true}]}}