{"id":7297,"date":"2022-01-23T22:56:28","date_gmt":"2022-01-23T21:56:28","guid":{"rendered":"https:\/\/www.hml-fetish.de\/shop\/?post_type=product&#038;p=7297"},"modified":"2025-01-15T18:28:11","modified_gmt":"2025-01-15T17:28:11","slug":"mini-lederstulpe","status":"publish","type":"product","link":"https:\/\/www.hml-fetish.de\/shop\/mini-lederstulpe\/","title":{"rendered":"Mini-Lederstulpe"},"content":{"rendered":"<p>Unser Modell im Spartacus-Look. Eine speziell geformte Grundplatte, schwarz und 85 mm breit, wird umwickelt von einem 19 mm breiten farbigen Lederband. Sehr maskulin. In den Gr\u00f6\u00dfen S, M, L und XL und mit Lederb\u00e4ndern in den Farben Schwarz, Gelb, Rot, Blau, Gei\u00df, Dunkelgr\u00fcn oder Grau.<\/p>\n<p><img decoding=\"async\" title=\"Gr\u00f6\u00dfentabelle\" src=\"\/GIF\/size_UA.gif\" alt=\"Gr\u00f6\u00dfentabelle\" width=\"122\" height=\"189\" border=\"0\" \/><br \/>\n<P><B>Produktsicherheit:<\/B><BR><br \/>\nAllergiehinweis: Material Rindleder, Metallteile mit Hautkontakt sind rost- und nickelfrei<BR><br \/>\nVerantwortliche Person<BR><br \/>\nHML, Inhaber Dr. Detlef Moller<BR><br \/>\nNeukirchstra\u00dfe 18<BR><br \/>\n28215 Bremen<BR><br \/>\nDeutschland<BR><br \/>\ninfo@hml-fetish.de<\/P><\/p>\n","protected":false},"excerpt":{"rendered":"<h4>Mini-Lederstulpe<\/h4>\n<p>Unser Modell im Spartacus-Look. Eine speziell geformte Grundplatte, schwarz und 85 mm breit, wird umwickelt von einem 19 mm breiten farbigen Lederband. Sehr maskulin. In den Gr\u00f6\u00dfen S, M, L und XL und mit Lederb\u00e4ndern in den Farben Schwarz, Gelb, Rot, Blau, Gei\u00df, Dunkelgr\u00fcn oder Grau.<\/p>\n","protected":false},"featured_media":9979,"comment_status":"open","ping_status":"closed","template":"","meta":[],"product_brand":[],"product_cat":[152,151,95],"product_tag":[4398],"class_list":{"0":"post-7297","1":"product","2":"type-product","3":"status-publish","4":"has-post-thumbnail","6":"product_cat-armbaender","7":"product_cat-accessoires-2","8":"product_cat-bestseller","9":"product_tag-hml-fetish-original","10":"product_shipping_class-brief","12":"first","13":"instock","14":"taxable","15":"shipping-taxable","16":"purchasable","17":"product-type-variable"},"_links":{"self":[{"href":"https:\/\/www.hml-fetish.de\/shop\/wp-json\/wp\/v2\/product\/7297","targetHints":{"allow":["GET"]}}],"collection":[{"href":"https:\/\/www.hml-fetish.de\/shop\/wp-json\/wp\/v2\/product"}],"about":[{"href":"https:\/\/www.hml-fetish.de\/shop\/wp-json\/wp\/v2\/types\/product"}],"replies":[{"embeddable":true,"href":"https:\/\/www.hml-fetish.de\/shop\/wp-json\/wp\/v2\/comments?post=7297"}],"version-history":[{"count":0,"href":"https:\/\/www.hml-fetish.de\/shop\/wp-json\/wp\/v2\/product\/7297\/revisions"}],"wp:featuredmedia":[{"embeddable":true,"href":"https:\/\/www.hml-fetish.de\/shop\/wp-json\/wp\/v2\/media\/9979"}],"wp:attachment":[{"href":"https:\/\/www.hml-fetish.de\/shop\/wp-json\/wp\/v2\/media?parent=7297"}],"wp:term":[{"taxonomy":"product_brand","embeddable":true,"href":"https:\/\/www.hml-fetish.de\/shop\/wp-json\/wp\/v2\/product_brand?post=7297"},{"taxonomy":"product_cat","embeddable":true,"href":"https:\/\/www.hml-fetish.de\/shop\/wp-json\/wp\/v2\/product_cat?post=7297"},{"taxonomy":"product_tag","embeddable":true,"href":"https:\/\/www.hml-fetish.de\/shop\/wp-json\/wp\/v2\/product_tag?post=7297"}],"curies":[{"name":"wp","href":"https:\/\/api.w.org\/{rel}","templated":true}]}}