{"id":7296,"date":"2022-01-23T22:56:28","date_gmt":"2022-01-23T21:56:28","guid":{"rendered":"https:\/\/www.hml-fetish.de\/shop\/?post_type=product&#038;p=7296"},"modified":"2025-01-15T18:20:17","modified_gmt":"2025-01-15T17:20:17","slug":"schnuer-stulpe-aus-leder","status":"publish","type":"product","link":"https:\/\/www.hml-fetish.de\/shop\/schnuer-stulpe-aus-leder\/","title":{"rendered":"Schn\u00fcr-Stulpe aus Leder"},"content":{"rendered":"<p>Stulpen f\u00fcr den Unterarm: Insgesamt ungef\u00e4hr 3 mm dick, und durch unsere mehrlagige Verarbeitung weich und stabil zugleich. Mit rundum eingefa\u00dfter Kante, nickelfreien \u00d6sen und mit einem Lederband zum Schn\u00fcren.<br \/>\n<BR>W\u00e4hle die 115 mm breite Stulpe oder die mit ca. 230 mm Extrabreite. Universalgr\u00f6\u00dfe. Lange Zeit war diese Art Stulpen gar nirgendwo mehr zu bekommen. Jetzt gibt es sie wieder \u2013 in unserer bekannt guten Qualit\u00e4t.<br \/>\n<P><B>Produktsicherheit:<\/B><BR><br \/>\nAllergiehinweis: Material Rindleder, Metallteile mit Hautkontakt sind rost- und nickelfrei<BR><br \/>\nVerantwortliche Person<BR><br \/>\nHML, Inhaber Dr. Detlef Moller<BR><br \/>\nNeukirchstra\u00dfe 18<BR><br \/>\n28215 Bremen<BR><br \/>\nDeutschland<BR><br \/>\ninfo@hml-fetish.de<\/P><\/p>\n","protected":false},"excerpt":{"rendered":"<h4>Schn\u00fcr-Stulpe aus Leder<\/h4>\n<p>Stulpen f\u00fcr den Unterarm: Insgesamt ungef\u00e4hr 3 mm dick, und durch unsere mehrlagige Verarbeitung weich und stabil zugleich. Nickelfreie \u00d6sen, mit rundum eingefa\u00dfter Kante und mit einem Lederband zum Schn\u00fcren.<\/p>\n","protected":false},"featured_media":10087,"comment_status":"open","ping_status":"closed","template":"","meta":[],"product_brand":[],"product_cat":[152,169,95,127],"product_tag":[4398],"class_list":{"0":"post-7296","1":"product","2":"type-product","3":"status-publish","4":"has-post-thumbnail","6":"product_cat-armbaender","7":"product_cat-army-accessoires","8":"product_cat-bestseller","9":"product_cat-diverses","10":"product_tag-hml-fetish-original","11":"product_shipping_class-paket","13":"first","14":"instock","15":"taxable","16":"shipping-taxable","17":"purchasable","18":"product-type-variable"},"_links":{"self":[{"href":"https:\/\/www.hml-fetish.de\/shop\/wp-json\/wp\/v2\/product\/7296","targetHints":{"allow":["GET"]}}],"collection":[{"href":"https:\/\/www.hml-fetish.de\/shop\/wp-json\/wp\/v2\/product"}],"about":[{"href":"https:\/\/www.hml-fetish.de\/shop\/wp-json\/wp\/v2\/types\/product"}],"replies":[{"embeddable":true,"href":"https:\/\/www.hml-fetish.de\/shop\/wp-json\/wp\/v2\/comments?post=7296"}],"version-history":[{"count":0,"href":"https:\/\/www.hml-fetish.de\/shop\/wp-json\/wp\/v2\/product\/7296\/revisions"}],"wp:featuredmedia":[{"embeddable":true,"href":"https:\/\/www.hml-fetish.de\/shop\/wp-json\/wp\/v2\/media\/10087"}],"wp:attachment":[{"href":"https:\/\/www.hml-fetish.de\/shop\/wp-json\/wp\/v2\/media?parent=7296"}],"wp:term":[{"taxonomy":"product_brand","embeddable":true,"href":"https:\/\/www.hml-fetish.de\/shop\/wp-json\/wp\/v2\/product_brand?post=7296"},{"taxonomy":"product_cat","embeddable":true,"href":"https:\/\/www.hml-fetish.de\/shop\/wp-json\/wp\/v2\/product_cat?post=7296"},{"taxonomy":"product_tag","embeddable":true,"href":"https:\/\/www.hml-fetish.de\/shop\/wp-json\/wp\/v2\/product_tag?post=7296"}],"curies":[{"name":"wp","href":"https:\/\/api.w.org\/{rel}","templated":true}]}}