{"id":7294,"date":"2022-01-23T22:56:27","date_gmt":"2022-01-23T21:56:27","guid":{"rendered":"https:\/\/www.hml-fetish.de\/shop\/?post_type=product&#038;p=7294"},"modified":"2025-01-15T17:55:53","modified_gmt":"2025-01-15T16:55:53","slug":"federarmband-aus-leder","status":"publish","type":"product","link":"https:\/\/www.hml-fetish.de\/shop\/federarmband-aus-leder\/","title":{"rendered":"Federarmband aus Leder"},"content":{"rendered":"<p><P>Schnapp-und-zu: Wir haben f\u00fcr Dich das Armband neu erfunden! In gespanntem Zustand sieht es aus wie ein einfaches St\u00fcck schwarzes Leder. Nimmst Du aber ein Ende in die Hand und schl\u00e4gst es mittig leicht auf Dein Handgelenk, so entspannt sich die eingearbeitete Stahlfeder und das Armband wickelt sich in Sekundenbruchteilen perfekt um Deinen Arm. Mit 4 cm Breite bei 24 cm L\u00e4nge pa\u00dft es wirklich um jeden Arm und f\u00fchlt sich super bequem an!<\/P><br \/>\n<?>Das Federarmband ist aus zweilagigen, weichem Leder gefertigt und tr\u00e4gt eine Einlage aus Federstahl. Es ist rundum umn\u00e4ht und tr\u00e4gt au\u00dfen Ziern\u00e4hte in blau und grau. Sieht zum <a title=\"barcode\" href=\"https:\/\/www.hml-fetish.de\/shop\/?s=barcode&amp;post_type=product\">barcode-outfit<\/a> ebenso geil aus wie zur Lederuniform.<\/P><br \/>\n<P>Wie funktionierts? Sieh&#8217; es Dir hier an!<br \/>\n<iframe src=\"https:\/\/www.youtube.com\/embed\/auP4YiZlRZY\" width=\"280\" height=\"158\" frameborder=\"0\" allowfullscreen=\"allowfullscreen\"><\/iframe><\/P><br \/>\n<P><B>Produktsicherheit:<\/B><BR><br \/>\nAllergiehinweis: Material Rindleder, Metallteile mit Hautkontakt sind rost- und nickelfrei<BR><br \/>\nVerantwortliche Person<BR><br \/>\nHML, Inhaber Dr. Detlef Moller<BR><br \/>\nNeukirchstra\u00dfe 18<BR><br \/>\n28215 Bremen<BR><br \/>\nDeutschland<BR><br \/>\ninfo@hml-fetish.de<\/P><\/p>\n","protected":false},"excerpt":{"rendered":"<h1>Federarmband aus Leder<\/h1>\n<p>Schnapp-und-zu: Wir haben f\u00fcr Dich das Armband neu erfunden! In gespanntem Zustand sieht es aus wie ein einfaches St\u00fcck schwarzes Leder. Nimmst Du aber ein Ende in die Hand und schl\u00e4gst es mittig leicht auf Dein Handgelenk, so entspannt sich die eingearbeitete Stahlfeder und das Armband wickelt sich in Sekundenbruchteilen perfekt um Deinen Arm. Mit 4 cm Breite bei 24 cm L\u00e4nge pa\u00dft es wirklich um jeden Arm und f\u00fchlt sich super bequem an!<\/p>\n","protected":false},"featured_media":10139,"comment_status":"open","ping_status":"closed","template":"","meta":[],"product_brand":[],"product_cat":[152,169,95],"product_tag":[4398],"class_list":{"0":"post-7294","1":"product","2":"type-product","3":"status-publish","4":"has-post-thumbnail","6":"product_cat-armbaender","7":"product_cat-army-accessoires","8":"product_cat-bestseller","9":"product_tag-hml-fetish-original","10":"product_shipping_class-brief","12":"first","13":"instock","14":"taxable","15":"shipping-taxable","16":"purchasable","17":"product-type-simple"},"_links":{"self":[{"href":"https:\/\/www.hml-fetish.de\/shop\/wp-json\/wp\/v2\/product\/7294","targetHints":{"allow":["GET"]}}],"collection":[{"href":"https:\/\/www.hml-fetish.de\/shop\/wp-json\/wp\/v2\/product"}],"about":[{"href":"https:\/\/www.hml-fetish.de\/shop\/wp-json\/wp\/v2\/types\/product"}],"replies":[{"embeddable":true,"href":"https:\/\/www.hml-fetish.de\/shop\/wp-json\/wp\/v2\/comments?post=7294"}],"version-history":[{"count":0,"href":"https:\/\/www.hml-fetish.de\/shop\/wp-json\/wp\/v2\/product\/7294\/revisions"}],"wp:featuredmedia":[{"embeddable":true,"href":"https:\/\/www.hml-fetish.de\/shop\/wp-json\/wp\/v2\/media\/10139"}],"wp:attachment":[{"href":"https:\/\/www.hml-fetish.de\/shop\/wp-json\/wp\/v2\/media?parent=7294"}],"wp:term":[{"taxonomy":"product_brand","embeddable":true,"href":"https:\/\/www.hml-fetish.de\/shop\/wp-json\/wp\/v2\/product_brand?post=7294"},{"taxonomy":"product_cat","embeddable":true,"href":"https:\/\/www.hml-fetish.de\/shop\/wp-json\/wp\/v2\/product_cat?post=7294"},{"taxonomy":"product_tag","embeddable":true,"href":"https:\/\/www.hml-fetish.de\/shop\/wp-json\/wp\/v2\/product_tag?post=7294"}],"curies":[{"name":"wp","href":"https:\/\/api.w.org\/{rel}","templated":true}]}}