{"id":7293,"date":"2022-01-23T22:56:27","date_gmt":"2022-01-23T21:56:27","guid":{"rendered":"https:\/\/www.hml-fetish.de\/shop\/?post_type=product&#038;p=7293"},"modified":"2025-01-15T17:44:11","modified_gmt":"2025-01-15T16:44:11","slug":"3-cm-lederarmband","status":"publish","type":"product","link":"https:\/\/www.hml-fetish.de\/shop\/3-cm-lederarmband\/","title":{"rendered":"3 cm Lederarmband"},"content":{"rendered":"<p>Leder-Armband aus zwei Lagen Rindleder, ringsum abgesteppt. Mit rost- und nickelfreien Druckkn\u00f6pfen. In den Gr\u00f6\u00dfen XS, S, M, L, XL und XXL. Tipp: die kleineren Gr\u00f6\u00dfen passen auch um andere K\u00f6rperteile.<\/p>\n<p><img decoding=\"async\" title=\"Gr\u00f6\u00dfentabelle\" src=\"\/GIF\/size_UA.gif\" alt=\"Gr\u00f6\u00dfentabelle\" width=\"122\" height=\"189\" border=\"0\" \/><br \/>\n<P><B>Produktsicherheit:<\/B><BR><br \/>\nAllergiehinweis: Material Rindleder, Metallteile mit Hautkontakt sind rost- und nickelfrei<BR><br \/>\nVerantwortliche Person<BR><br \/>\nHML, Inhaber Dr. Detlef Moller<BR><br \/>\nNeukirchstra\u00dfe 18<BR><br \/>\n28215 Bremen<BR><br \/>\nDeutschland<BR><br \/>\ninfo@hml-fetish.de<\/P><\/p>\n","protected":false},"excerpt":{"rendered":"<h4>3 cm Lederarmband<\/h4>\n<p>Leder-Armband aus zwei Lagen Rindleder, ringsum abgesteppt. Mit rost- und nickelfreien Druckkn\u00f6pfen. In den Gr\u00f6\u00dfen XS, S, M, L, XL und XXL. Tipp: die kleineren Gr\u00f6\u00dfen passen auch um andere K\u00f6rperteile.<\/p>\n","protected":false},"featured_media":10165,"comment_status":"open","ping_status":"closed","template":"","meta":[],"product_brand":[],"product_cat":[152,151],"product_tag":[4398],"class_list":{"0":"post-7293","1":"product","2":"type-product","3":"status-publish","4":"has-post-thumbnail","6":"product_cat-armbaender","7":"product_cat-accessoires-2","8":"product_tag-hml-fetish-original","9":"product_shipping_class-brief","11":"first","12":"instock","13":"taxable","14":"shipping-taxable","15":"purchasable","16":"product-type-variable"},"_links":{"self":[{"href":"https:\/\/www.hml-fetish.de\/shop\/wp-json\/wp\/v2\/product\/7293","targetHints":{"allow":["GET"]}}],"collection":[{"href":"https:\/\/www.hml-fetish.de\/shop\/wp-json\/wp\/v2\/product"}],"about":[{"href":"https:\/\/www.hml-fetish.de\/shop\/wp-json\/wp\/v2\/types\/product"}],"replies":[{"embeddable":true,"href":"https:\/\/www.hml-fetish.de\/shop\/wp-json\/wp\/v2\/comments?post=7293"}],"version-history":[{"count":0,"href":"https:\/\/www.hml-fetish.de\/shop\/wp-json\/wp\/v2\/product\/7293\/revisions"}],"wp:featuredmedia":[{"embeddable":true,"href":"https:\/\/www.hml-fetish.de\/shop\/wp-json\/wp\/v2\/media\/10165"}],"wp:attachment":[{"href":"https:\/\/www.hml-fetish.de\/shop\/wp-json\/wp\/v2\/media?parent=7293"}],"wp:term":[{"taxonomy":"product_brand","embeddable":true,"href":"https:\/\/www.hml-fetish.de\/shop\/wp-json\/wp\/v2\/product_brand?post=7293"},{"taxonomy":"product_cat","embeddable":true,"href":"https:\/\/www.hml-fetish.de\/shop\/wp-json\/wp\/v2\/product_cat?post=7293"},{"taxonomy":"product_tag","embeddable":true,"href":"https:\/\/www.hml-fetish.de\/shop\/wp-json\/wp\/v2\/product_tag?post=7293"}],"curies":[{"name":"wp","href":"https:\/\/api.w.org\/{rel}","templated":true}]}}