{"id":7292,"date":"2022-01-23T22:56:27","date_gmt":"2022-01-23T21:56:27","guid":{"rendered":"https:\/\/www.hml-fetish.de\/shop\/?post_type=product&#038;p=7292"},"modified":"2023-08-25T15:21:40","modified_gmt":"2023-08-25T13:21:40","slug":"gesichtsmaske-aus-leder","status":"publish","type":"product","link":"https:\/\/www.hml-fetish.de\/shop\/gesichtsmaske-aus-leder\/","title":{"rendered":"Gesichtsmaske aus Leder"},"content":{"rendered":"<p>Maskenpflicht f\u00fcr alle? Mit den Modellen von Tysk das Geilste, was man sich vorstellen kann und hier kommt der n\u00e4chste Streich: Anatomischer geformt als das Chirurgenmodell und eher eng anliegend. Nat\u00fcrlich gibt dieser Leder-Mundschutz keine Sicherheit vor Viren, aber selten hat ein St\u00fcck Leder die Fantasie mehr angeregt! Und ob drau\u00dfen oder drinnen, genie\u00dfe den geilen Geruch, vergi\u00df f\u00fcr einen Moment alles, was die Welt bewegt und la\u00df Dich von Deinen Gef\u00fchlen treiben.<\/p>\n<p>Der Mundbereich ist ca. 10-15 cm x 20 cm hoch und breit. Es gibt diese scharfe Maske in zwei Versionen: mit Lederb\u00e4ndern in zwei Gr\u00f6\u00dfen und mit Gummizug in einer Universalgr\u00f6\u00dfe.<\/p>\n<p><a href=\"https:\/\/tysk.berlin\/\" target=\"_blank\" rel=\"noopener\"><img decoding=\"async\" title=\"Tysk Berlin\" src=\"\/GIF\/tysk.png\" alt=\"Tysk Berlin\" width=\"340\" height=\"112\" \/><\/a><\/p>\n","protected":false},"excerpt":{"rendered":"<h4>Gesichtsmaske aus Leder<\/h4>\n<p>Maskenpflicht f\u00fcr alle? Mit den Modellen von Tysk das Geilste, was man sich vorstellen kann und hier kommt der n\u00e4chste Streich: Anatomischer geformt als das Chirurgenmodell und eher eng anliegend. Nat\u00fcrlich gibt dieser Mundschutz keine Sicherheit vor Viren, aber selten hat ein St\u00fcck Leder die Fantasie mehr angeregt! Und ob drau\u00dfen oder drinnen, genie\u00dfe den geilen Ledergeruch, vergi\u00df f\u00fcr einen Moment alles, was die Welt bewegt und la\u00df Dich von Deinen Gef\u00fchlen treiben.<\/p>\n","protected":false},"featured_media":10201,"comment_status":"open","ping_status":"closed","template":"","meta":[],"product_brand":[],"product_cat":[151,95,163,138,106],"product_tag":[1977,4398,1976],"class_list":{"0":"post-7292","1":"product","2":"type-product","3":"status-publish","4":"has-post-thumbnail","6":"product_cat-accessoires-2","7":"product_cat-bestseller","8":"product_cat-lederfesseln","9":"product_cat-masken-etc","10":"product_cat-neu-bei-hml","11":"product_tag-corona-maske-leder","12":"product_tag-hml-fetish-original","13":"product_tag-tysk-leder-berlin","14":"product_shipping_class-brief","16":"first","17":"instock","18":"taxable","19":"shipping-taxable","20":"purchasable","21":"product-type-variable"},"_links":{"self":[{"href":"https:\/\/www.hml-fetish.de\/shop\/wp-json\/wp\/v2\/product\/7292","targetHints":{"allow":["GET"]}}],"collection":[{"href":"https:\/\/www.hml-fetish.de\/shop\/wp-json\/wp\/v2\/product"}],"about":[{"href":"https:\/\/www.hml-fetish.de\/shop\/wp-json\/wp\/v2\/types\/product"}],"replies":[{"embeddable":true,"href":"https:\/\/www.hml-fetish.de\/shop\/wp-json\/wp\/v2\/comments?post=7292"}],"version-history":[{"count":0,"href":"https:\/\/www.hml-fetish.de\/shop\/wp-json\/wp\/v2\/product\/7292\/revisions"}],"wp:featuredmedia":[{"embeddable":true,"href":"https:\/\/www.hml-fetish.de\/shop\/wp-json\/wp\/v2\/media\/10201"}],"wp:attachment":[{"href":"https:\/\/www.hml-fetish.de\/shop\/wp-json\/wp\/v2\/media?parent=7292"}],"wp:term":[{"taxonomy":"product_brand","embeddable":true,"href":"https:\/\/www.hml-fetish.de\/shop\/wp-json\/wp\/v2\/product_brand?post=7292"},{"taxonomy":"product_cat","embeddable":true,"href":"https:\/\/www.hml-fetish.de\/shop\/wp-json\/wp\/v2\/product_cat?post=7292"},{"taxonomy":"product_tag","embeddable":true,"href":"https:\/\/www.hml-fetish.de\/shop\/wp-json\/wp\/v2\/product_tag?post=7292"}],"curies":[{"name":"wp","href":"https:\/\/api.w.org\/{rel}","templated":true}]}}