{"id":7291,"date":"2022-01-23T22:56:26","date_gmt":"2022-01-23T21:56:26","guid":{"rendered":"https:\/\/www.hml-fetish.de\/shop\/?post_type=product&#038;p=7291"},"modified":"2025-01-27T11:18:44","modified_gmt":"2025-01-27T10:18:44","slug":"leder-mundbinde","status":"publish","type":"product","link":"https:\/\/www.hml-fetish.de\/shop\/leder-mundbinde\/","title":{"rendered":"Leder-Mundbinde"},"content":{"rendered":"<p>Diese exklusive Gesichtsmaske hast Du bestimmt noch nicht! Nat\u00fcrlich gibt dieser Leder Mundschutz keine Sicherheit vor Viren, aber selten hat ein St\u00fcck Leder die Fantasie mehr angeregt! Tysk Berlin hat mit dieser Maske aus kuschelweichem Leder ein Meisterst\u00fcck abgeliefert. Spanne sie Dir eng vors Gesicht, genie\u00dfe den geilen Geruch, vergi\u00df f\u00fcr einen Moment alles, was die Welt bewegt und la\u00df Dich von Deinen Gef\u00fchlen treiben.<br \/>\n<BR>Der Mundbereich ist ca. 10-15 cm x 18 cm hoch und breit. Es gibt diese scharfe Maske in zwei Versionen: mit Lederb\u00e4ndern in zwei Gr\u00f6\u00dfen und mit Gummizug in einer Universalgr\u00f6\u00dfe.<br \/>\n<BR><a href=\"https:\/\/tysk.berlin\/\" target=\"_blank\" rel=\"noopener\"><img decoding=\"async\" title=\"Tysk Berlin\" src=\"\/GIF\/tysk.png\" alt=\"Tysk Berlin\" width=\"340\" height=\"112\" \/><\/a><\/p>\n","protected":false},"excerpt":{"rendered":"<h4>Leder-Mundbinde<\/h4>\n<p>Diese exklusive Gesichtsmaske hast Du bestimmt noch nicht! Nat\u00fcrlich gibt dieser Mundschutz keine Sicherheit vor Viren, aber selten hat ein St\u00fcck Leder die Fantasie mehr angeregt! Tysk Berlin hat mit dieser Maske aus kuschelweichem Leder ein Meisterst\u00fcck abgeliefert. Spanne sie Dir eng vors Gesicht, genie\u00dfe den geilen Ledergeruch, vergi\u00df f\u00fcr einen Moment alles, was die Welt bewegt und la\u00df Dich von Deinen Gef\u00fchlen treiben.<\/p>\n","protected":false},"featured_media":10221,"comment_status":"open","ping_status":"closed","template":"","meta":[],"product_brand":[],"product_cat":[151,95,127,163,138],"product_tag":[1977,4398,1976],"class_list":{"0":"post-7291","1":"product","2":"type-product","3":"status-publish","4":"has-post-thumbnail","6":"product_cat-accessoires-2","7":"product_cat-bestseller","8":"product_cat-diverses","9":"product_cat-lederfesseln","10":"product_cat-masken-etc","11":"product_tag-corona-maske-leder","12":"product_tag-hml-fetish-original","13":"product_tag-tysk-leder-berlin","14":"product_shipping_class-brief","16":"first","17":"instock","18":"taxable","19":"shipping-taxable","20":"purchasable","21":"product-type-variable"},"_links":{"self":[{"href":"https:\/\/www.hml-fetish.de\/shop\/wp-json\/wp\/v2\/product\/7291","targetHints":{"allow":["GET"]}}],"collection":[{"href":"https:\/\/www.hml-fetish.de\/shop\/wp-json\/wp\/v2\/product"}],"about":[{"href":"https:\/\/www.hml-fetish.de\/shop\/wp-json\/wp\/v2\/types\/product"}],"replies":[{"embeddable":true,"href":"https:\/\/www.hml-fetish.de\/shop\/wp-json\/wp\/v2\/comments?post=7291"}],"version-history":[{"count":0,"href":"https:\/\/www.hml-fetish.de\/shop\/wp-json\/wp\/v2\/product\/7291\/revisions"}],"wp:featuredmedia":[{"embeddable":true,"href":"https:\/\/www.hml-fetish.de\/shop\/wp-json\/wp\/v2\/media\/10221"}],"wp:attachment":[{"href":"https:\/\/www.hml-fetish.de\/shop\/wp-json\/wp\/v2\/media?parent=7291"}],"wp:term":[{"taxonomy":"product_brand","embeddable":true,"href":"https:\/\/www.hml-fetish.de\/shop\/wp-json\/wp\/v2\/product_brand?post=7291"},{"taxonomy":"product_cat","embeddable":true,"href":"https:\/\/www.hml-fetish.de\/shop\/wp-json\/wp\/v2\/product_cat?post=7291"},{"taxonomy":"product_tag","embeddable":true,"href":"https:\/\/www.hml-fetish.de\/shop\/wp-json\/wp\/v2\/product_tag?post=7291"}],"curies":[{"name":"wp","href":"https:\/\/api.w.org\/{rel}","templated":true}]}}