{"id":7287,"date":"2022-01-23T22:56:25","date_gmt":"2022-01-23T21:56:25","guid":{"rendered":"https:\/\/www.hml-fetish.de\/shop\/?post_type=product&#038;p=7287"},"modified":"2023-06-12T12:58:28","modified_gmt":"2023-06-12T10:58:28","slug":"kapuzen-sweat","status":"publish","type":"product","link":"https:\/\/www.hml-fetish.de\/shop\/kapuzen-sweat\/","title":{"rendered":"Kapuzen-Sweat"},"content":{"rendered":"<p>Kapuzenshirts in guter Qualit\u00e4t, nicht zu d\u00fcnn und nicht zu warm. Mit elastischen Strickb\u00fcndchen an den \u00c4rmeln und am Bund. F\u00fcr die Kapuze (mit Kordelzug) ist das Material gedoppelt, so da\u00df sie auch Innen die Stoffoberseite zeigt. Innen sind die Sweats angerauht. Vorne mit K\u00e4nguruh-Taschen. In Schwarz und Woodland aus 100 % Baumwolle.<br \/>\n<BR><img decoding=\"async\" src=\"\/GIF\/size_unisex_up.gif\" alt=\"Gr\u00f6\u00dfentabelle\" title=\"Gr\u00f6\u00dfentabelle\" border=\"0\" height=\"194\" width=\"114\"><\/p>\n","protected":false},"excerpt":{"rendered":"<h4>Kapuzen-Sweat<\/h4>\n<p>Kapuzenpullover in guter Qualit\u00e4t, nicht zu d\u00fcnn und nicht zu warm. Mit elastischen Strickb\u00fcndchen an den \u00c4rmeln und am Bund. F\u00fcr die Kapuze (mit Kordelzug) ist das Material gedoppelt, so da\u00df sie auch Innen die Stoffoberseite zeigt. Innen sind die Sweats angerauht. Vorne mit K\u00e4nguruh-Taschen. In Schwarz und Woodland aus 100 % Baumwolle.<\/p>\n","protected":false},"featured_media":10292,"comment_status":"open","ping_status":"closed","template":"","meta":[],"product_brand":[],"product_cat":[179,170,108,116,105],"product_tag":[],"class_list":{"0":"post-7287","1":"product","2":"type-product","3":"status-publish","4":"has-post-thumbnail","6":"product_cat-kleidung","7":"product_cat-army-kleidung","8":"product_cat-restposten-einzelstuecke","9":"product_cat-shirts-tops","10":"product_cat-sonderangebote","11":"product_shipping_class-paket","13":"first","14":"instock","15":"sale","16":"taxable","17":"shipping-taxable","18":"purchasable","19":"product-type-variable"},"_links":{"self":[{"href":"https:\/\/www.hml-fetish.de\/shop\/wp-json\/wp\/v2\/product\/7287","targetHints":{"allow":["GET"]}}],"collection":[{"href":"https:\/\/www.hml-fetish.de\/shop\/wp-json\/wp\/v2\/product"}],"about":[{"href":"https:\/\/www.hml-fetish.de\/shop\/wp-json\/wp\/v2\/types\/product"}],"replies":[{"embeddable":true,"href":"https:\/\/www.hml-fetish.de\/shop\/wp-json\/wp\/v2\/comments?post=7287"}],"version-history":[{"count":0,"href":"https:\/\/www.hml-fetish.de\/shop\/wp-json\/wp\/v2\/product\/7287\/revisions"}],"wp:featuredmedia":[{"embeddable":true,"href":"https:\/\/www.hml-fetish.de\/shop\/wp-json\/wp\/v2\/media\/10292"}],"wp:attachment":[{"href":"https:\/\/www.hml-fetish.de\/shop\/wp-json\/wp\/v2\/media?parent=7287"}],"wp:term":[{"taxonomy":"product_brand","embeddable":true,"href":"https:\/\/www.hml-fetish.de\/shop\/wp-json\/wp\/v2\/product_brand?post=7287"},{"taxonomy":"product_cat","embeddable":true,"href":"https:\/\/www.hml-fetish.de\/shop\/wp-json\/wp\/v2\/product_cat?post=7287"},{"taxonomy":"product_tag","embeddable":true,"href":"https:\/\/www.hml-fetish.de\/shop\/wp-json\/wp\/v2\/product_tag?post=7287"}],"curies":[{"name":"wp","href":"https:\/\/api.w.org\/{rel}","templated":true}]}}