{"id":7268,"date":"2022-01-23T22:55:59","date_gmt":"2022-01-23T21:55:59","guid":{"rendered":"https:\/\/www.hml-fetish.de\/shop\/?post_type=product&#038;p=7268"},"modified":"2026-02-10T17:27:06","modified_gmt":"2026-02-10T16:27:06","slug":"aufnaeher-leather-pride","status":"publish","type":"product","link":"https:\/\/www.hml-fetish.de\/shop\/aufnaeher-leather-pride\/","title":{"rendered":"Aufn\u00e4her Leather Pride"},"content":{"rendered":"<p>Dieser Aufn\u00e4her ist etwa 80 mm x 55 mm gro\u00df und zeigt das Leather-Pride Motiv. Macht sich gut auf dem \u00c4rmel Deiner Jacke!<\/p>\n","protected":false},"excerpt":{"rendered":"<h4>Aufn\u00e4her Leather Pride<\/h4>\n<p>Dieser Aufn\u00e4her ist etwa 80 mm x 55 mm gro\u00df und zeigt das Leather-Pride Motiv. Macht sich gut auf dem \u00c4rmel Deiner Jacke!<\/p>\n","protected":false},"featured_media":10730,"comment_status":"open","ping_status":"closed","template":"","meta":[],"product_brand":[],"product_cat":[149,125],"product_tag":[],"class_list":{"0":"post-7268","1":"product","2":"type-product","3":"status-publish","4":"has-post-thumbnail","6":"product_cat-insignia","7":"product_cat-gay-pride","8":"product_shipping_class-brief","10":"first","11":"instock","12":"taxable","13":"shipping-taxable","14":"purchasable","15":"product-type-simple"},"_links":{"self":[{"href":"https:\/\/www.hml-fetish.de\/shop\/wp-json\/wp\/v2\/product\/7268","targetHints":{"allow":["GET"]}}],"collection":[{"href":"https:\/\/www.hml-fetish.de\/shop\/wp-json\/wp\/v2\/product"}],"about":[{"href":"https:\/\/www.hml-fetish.de\/shop\/wp-json\/wp\/v2\/types\/product"}],"replies":[{"embeddable":true,"href":"https:\/\/www.hml-fetish.de\/shop\/wp-json\/wp\/v2\/comments?post=7268"}],"version-history":[{"count":0,"href":"https:\/\/www.hml-fetish.de\/shop\/wp-json\/wp\/v2\/product\/7268\/revisions"}],"wp:featuredmedia":[{"embeddable":true,"href":"https:\/\/www.hml-fetish.de\/shop\/wp-json\/wp\/v2\/media\/10730"}],"wp:attachment":[{"href":"https:\/\/www.hml-fetish.de\/shop\/wp-json\/wp\/v2\/media?parent=7268"}],"wp:term":[{"taxonomy":"product_brand","embeddable":true,"href":"https:\/\/www.hml-fetish.de\/shop\/wp-json\/wp\/v2\/product_brand?post=7268"},{"taxonomy":"product_cat","embeddable":true,"href":"https:\/\/www.hml-fetish.de\/shop\/wp-json\/wp\/v2\/product_cat?post=7268"},{"taxonomy":"product_tag","embeddable":true,"href":"https:\/\/www.hml-fetish.de\/shop\/wp-json\/wp\/v2\/product_tag?post=7268"}],"curies":[{"name":"wp","href":"https:\/\/api.w.org\/{rel}","templated":true}]}}