{"id":7263,"date":"2022-01-23T22:55:58","date_gmt":"2022-01-23T21:55:58","guid":{"rendered":"https:\/\/www.hml-fetish.de\/shop\/?post_type=product&#038;p=7263"},"modified":"2022-09-15T09:42:09","modified_gmt":"2022-09-15T07:42:09","slug":"tom-of-finland-magnet-leather-brother","status":"publish","type":"product","link":"https:\/\/www.hml-fetish.de\/shop\/tom-of-finland-magnet-leather-brother\/","title":{"rendered":"Tom of Finland Magnet &#8216;Leather Brother&#8217;"},"content":{"rendered":"<p>Dieser Magnet f\u00fcr den K\u00fchlschrank oder andere metallische Unterlagen zeigt ein bekanntes Motiv des K\u00fcnstlers &#8216;Tom of Finland&#8217; und ist etwa 50 mm x 78 mm gro\u00df.<\/p>\n","protected":false},"excerpt":{"rendered":"<h4>Tom of Finland Magnet &#8216;Leather Brother&#8217;<\/h4>\n<p>Dieser Magnet f\u00fcr den K\u00fchlschrank oder andere metallische Unterlagen zeigt ein bekanntes Motiv des K\u00fcnstlers &#8216;Tom of Finland&#8217; und ist etwa 50 mm x 78 mm gro\u00df.<\/p>\n","protected":false},"featured_media":10756,"comment_status":"open","ping_status":"closed","template":"","meta":[],"product_brand":[],"product_cat":[160,95,125],"product_tag":[],"class_list":{"0":"post-7263","1":"product","2":"type-product","3":"status-publish","4":"has-post-thumbnail","6":"product_cat-jacken","7":"product_cat-bestseller","8":"product_cat-gay-pride","9":"product_shipping_class-brief","11":"first","12":"instock","13":"taxable","14":"shipping-taxable","15":"purchasable","16":"product-type-simple"},"_links":{"self":[{"href":"https:\/\/www.hml-fetish.de\/shop\/wp-json\/wp\/v2\/product\/7263","targetHints":{"allow":["GET"]}}],"collection":[{"href":"https:\/\/www.hml-fetish.de\/shop\/wp-json\/wp\/v2\/product"}],"about":[{"href":"https:\/\/www.hml-fetish.de\/shop\/wp-json\/wp\/v2\/types\/product"}],"replies":[{"embeddable":true,"href":"https:\/\/www.hml-fetish.de\/shop\/wp-json\/wp\/v2\/comments?post=7263"}],"version-history":[{"count":0,"href":"https:\/\/www.hml-fetish.de\/shop\/wp-json\/wp\/v2\/product\/7263\/revisions"}],"wp:featuredmedia":[{"embeddable":true,"href":"https:\/\/www.hml-fetish.de\/shop\/wp-json\/wp\/v2\/media\/10756"}],"wp:attachment":[{"href":"https:\/\/www.hml-fetish.de\/shop\/wp-json\/wp\/v2\/media?parent=7263"}],"wp:term":[{"taxonomy":"product_brand","embeddable":true,"href":"https:\/\/www.hml-fetish.de\/shop\/wp-json\/wp\/v2\/product_brand?post=7263"},{"taxonomy":"product_cat","embeddable":true,"href":"https:\/\/www.hml-fetish.de\/shop\/wp-json\/wp\/v2\/product_cat?post=7263"},{"taxonomy":"product_tag","embeddable":true,"href":"https:\/\/www.hml-fetish.de\/shop\/wp-json\/wp\/v2\/product_tag?post=7263"}],"curies":[{"name":"wp","href":"https:\/\/api.w.org\/{rel}","templated":true}]}}