{"id":7258,"date":"2022-01-23T22:55:56","date_gmt":"2022-01-23T21:55:56","guid":{"rendered":"https:\/\/www.hml-fetish.de\/shop\/?post_type=product&#038;p=7258"},"modified":"2022-02-13T19:31:59","modified_gmt":"2022-02-13T18:31:59","slug":"pigtail-plug-32-mm-vinyl","status":"publish","type":"product","link":"https:\/\/www.hml-fetish.de\/shop\/pigtail-plug-32-mm-vinyl\/","title":{"rendered":"Pigtail Plug 32 mm Vinyl"},"content":{"rendered":"<p>Dieser Canine Butt Plug aus belastbarem Vinyl ist etwas Besonderes. Hast Du den 32 mm dicken Plug einmal eingef\u00fchrt, ragt das andere Ende aus Deinem Loch wie die Rute eines Hundes oder der Schwanz eines Schweines. Der kleine Teufel macht sich besonders n\u00fctzlich, wenn ihr Petplay macht, also einer von euch beiden das Haustier spielt, das sich von seinem Handler an der Leine spazieren f\u00fchren l\u00e4\u00dft. Da ist dieser Plug das letzte, fehlende Detail. Nur wedeln kann er nicht.<\/p>\n","protected":false},"excerpt":{"rendered":"<h4>Pigtail Plug 32 mm Vinyl<\/h4>\n<p>Dieser K-9 Plug aus belastbarem Vinyl ist etwas Besonderes. Hast Du den 32 mm dicken Plug einmal eingef\u00fchrt, ragt das andere Ende aus Deinem Loch wie die Rute eines Hundes oder der Schwanz eines Schweines. Der kleine Teufel macht sich besonders n\u00fctzlich, wenn ihr Petplay macht, also einer von euch beiden das Haustier spielt, das sich von seinem Handler an der Leine spazieren f\u00fchren l\u00e4\u00dft. Da ist dieser Plug das letzte, fehlende Detail. Nur wedeln kann er nicht.<\/p>\n","protected":false},"featured_media":10782,"comment_status":"open","ping_status":"closed","template":"","meta":[],"product_brand":[],"product_cat":[139,143],"product_tag":[],"class_list":{"0":"post-7258","1":"product","2":"type-product","3":"status-publish","4":"has-post-thumbnail","6":"product_cat-plugs","7":"product_cat-petplay","8":"product_shipping_class-paket","10":"first","11":"instock","12":"taxable","13":"shipping-taxable","14":"purchasable","15":"product-type-simple"},"_links":{"self":[{"href":"https:\/\/www.hml-fetish.de\/shop\/wp-json\/wp\/v2\/product\/7258","targetHints":{"allow":["GET"]}}],"collection":[{"href":"https:\/\/www.hml-fetish.de\/shop\/wp-json\/wp\/v2\/product"}],"about":[{"href":"https:\/\/www.hml-fetish.de\/shop\/wp-json\/wp\/v2\/types\/product"}],"replies":[{"embeddable":true,"href":"https:\/\/www.hml-fetish.de\/shop\/wp-json\/wp\/v2\/comments?post=7258"}],"version-history":[{"count":0,"href":"https:\/\/www.hml-fetish.de\/shop\/wp-json\/wp\/v2\/product\/7258\/revisions"}],"wp:featuredmedia":[{"embeddable":true,"href":"https:\/\/www.hml-fetish.de\/shop\/wp-json\/wp\/v2\/media\/10782"}],"wp:attachment":[{"href":"https:\/\/www.hml-fetish.de\/shop\/wp-json\/wp\/v2\/media?parent=7258"}],"wp:term":[{"taxonomy":"product_brand","embeddable":true,"href":"https:\/\/www.hml-fetish.de\/shop\/wp-json\/wp\/v2\/product_brand?post=7258"},{"taxonomy":"product_cat","embeddable":true,"href":"https:\/\/www.hml-fetish.de\/shop\/wp-json\/wp\/v2\/product_cat?post=7258"},{"taxonomy":"product_tag","embeddable":true,"href":"https:\/\/www.hml-fetish.de\/shop\/wp-json\/wp\/v2\/product_tag?post=7258"}],"curies":[{"name":"wp","href":"https:\/\/api.w.org\/{rel}","templated":true}]}}