{"id":7257,"date":"2022-01-23T22:55:56","date_gmt":"2022-01-23T21:55:56","guid":{"rendered":"https:\/\/www.hml-fetish.de\/shop\/?post_type=product&#038;p=7257"},"modified":"2026-02-10T17:26:16","modified_gmt":"2026-02-10T16:26:16","slug":"flexibler-silikon-dilatator","status":"publish","type":"product","link":"https:\/\/www.hml-fetish.de\/shop\/flexibler-silikon-dilatator\/","title":{"rendered":"flexibler Silikon-Dilatator"},"content":{"rendered":"<p>Ein Dilatator (englisch: sound oder sounding) von \u00bbSport Fucker\u00ab. Er besteht aus medizinischem Silikon. Die Oberfl\u00e4che ist glatt. Du kannst ihn sterilisieren wie die Edelstahl-Version, hast aber den Vorteil, da\u00df er biegsam ist. Bei einer L\u00e4nge von 7,25&#8243; \/ 18 cm ist das auch n\u00f6tig, wenn Du ihn ganz einf\u00fchren willst.<\/p>\n<p>Dieser Dilatator besitzt im Inneren eine kleine R\u00f6hre, durch die Du pissen kannst. Auch das ist ein besonderes Gef\u00fchl, denn es geht sehr langsam. Die St\u00e4rke der Sonde liegt zwischen 6 und 9 mm.<\/p>\n","protected":false},"excerpt":{"rendered":"<h4>flexibler Silikon-Dilatator<\/h4>\n<p>Ein Dilatator (englisch: sound oder sounding) von \u00bbSport Fucker\u00ab. Er besteht aus medizinischem Silikon. Die Oberfl\u00e4che ist glatt. Du kannst ihn sterilisieren wie die Edelstahl-Version, hast aber den Vorteil, da\u00df er biegsam ist. Bei einer L\u00e4nge von 7,25&#8243; \/ 18 cm ist das auch n\u00f6tig, wenn Du ihn ganz einf\u00fchren willst. Dieser Dilatator besitzt im Inneren eine kleine R\u00f6hre, durch die Du pissen kannst. Auch das ist ein besonderes Gef\u00fchl, denn es geht sehr langsam. Die St\u00e4rke der Sonde liegt zwischen 6 und 9 mm.<\/p>\n","protected":false},"featured_media":10791,"comment_status":"open","ping_status":"closed","template":"","meta":[],"product_brand":[],"product_cat":[135,130,136,139],"product_tag":[],"class_list":{"0":"post-7257","1":"product","2":"type-product","3":"status-publish","4":"has-post-thumbnail","6":"product_cat-toys","7":"product_cat-cbt","8":"product_cat-klinik","9":"product_cat-plugs","10":"product_shipping_class-brief","12":"first","13":"instock","14":"taxable","15":"shipping-taxable","16":"purchasable","17":"product-type-simple"},"_links":{"self":[{"href":"https:\/\/www.hml-fetish.de\/shop\/wp-json\/wp\/v2\/product\/7257","targetHints":{"allow":["GET"]}}],"collection":[{"href":"https:\/\/www.hml-fetish.de\/shop\/wp-json\/wp\/v2\/product"}],"about":[{"href":"https:\/\/www.hml-fetish.de\/shop\/wp-json\/wp\/v2\/types\/product"}],"replies":[{"embeddable":true,"href":"https:\/\/www.hml-fetish.de\/shop\/wp-json\/wp\/v2\/comments?post=7257"}],"version-history":[{"count":0,"href":"https:\/\/www.hml-fetish.de\/shop\/wp-json\/wp\/v2\/product\/7257\/revisions"}],"wp:featuredmedia":[{"embeddable":true,"href":"https:\/\/www.hml-fetish.de\/shop\/wp-json\/wp\/v2\/media\/10791"}],"wp:attachment":[{"href":"https:\/\/www.hml-fetish.de\/shop\/wp-json\/wp\/v2\/media?parent=7257"}],"wp:term":[{"taxonomy":"product_brand","embeddable":true,"href":"https:\/\/www.hml-fetish.de\/shop\/wp-json\/wp\/v2\/product_brand?post=7257"},{"taxonomy":"product_cat","embeddable":true,"href":"https:\/\/www.hml-fetish.de\/shop\/wp-json\/wp\/v2\/product_cat?post=7257"},{"taxonomy":"product_tag","embeddable":true,"href":"https:\/\/www.hml-fetish.de\/shop\/wp-json\/wp\/v2\/product_tag?post=7257"}],"curies":[{"name":"wp","href":"https:\/\/api.w.org\/{rel}","templated":true}]}}