{"id":7256,"date":"2022-01-23T22:55:56","date_gmt":"2022-01-23T21:55:56","guid":{"rendered":"https:\/\/www.hml-fetish.de\/shop\/?post_type=product&#038;p=7256"},"modified":"2023-02-17T13:28:11","modified_gmt":"2023-02-17T12:28:11","slug":"dicker-silikon-cockring","status":"publish","type":"product","link":"https:\/\/www.hml-fetish.de\/shop\/dicker-silikon-cockring\/","title":{"rendered":"dicker Silikon-Cockring"},"content":{"rendered":"<p>Dieser fette Ring von \u00bbSport-Fucker\u00ab ist 15 mm dick und aus schwarzem, weichem und super dehnbarem Kunststoff (im entspannten Zustand hat dieser Ring nur 5 cm Au\u00dfendurchmesser!). Du bist f\u00fcr alle Eventualit\u00e4ten ger\u00fcstet. Er pa\u00dft um wirklich jeden Schwanz (oder jedes Ei) und ist blitzschnell angelegt.<\/p>\n<p><b>Sicherheitshalber nicht mit silikonbasierenden Gleitmitteln zusammen verwenden!<\/b><\/p>\n","protected":false},"excerpt":{"rendered":"<h4>dicker Silikon-Cockring<\/h4>\n<p>Dieser fette Ring von \u00bbSport Fucker\u00ab ist 15 mm dick und aus schwarzem, weichem und super dehnbarem Kunststoff (im entspannten Zustand hat dieser Ring nur 5 cm Au\u00dfendurchmesser!). Du bist f\u00fcr alle Eventualit\u00e4ten ger\u00fcstet. Er pa\u00dft um wirklich jeden Schwanz (oder jedes Ei) und ist blitzschnell angelegt.<\/p>\n","protected":false},"featured_media":10872,"comment_status":"open","ping_status":"closed","template":"","meta":[],"product_brand":[],"product_cat":[172,95,167,135],"product_tag":[2245],"class_list":{"0":"post-7256","1":"product","2":"type-product","3":"status-publish","4":"has-post-thumbnail","6":"product_cat-gummi-accessoires","7":"product_cat-bestseller","8":"product_cat-cockringe","9":"product_cat-toys","10":"product_tag-sport-fucker","11":"product_shipping_class-brief","13":"first","14":"instock","15":"taxable","16":"shipping-taxable","17":"purchasable","18":"product-type-simple"},"_links":{"self":[{"href":"https:\/\/www.hml-fetish.de\/shop\/wp-json\/wp\/v2\/product\/7256","targetHints":{"allow":["GET"]}}],"collection":[{"href":"https:\/\/www.hml-fetish.de\/shop\/wp-json\/wp\/v2\/product"}],"about":[{"href":"https:\/\/www.hml-fetish.de\/shop\/wp-json\/wp\/v2\/types\/product"}],"replies":[{"embeddable":true,"href":"https:\/\/www.hml-fetish.de\/shop\/wp-json\/wp\/v2\/comments?post=7256"}],"version-history":[{"count":0,"href":"https:\/\/www.hml-fetish.de\/shop\/wp-json\/wp\/v2\/product\/7256\/revisions"}],"wp:featuredmedia":[{"embeddable":true,"href":"https:\/\/www.hml-fetish.de\/shop\/wp-json\/wp\/v2\/media\/10872"}],"wp:attachment":[{"href":"https:\/\/www.hml-fetish.de\/shop\/wp-json\/wp\/v2\/media?parent=7256"}],"wp:term":[{"taxonomy":"product_brand","embeddable":true,"href":"https:\/\/www.hml-fetish.de\/shop\/wp-json\/wp\/v2\/product_brand?post=7256"},{"taxonomy":"product_cat","embeddable":true,"href":"https:\/\/www.hml-fetish.de\/shop\/wp-json\/wp\/v2\/product_cat?post=7256"},{"taxonomy":"product_tag","embeddable":true,"href":"https:\/\/www.hml-fetish.de\/shop\/wp-json\/wp\/v2\/product_tag?post=7256"}],"curies":[{"name":"wp","href":"https:\/\/api.w.org\/{rel}","templated":true}]}}