{"id":7255,"date":"2022-01-23T22:55:55","date_gmt":"2022-01-23T21:55:55","guid":{"rendered":"https:\/\/www.hml-fetish.de\/shop\/?post_type=product&#038;p=7255"},"modified":"2025-07-23T07:36:26","modified_gmt":"2025-07-23T05:36:26","slug":"cum-plugs","status":"publish","type":"product","link":"https:\/\/www.hml-fetish.de\/shop\/cum-plugs\/","title":{"rendered":"Cum Plugs"},"content":{"rendered":"<p>Ein Paar Harnr\u00f6hren-Plugs von \u00bbSport-Fucker\u00ab. Sie bestehen aus medizinischem Silikon. Die Oberfl\u00e4che ist glatt. Du kannst sie sterilisieren wie die Edelstahl-Version, hast aber den Vorteil, da\u00df sie biegsam sind. Die Plugs sind 2&#8243; bzw. 51 mm lang.<\/p>\n<p>Diese kleinen Teufel besitzen im Inneren eine R\u00f6hre, durch die Du pissen (oder abspritzen) kannst. Auch das ist ein besonderes Gef\u00fchl, denn es geht sehr langsam. Die St\u00e4rke der Plugs liegt zwischen 4 und 6 mm (kleinerer Plug) bzw. zwischen 6 und 9 mm (gr\u00f6\u00dferer Plug).<\/p>\n","protected":false},"excerpt":{"rendered":"<h4>Cum Plugs<\/h4>\n<p>Ein Paar Harnr\u00f6hren-Plugs von \u00bbSport Fucker\u00ab. Sie bestehen aus medizinischem Silikon. Die Oberfl\u00e4che ist glatt. Du kannst sie sterilisieren wie die Edelstahl-Version, hast aber den Vorteil, da\u00df sie biegsam sind. Die Plugs sind 2&#8243; bzw. 51 mm lang.<\/p>\n","protected":false},"featured_media":10881,"comment_status":"open","ping_status":"closed","template":"","meta":[],"product_brand":[],"product_cat":[168,130,106,139],"product_tag":[2245],"class_list":{"0":"post-7255","1":"product","2":"type-product","3":"status-publish","4":"has-post-thumbnail","6":"product_cat-piercing","7":"product_cat-cbt","8":"product_cat-neu-bei-hml","9":"product_cat-plugs","10":"product_tag-sport-fucker","11":"product_shipping_class-brief","13":"first","14":"instock","15":"taxable","16":"shipping-taxable","17":"purchasable","18":"product-type-simple"},"_links":{"self":[{"href":"https:\/\/www.hml-fetish.de\/shop\/wp-json\/wp\/v2\/product\/7255","targetHints":{"allow":["GET"]}}],"collection":[{"href":"https:\/\/www.hml-fetish.de\/shop\/wp-json\/wp\/v2\/product"}],"about":[{"href":"https:\/\/www.hml-fetish.de\/shop\/wp-json\/wp\/v2\/types\/product"}],"replies":[{"embeddable":true,"href":"https:\/\/www.hml-fetish.de\/shop\/wp-json\/wp\/v2\/comments?post=7255"}],"version-history":[{"count":0,"href":"https:\/\/www.hml-fetish.de\/shop\/wp-json\/wp\/v2\/product\/7255\/revisions"}],"wp:featuredmedia":[{"embeddable":true,"href":"https:\/\/www.hml-fetish.de\/shop\/wp-json\/wp\/v2\/media\/10881"}],"wp:attachment":[{"href":"https:\/\/www.hml-fetish.de\/shop\/wp-json\/wp\/v2\/media?parent=7255"}],"wp:term":[{"taxonomy":"product_brand","embeddable":true,"href":"https:\/\/www.hml-fetish.de\/shop\/wp-json\/wp\/v2\/product_brand?post=7255"},{"taxonomy":"product_cat","embeddable":true,"href":"https:\/\/www.hml-fetish.de\/shop\/wp-json\/wp\/v2\/product_cat?post=7255"},{"taxonomy":"product_tag","embeddable":true,"href":"https:\/\/www.hml-fetish.de\/shop\/wp-json\/wp\/v2\/product_tag?post=7255"}],"curies":[{"name":"wp","href":"https:\/\/api.w.org\/{rel}","templated":true}]}}