{"id":7252,"date":"2022-01-23T22:55:55","date_gmt":"2022-01-23T21:55:55","guid":{"rendered":"https:\/\/www.hml-fetish.de\/shop\/?post_type=product&#038;p=7252"},"modified":"2025-12-01T14:38:09","modified_gmt":"2025-12-01T13:38:09","slug":"fetisso-latex-maske-offen","status":"publish","type":"product","link":"https:\/\/www.hml-fetish.de\/shop\/fetisso-latex-maske-offen\/","title":{"rendered":"Fetisso Latex-Maske offen"},"content":{"rendered":"<p>Sitzt wie eine zweite Haut! Aus schwarzem 0,4 mm feinem Material. Das d\u00fcnne Material pa\u00dft sich Deinem Kopf gut an, gl\u00e4nzt von selbst und ist sogar anatomisch geschnitten. Zwei Gr\u00f6\u00dfen M und L.<br \/>\n<BR>Diese Maske hat \u00d6ffnungen f\u00fcr Augen, Nase und Mund und l\u00e4\u00dft Dir somit alle Freiheiten.<br \/>\n<BR><img decoding=\"async\" src=\"\/GIF\/size_MA.gif\" alt=\"MAK-LEDER Maskengr\u00f6\u00dfen\" title=\"MAK-LEDER Maskengr\u00f6\u00dfen\" border=\"0\" height=\"164\" width=\"114\"><\/p>\n","protected":false},"excerpt":{"rendered":"<h4>Fetisso Latex-Maske offen<\/h4>\n<p>Sitzt wie eine zweite Haut! Aus schwarzem 0,4 mm feinem Material. Das d\u00fcnne Material pa\u00dft sich Deinem Kopf gut an, gl\u00e4nzt von selbst und ist sogar anatomisch geschnitten. Zwei Gr\u00f6\u00dfen M und L.<\/p>\n","protected":false},"featured_media":10915,"comment_status":"open","ping_status":"closed","template":"","meta":[],"product_brand":[],"product_cat":[177,95,138],"product_tag":[2266],"class_list":{"0":"post-7252","1":"product","2":"type-product","3":"status-publish","4":"has-post-thumbnail","6":"product_cat-gummihandschuhe","7":"product_cat-bestseller","8":"product_cat-masken-etc","9":"product_tag-fetisso","10":"product_shipping_class-brief","12":"first","13":"instock","14":"taxable","15":"shipping-taxable","16":"purchasable","17":"product-type-variable"},"_links":{"self":[{"href":"https:\/\/www.hml-fetish.de\/shop\/wp-json\/wp\/v2\/product\/7252","targetHints":{"allow":["GET"]}}],"collection":[{"href":"https:\/\/www.hml-fetish.de\/shop\/wp-json\/wp\/v2\/product"}],"about":[{"href":"https:\/\/www.hml-fetish.de\/shop\/wp-json\/wp\/v2\/types\/product"}],"replies":[{"embeddable":true,"href":"https:\/\/www.hml-fetish.de\/shop\/wp-json\/wp\/v2\/comments?post=7252"}],"version-history":[{"count":0,"href":"https:\/\/www.hml-fetish.de\/shop\/wp-json\/wp\/v2\/product\/7252\/revisions"}],"wp:featuredmedia":[{"embeddable":true,"href":"https:\/\/www.hml-fetish.de\/shop\/wp-json\/wp\/v2\/media\/10915"}],"wp:attachment":[{"href":"https:\/\/www.hml-fetish.de\/shop\/wp-json\/wp\/v2\/media?parent=7252"}],"wp:term":[{"taxonomy":"product_brand","embeddable":true,"href":"https:\/\/www.hml-fetish.de\/shop\/wp-json\/wp\/v2\/product_brand?post=7252"},{"taxonomy":"product_cat","embeddable":true,"href":"https:\/\/www.hml-fetish.de\/shop\/wp-json\/wp\/v2\/product_cat?post=7252"},{"taxonomy":"product_tag","embeddable":true,"href":"https:\/\/www.hml-fetish.de\/shop\/wp-json\/wp\/v2\/product_tag?post=7252"}],"curies":[{"name":"wp","href":"https:\/\/api.w.org\/{rel}","templated":true}]}}