{"id":7251,"date":"2022-01-23T22:55:54","date_gmt":"2022-01-23T21:55:54","guid":{"rendered":"https:\/\/www.hml-fetish.de\/shop\/?post_type=product&#038;p=7251"},"modified":"2023-02-01T08:02:54","modified_gmt":"2023-02-01T07:02:54","slug":"flexibler-spuelstab","status":"publish","type":"product","link":"https:\/\/www.hml-fetish.de\/shop\/flexibler-spuelstab\/","title":{"rendered":"flexibler Sp\u00fclstab"},"content":{"rendered":"<p>Dieser Duschaufsatz ist ideal f\u00fcr die etwas gelenkigeren Leute. Die Marke \u00bbSport-Fucker\u00ab hat eine neue biegsame Version aus hellblauem Material herausgebracht, die am Ende ein schwarzes Gewindeteil aus Hartplastik tr\u00e4gt. Es gibt ihn in verschiedenen L\u00e4gen und er pa\u00dft auf alle handels\u00fcblichen 1\/2 &#8221; Anschl\u00fcsse. Das (handwarme!) Wasser str\u00f6mt beim Sp\u00fclen durch ein etwa 5 mm gro\u00dfes Loch an der Spitze.<\/p>\n","protected":false},"excerpt":{"rendered":"<h4>flexibler Sp\u00fclstab<\/h4>\n<p>Dieser Duschaufsatz ist ideal f\u00fcr die etwas gelenkigeren Leute. Die Marke \u00bbSport Fucker\u00ab hat eine neue biegsame Version aus hellblauem Material herausgebracht, die am Ende ein schwarzes Gewindeteil aus Hartplastik tr\u00e4gt. Es gibt ihn in verschiedenen L\u00e4gen und er pa\u00dft auf alle handels\u00fcblichen 1\/2 &#8221; Anschl\u00fcsse. Das (handwarme!) Wasser str\u00f6mt beim Sp\u00fclen durch ein etwa 5 mm gro\u00dfes Loch an der Spitze.<\/p>\n","protected":false},"featured_media":10930,"comment_status":"open","ping_status":"closed","template":"","meta":[],"product_brand":[],"product_cat":[136,106,135],"product_tag":[2245],"class_list":{"0":"post-7251","1":"product","2":"type-product","3":"status-publish","4":"has-post-thumbnail","6":"product_cat-klinik","7":"product_cat-neu-bei-hml","8":"product_cat-toys","9":"product_tag-sport-fucker","10":"product_shipping_class-brief","12":"first","13":"instock","14":"taxable","15":"shipping-taxable","16":"purchasable","17":"product-type-variable"},"_links":{"self":[{"href":"https:\/\/www.hml-fetish.de\/shop\/wp-json\/wp\/v2\/product\/7251","targetHints":{"allow":["GET"]}}],"collection":[{"href":"https:\/\/www.hml-fetish.de\/shop\/wp-json\/wp\/v2\/product"}],"about":[{"href":"https:\/\/www.hml-fetish.de\/shop\/wp-json\/wp\/v2\/types\/product"}],"replies":[{"embeddable":true,"href":"https:\/\/www.hml-fetish.de\/shop\/wp-json\/wp\/v2\/comments?post=7251"}],"version-history":[{"count":0,"href":"https:\/\/www.hml-fetish.de\/shop\/wp-json\/wp\/v2\/product\/7251\/revisions"}],"wp:featuredmedia":[{"embeddable":true,"href":"https:\/\/www.hml-fetish.de\/shop\/wp-json\/wp\/v2\/media\/10930"}],"wp:attachment":[{"href":"https:\/\/www.hml-fetish.de\/shop\/wp-json\/wp\/v2\/media?parent=7251"}],"wp:term":[{"taxonomy":"product_brand","embeddable":true,"href":"https:\/\/www.hml-fetish.de\/shop\/wp-json\/wp\/v2\/product_brand?post=7251"},{"taxonomy":"product_cat","embeddable":true,"href":"https:\/\/www.hml-fetish.de\/shop\/wp-json\/wp\/v2\/product_cat?post=7251"},{"taxonomy":"product_tag","embeddable":true,"href":"https:\/\/www.hml-fetish.de\/shop\/wp-json\/wp\/v2\/product_tag?post=7251"}],"curies":[{"name":"wp","href":"https:\/\/api.w.org\/{rel}","templated":true}]}}