{"id":7248,"date":"2022-01-23T22:55:45","date_gmt":"2022-01-23T21:55:45","guid":{"rendered":"https:\/\/www.hml-fetish.de\/shop\/?post_type=product&#038;p=7248"},"modified":"2022-07-26T17:01:54","modified_gmt":"2022-07-26T15:01:54","slug":"waders-ungefuettert","status":"publish","type":"product","link":"https:\/\/www.hml-fetish.de\/shop\/waders-ungefuettert\/","title":{"rendered":"Waders ungef\u00fcttert 40\/41"},"content":{"rendered":"<p>Auf ein Paar solider Gummistiefel werden in Handarbeit Stulpen aus 1,5 mm dickem Gummi geschwei\u00dft. So entsteht dieser Watstiefel f\u00fcr Fetischisten. Der Abschlu\u00df oben ist modisch schr\u00e4g. Die Stiefelh\u00f6he betr\u00e4gt an der Au\u00dfenseite 92 cm und an der Innenseite 76 cm. Mit verstellbaren Riemen befestigst Du die Sch\u00e4fte im G\u00fcrtel Deiner Hose.<\/p>\n<p>Diese Stiefel sind nicht unbedingt designed f\u00fcr die n\u00e4chste Extrem-Wattwanderung. Sie machen Dir dabei aber auch keine Schande, denn Du siehst darin sehr geil aus. Eben ein echter Fetischist.<\/p>\n<p>Schuhgr\u00f6\u00dfe 40\/41. Wadenumfang 43 cm (au\u00dfen gemessen). Oberschenkelumfang ca. 60 cm.<\/p>\n<p><img decoding=\"async\" title=\"Gr\u00f6\u00dfentabelle\" src=\"\/GIF\/size_boots.gif\" alt=\"Gr\u00f6\u00dfentabelle\" width=\"113\" height=\"198\" border=\"0\" \/><\/p>\n","protected":false},"excerpt":{"rendered":"<h4>Waders ungef\u00fcttert 44<\/h4>\n<p>Auf ein Paar solider Gummistiefel werden in Handarbeit Stulpen aus 1,5 mm dickem Gummi geschwei\u00dft. So entsteht dieser Watstiefel f\u00fcr Fetischisten. Der Abschlu\u00df oben ist modisch schr\u00e4g. Die Stiefelh\u00f6he betr\u00e4gt an der Au\u00dfenseite 92 cm und an der Innenseite 76 cm. Mit verstellbaren Riemen befestigst Du die Sch\u00e4fte im G\u00fcrtel Deiner Hose.<\/p>\n","protected":false},"featured_media":10990,"comment_status":"open","ping_status":"closed","template":"","meta":[],"product_brand":[],"product_cat":[174,108],"product_tag":[],"class_list":{"0":"post-7248","1":"product","2":"type-product","3":"status-publish","4":"has-post-thumbnail","6":"product_cat-gummi-stiefel","7":"product_cat-restposten-einzelstuecke","8":"product_shipping_class-paket","10":"first","11":"instock","12":"taxable","13":"shipping-taxable","14":"purchasable","15":"product-type-variable"},"_links":{"self":[{"href":"https:\/\/www.hml-fetish.de\/shop\/wp-json\/wp\/v2\/product\/7248","targetHints":{"allow":["GET"]}}],"collection":[{"href":"https:\/\/www.hml-fetish.de\/shop\/wp-json\/wp\/v2\/product"}],"about":[{"href":"https:\/\/www.hml-fetish.de\/shop\/wp-json\/wp\/v2\/types\/product"}],"replies":[{"embeddable":true,"href":"https:\/\/www.hml-fetish.de\/shop\/wp-json\/wp\/v2\/comments?post=7248"}],"version-history":[{"count":0,"href":"https:\/\/www.hml-fetish.de\/shop\/wp-json\/wp\/v2\/product\/7248\/revisions"}],"wp:featuredmedia":[{"embeddable":true,"href":"https:\/\/www.hml-fetish.de\/shop\/wp-json\/wp\/v2\/media\/10990"}],"wp:attachment":[{"href":"https:\/\/www.hml-fetish.de\/shop\/wp-json\/wp\/v2\/media?parent=7248"}],"wp:term":[{"taxonomy":"product_brand","embeddable":true,"href":"https:\/\/www.hml-fetish.de\/shop\/wp-json\/wp\/v2\/product_brand?post=7248"},{"taxonomy":"product_cat","embeddable":true,"href":"https:\/\/www.hml-fetish.de\/shop\/wp-json\/wp\/v2\/product_cat?post=7248"},{"taxonomy":"product_tag","embeddable":true,"href":"https:\/\/www.hml-fetish.de\/shop\/wp-json\/wp\/v2\/product_tag?post=7248"}],"curies":[{"name":"wp","href":"https:\/\/api.w.org\/{rel}","templated":true}]}}