{"id":7246,"date":"2022-01-23T22:55:45","date_gmt":"2022-01-23T21:55:45","guid":{"rendered":"https:\/\/www.hml-fetish.de\/shop\/?post_type=product&#038;p=7246"},"modified":"2026-03-11T12:15:01","modified_gmt":"2026-03-11T11:15:01","slug":"glanzstiefel-aus-pvc","status":"publish","type":"product","link":"https:\/\/www.hml-fetish.de\/shop\/glanzstiefel-aus-pvc\/","title":{"rendered":"Glanzstiefel aus PVC"},"content":{"rendered":"<p>Endlich ein Stiefel f\u00fcr echte Fetischisten: Dieser Wellington-Arbeitsstiefel ist besonders hoch und au\u00dferdem im Schaft schlank und anatomisch geformt. Das sieht zur Jeans ebenso modisch aus, wie zum Latex-Overall. Selbstverst\u00e4ndlich ist er <b>ungef\u00fcttert<\/b>, also auswaschbar und schnell trocknend. Dabei gl\u00e4nzt er auch ohne Poliermittel bereits sehr geil. Da er weitgehend best\u00e4ndig ist gegen Fett, \u00d6l, S\u00e4uren und Laugen, brauchst Du Dir keine Gedanken machen, wo Du da gerade wieder hineingetreten bist.<\/p>\n<p>Die Stiefelh\u00f6he betr\u00e4gt ca. 40 cm. Der Wadenumfang betr\u00e4gt ca. 44 cm (bei Gr\u00f6\u00dfe 43). Durch den besonders hohen Spann pa\u00dft er um praktisch jeden Fu\u00df. Anatomisch geformtes Fu\u00dfbett. Hergestellt unter Verwending phthalatfreier Weichmacher.<\/p>\n<p><img decoding=\"async\" title=\"Gr\u00f6\u00dfentabelle\" src=\"\/GIF\/size_boots.gif\" alt=\"Gr\u00f6\u00dfentabelle\" width=\"113\" height=\"198\" border=\"0\" \/><\/p>\n","protected":false},"excerpt":{"rendered":"<h4>Glanzstiefel aus PVC<\/h4>\n<p>Endlich ein Stiefel f\u00fcr echte Fetischisten: Dieser Wellington-Arbeitsstiefel ist besonders hoch und au\u00dferdem im Schaft schlank und anatomisch geformt. Das sieht zur Jeans ebenso modisch aus, wie zum Latex-Overall. Selbstverst\u00e4ndlich ist er <B>ungef\u00fcttert<\/B>, also auswaschbar und schnell trocknend. Dabei gl\u00e4nzt er auch ohne Poliermittel bereits sehr geil. Da er weitgehend best\u00e4ndig ist gegen Fett, \u00d6l, S\u00e4uren und Laugen, brauchst Du Dir keine Gedanken machen, wo Du da gerade wieder hineingetreten bist.<\/p>\n","protected":false},"featured_media":11031,"comment_status":"open","ping_status":"closed","template":"","meta":[],"product_brand":[],"product_cat":[174,95,138],"product_tag":[],"class_list":{"0":"post-7246","1":"product","2":"type-product","3":"status-publish","4":"has-post-thumbnail","6":"product_cat-gummi-stiefel","7":"product_cat-bestseller","8":"product_cat-masken-etc","9":"product_shipping_class-paket","11":"first","12":"instock","13":"taxable","14":"shipping-taxable","15":"purchasable","16":"product-type-variable"},"_links":{"self":[{"href":"https:\/\/www.hml-fetish.de\/shop\/wp-json\/wp\/v2\/product\/7246","targetHints":{"allow":["GET"]}}],"collection":[{"href":"https:\/\/www.hml-fetish.de\/shop\/wp-json\/wp\/v2\/product"}],"about":[{"href":"https:\/\/www.hml-fetish.de\/shop\/wp-json\/wp\/v2\/types\/product"}],"replies":[{"embeddable":true,"href":"https:\/\/www.hml-fetish.de\/shop\/wp-json\/wp\/v2\/comments?post=7246"}],"version-history":[{"count":0,"href":"https:\/\/www.hml-fetish.de\/shop\/wp-json\/wp\/v2\/product\/7246\/revisions"}],"wp:featuredmedia":[{"embeddable":true,"href":"https:\/\/www.hml-fetish.de\/shop\/wp-json\/wp\/v2\/media\/11031"}],"wp:attachment":[{"href":"https:\/\/www.hml-fetish.de\/shop\/wp-json\/wp\/v2\/media?parent=7246"}],"wp:term":[{"taxonomy":"product_brand","embeddable":true,"href":"https:\/\/www.hml-fetish.de\/shop\/wp-json\/wp\/v2\/product_brand?post=7246"},{"taxonomy":"product_cat","embeddable":true,"href":"https:\/\/www.hml-fetish.de\/shop\/wp-json\/wp\/v2\/product_cat?post=7246"},{"taxonomy":"product_tag","embeddable":true,"href":"https:\/\/www.hml-fetish.de\/shop\/wp-json\/wp\/v2\/product_tag?post=7246"}],"curies":[{"name":"wp","href":"https:\/\/api.w.org\/{rel}","templated":true}]}}