{"id":7245,"date":"2022-01-23T22:55:44","date_gmt":"2022-01-23T21:55:44","guid":{"rendered":"https:\/\/www.hml-fetish.de\/shop\/?post_type=product&#038;p=7245"},"modified":"2025-02-14T15:28:08","modified_gmt":"2025-02-14T14:28:08","slug":"reitstiefel-aus-pvc","status":"publish","type":"product","link":"https:\/\/www.hml-fetish.de\/shop\/reitstiefel-aus-pvc\/","title":{"rendered":"Reitstiefel aus PVC"},"content":{"rendered":"<p>Ein Stiefel im Schnitt der klassischen Reitstiefel. Von echtem Gummi oder poliertem, sehr fein genarbtem Leder kaum zu unterscheiden! Mit authentisch nachgebildeten Waden bist Du damit ein richtiger Blickfang.<\/p>\n<p>Die Stiefelh\u00f6he betr\u00e4gt auf der Innenseite etwa 44 cm, an der Beinau\u00dfenseite plus 3 cm Dressurbogen. Innen mit d\u00fcnnem, wei\u00dfem Trikotfutter. Hergestellt unter Verwendung von phthalatfreien Weichmachern. Weitere (Au\u00dfen-)Ma\u00dfe:<\/p>\n<table>\n<tbody>\n<tr>\n<td><b>Gr\u00f6\u00dfe<\/b><\/td>\n<td><b>Wadenumfang<\/b><\/td>\n<td><b>Spann<\/b><\/td>\n<\/tr>\n<tr>\n<td>39<\/td>\n<td>39,5 cm<\/td>\n<td>33,0 cm<\/td>\n<\/tr>\n<tr>\n<td>40<\/td>\n<td>40,0 cm<\/td>\n<td>33,5 cm<\/td>\n<\/tr>\n<tr>\n<td>41<\/td>\n<td>40,5 cm<\/td>\n<td>34,0 cm<\/td>\n<\/tr>\n<tr>\n<td>42<\/td>\n<td>41,0 cm<\/td>\n<td>34,5 cm<\/td>\n<\/tr>\n<tr>\n<td>43<\/td>\n<td>41,5 cm<\/td>\n<td>35,0 cm<\/td>\n<\/tr>\n<tr>\n<td>44<\/td>\n<td>42,0 cm<\/td>\n<td>35,5 cm<\/td>\n<\/tr>\n<tr>\n<td>45<\/td>\n<td>42,5 cm<\/td>\n<td>36,0 cm<\/td>\n<\/tr>\n<tr>\n<td>46<\/td>\n<td>43,0 cm<\/td>\n<td>36,5 cm<\/td>\n<\/tr>\n<\/tbody>\n<\/table>\n<p><img decoding=\"async\" title=\"Gr\u00f6\u00dfentabelle\" src=\"\/GIF\/size_boots.gif\" alt=\"Gr\u00f6\u00dfentabelle\" width=\"113\" height=\"198\" border=\"0\" \/><\/p>\n","protected":false},"excerpt":{"rendered":"<h4>Reitstiefel aus PVC<\/h4>\n<p>Ein Stiefel im Schnitt der klassischen Reitstiefel. Von echtem Gummi oder poliertem, sehr fein genarbtem Leder kaum zu unterscheiden! Mit authentisch nachgebildeten Waden bist Du damit ein richtiger Blickfang.<\/p>\n","protected":false},"featured_media":11082,"comment_status":"open","ping_status":"closed","template":"","meta":[],"product_brand":[],"product_cat":[174,105,150],"product_tag":[],"class_list":{"0":"post-7245","1":"product","2":"type-product","3":"status-publish","4":"has-post-thumbnail","6":"product_cat-gummi-stiefel","7":"product_cat-sonderangebote","8":"product_cat-uniformen","9":"product_shipping_class-paket","11":"first","12":"instock","13":"sale","14":"taxable","15":"shipping-taxable","16":"purchasable","17":"product-type-variable"},"_links":{"self":[{"href":"https:\/\/www.hml-fetish.de\/shop\/wp-json\/wp\/v2\/product\/7245","targetHints":{"allow":["GET"]}}],"collection":[{"href":"https:\/\/www.hml-fetish.de\/shop\/wp-json\/wp\/v2\/product"}],"about":[{"href":"https:\/\/www.hml-fetish.de\/shop\/wp-json\/wp\/v2\/types\/product"}],"replies":[{"embeddable":true,"href":"https:\/\/www.hml-fetish.de\/shop\/wp-json\/wp\/v2\/comments?post=7245"}],"version-history":[{"count":0,"href":"https:\/\/www.hml-fetish.de\/shop\/wp-json\/wp\/v2\/product\/7245\/revisions"}],"wp:featuredmedia":[{"embeddable":true,"href":"https:\/\/www.hml-fetish.de\/shop\/wp-json\/wp\/v2\/media\/11082"}],"wp:attachment":[{"href":"https:\/\/www.hml-fetish.de\/shop\/wp-json\/wp\/v2\/media?parent=7245"}],"wp:term":[{"taxonomy":"product_brand","embeddable":true,"href":"https:\/\/www.hml-fetish.de\/shop\/wp-json\/wp\/v2\/product_brand?post=7245"},{"taxonomy":"product_cat","embeddable":true,"href":"https:\/\/www.hml-fetish.de\/shop\/wp-json\/wp\/v2\/product_cat?post=7245"},{"taxonomy":"product_tag","embeddable":true,"href":"https:\/\/www.hml-fetish.de\/shop\/wp-json\/wp\/v2\/product_tag?post=7245"}],"curies":[{"name":"wp","href":"https:\/\/api.w.org\/{rel}","templated":true}]}}