{"id":7243,"date":"2022-01-23T22:55:44","date_gmt":"2022-01-23T21:55:44","guid":{"rendered":"https:\/\/www.hml-fetish.de\/shop\/?post_type=product&#038;p=7243"},"modified":"2026-01-02T10:18:07","modified_gmt":"2026-01-02T09:18:07","slug":"fussballer-socken","status":"publish","type":"product","link":"https:\/\/www.hml-fetish.de\/shop\/fussballer-socken\/","title":{"rendered":"Fu\u00dfballer-Socken"},"content":{"rendered":"<p>Das Team von barcode Berlin pr\u00e4sentiert uns hier Fu\u00dfballer-Socken in kr\u00e4ftigen Szenefarben. Der pflegeleichte Materialmix macht sie extrem geeignet f\u00fcr Sport und anders schwei\u00dftreibende Besch\u00e4ftigungen.<\/p>\n<p>Diese Socken sehen besonders scharf aus in Deinen 14-Loch Rangers. Sie sind aus 75% Baumwolle, 23% Polyamid und 2% Elasthan, vorgewaschen und z.Z. in f\u00fcnf kr\u00e4ftigen Farbkombis erh\u00e4ltlich.<\/p>\n<p>Es gibt diese scharfen Socken in zwei Gr\u00f6\u00dfen: f\u00fcr Schuhgr\u00f6\u00dfe 39 &#8211; 42 und 43 &#8211; 45.<\/p>\n<p>1 Paar<\/p>\n<p><img decoding=\"async\" title=\"barcode Berlin\" src=\"\/template\/barcode.gif\" alt=\"barcode Berlin\" \/><\/p>\n","protected":false},"excerpt":{"rendered":"<h4>Fu\u00dfballer-Socken<\/h4>\n<p>Das Team von barcode Berlin pr\u00e4sentiert uns hier Fu\u00dfballsocken in kr\u00e4ftigen Szenefarben. Der pflegeleichte Materialmix macht sie extrem geeignet f\u00fcr Sport und anders schwei\u00dftreibende Besch\u00e4ftigungen. Diese Socken sehen besonders scharf aus in Deinen 14-Loch Rangers. Sie sind aus 75% Baumwolle, 23% Polyamid und 2% Elasthan, vorgewaschen und z.Z. in f\u00fcnf kr\u00e4ftigen Farbkombis erh\u00e4ltlich.<\/p>\n","protected":false},"featured_media":11202,"comment_status":"open","ping_status":"closed","template":"","meta":[],"product_brand":[],"product_cat":[121,171,108,153],"product_tag":[],"class_list":{"0":"post-7243","1":"product","2":"type-product","3":"status-publish","4":"has-post-thumbnail","6":"product_cat-socken-struempfe","7":"product_cat-army-boots-caps","8":"product_cat-restposten-einzelstuecke","9":"product_cat-stiefel","10":"product_shipping_class-brief","12":"first","13":"instock","14":"sale","15":"taxable","16":"shipping-taxable","17":"purchasable","18":"product-type-variable"},"_links":{"self":[{"href":"https:\/\/www.hml-fetish.de\/shop\/wp-json\/wp\/v2\/product\/7243","targetHints":{"allow":["GET"]}}],"collection":[{"href":"https:\/\/www.hml-fetish.de\/shop\/wp-json\/wp\/v2\/product"}],"about":[{"href":"https:\/\/www.hml-fetish.de\/shop\/wp-json\/wp\/v2\/types\/product"}],"replies":[{"embeddable":true,"href":"https:\/\/www.hml-fetish.de\/shop\/wp-json\/wp\/v2\/comments?post=7243"}],"version-history":[{"count":0,"href":"https:\/\/www.hml-fetish.de\/shop\/wp-json\/wp\/v2\/product\/7243\/revisions"}],"wp:featuredmedia":[{"embeddable":true,"href":"https:\/\/www.hml-fetish.de\/shop\/wp-json\/wp\/v2\/media\/11202"}],"wp:attachment":[{"href":"https:\/\/www.hml-fetish.de\/shop\/wp-json\/wp\/v2\/media?parent=7243"}],"wp:term":[{"taxonomy":"product_brand","embeddable":true,"href":"https:\/\/www.hml-fetish.de\/shop\/wp-json\/wp\/v2\/product_brand?post=7243"},{"taxonomy":"product_cat","embeddable":true,"href":"https:\/\/www.hml-fetish.de\/shop\/wp-json\/wp\/v2\/product_cat?post=7243"},{"taxonomy":"product_tag","embeddable":true,"href":"https:\/\/www.hml-fetish.de\/shop\/wp-json\/wp\/v2\/product_tag?post=7243"}],"curies":[{"name":"wp","href":"https:\/\/api.w.org\/{rel}","templated":true}]}}