{"id":7239,"date":"2022-01-23T22:55:43","date_gmt":"2022-01-23T21:55:43","guid":{"rendered":"https:\/\/www.hml-fetish.de\/shop\/?post_type=product&#038;p=7239"},"modified":"2023-10-24T12:38:11","modified_gmt":"2023-10-24T10:38:11","slug":"college-struempfe","status":"publish","type":"product","link":"https:\/\/www.hml-fetish.de\/shop\/college-struempfe\/","title":{"rendered":"College-Str\u00fcmpfe"},"content":{"rendered":"<p>Das Team von barcode Berlin ist bekannt f\u00fcr seine hochwertige Ware aus europ\u00e4ischer Produktion. Ganz neu gibt es jetzt auch farbenfrohe College-Str\u00fcmpfe, die zu Deinen Sporthosen besonders scharf aussehen! Der pflegeleichte Materialmix macht sie besonders geeignet f\u00fcr Sport und anders schwei\u00dftreibende Besch\u00e4ftigungen. Dies sind die genau passenden Str\u00fcmpfe f\u00fcr den Workout im Sportstudio, den morgendlichen Waldlauf oder die Tanzfl\u00e4che Deiner Lieblingsdisko. Sie sind aus 75% Baumwolle, 23% Polyamid und 2% Elasthan, vorgewaschen und z.Z. in f\u00fcnf kr\u00e4ftigen Farbkombis erh\u00e4ltlich.<\/p>\n<p>Es gibt diese Str\u00fcmpfe in zwei Gr\u00f6\u00dfen: f\u00fcr Schuhgr\u00f6\u00dfe 39 &#8211; 42 und 43 &#8211; 46.<\/p>\n<p>1 Paar<\/p>\n<p><img decoding=\"async\" title=\"barcode Berlin\" src=\"\/template\/barcode.gif\" alt=\"barcode Berlin\" \/><\/p>\n","protected":false},"excerpt":{"rendered":"<h4>College-Str\u00fcmpfe<\/h4>\n<p>Das Team von barcode Berlin ist bekannt f\u00fcr seine hochwertige Ware aus europ\u00e4ischer Produktion. Ganz neu gibt es jetzt auch farbenfrohe Sommer-Str\u00fcmpfe, die zu Deinen Sporthosen besonders scharf aussehen! Der pflegeleichte Materialmix macht sie besonders geeignet f\u00fcr Sport und anders schwei\u00dftreibende Besch\u00e4ftigungen. Dies sind die genau passenden Str\u00fcmpfe f\u00fcr den Workout im Sportstudio, den morgendlichen Waldlauf oder die Tanzfl\u00e4che Deiner Lieblingsdisko. Sie sind aus 75% Baumwolle, 23% Polyamid und 2% Elasthan, vorgewaschen und z.Z. in f\u00fcnf kr\u00e4ftigen Farbkombis erh\u00e4ltlich.<\/p>\n","protected":false},"featured_media":11255,"comment_status":"open","ping_status":"closed","template":"","meta":[],"product_brand":[],"product_cat":[169,125,108,121],"product_tag":[],"class_list":{"0":"post-7239","1":"product","2":"type-product","3":"status-publish","4":"has-post-thumbnail","6":"product_cat-army-accessoires","7":"product_cat-gay-pride","8":"product_cat-restposten-einzelstuecke","9":"product_cat-socken-struempfe","10":"product_shipping_class-brief","12":"first","13":"instock","14":"sale","15":"taxable","16":"shipping-taxable","17":"purchasable","18":"product-type-variable"},"_links":{"self":[{"href":"https:\/\/www.hml-fetish.de\/shop\/wp-json\/wp\/v2\/product\/7239","targetHints":{"allow":["GET"]}}],"collection":[{"href":"https:\/\/www.hml-fetish.de\/shop\/wp-json\/wp\/v2\/product"}],"about":[{"href":"https:\/\/www.hml-fetish.de\/shop\/wp-json\/wp\/v2\/types\/product"}],"replies":[{"embeddable":true,"href":"https:\/\/www.hml-fetish.de\/shop\/wp-json\/wp\/v2\/comments?post=7239"}],"version-history":[{"count":0,"href":"https:\/\/www.hml-fetish.de\/shop\/wp-json\/wp\/v2\/product\/7239\/revisions"}],"wp:featuredmedia":[{"embeddable":true,"href":"https:\/\/www.hml-fetish.de\/shop\/wp-json\/wp\/v2\/media\/11255"}],"wp:attachment":[{"href":"https:\/\/www.hml-fetish.de\/shop\/wp-json\/wp\/v2\/media?parent=7239"}],"wp:term":[{"taxonomy":"product_brand","embeddable":true,"href":"https:\/\/www.hml-fetish.de\/shop\/wp-json\/wp\/v2\/product_brand?post=7239"},{"taxonomy":"product_cat","embeddable":true,"href":"https:\/\/www.hml-fetish.de\/shop\/wp-json\/wp\/v2\/product_cat?post=7239"},{"taxonomy":"product_tag","embeddable":true,"href":"https:\/\/www.hml-fetish.de\/shop\/wp-json\/wp\/v2\/product_tag?post=7239"}],"curies":[{"name":"wp","href":"https:\/\/api.w.org\/{rel}","templated":true}]}}