{"id":7228,"date":"2022-01-23T22:55:40","date_gmt":"2022-01-23T21:55:40","guid":{"rendered":"https:\/\/www.hml-fetish.de\/shop\/?post_type=product&#038;p=7228"},"modified":"2025-02-17T16:55:37","modified_gmt":"2025-02-17T15:55:37","slug":"leder-schaftstiefel","status":"publish","type":"product","link":"https:\/\/www.hml-fetish.de\/shop\/leder-schaftstiefel\/","title":{"rendered":"Leder-Schaftstiefel"},"content":{"rendered":"<p>Das sind sie, die richtig guten Tall-Boots in schlanker Form. Mit Bogen und Schnalle und in allerbester Qualit\u00e4t. Schwarzes hydrophobiertes Rindbox Oberleder, wasserfest und strapazierf\u00e4hig. Rahmengen\u00e4ht. Durchgehend mit Kalbsleder gef\u00fcttert. Rutschfeste Gummisohle. Die Sch\u00e4fte der Stiefel sind etwa 44 cm hoch, an der Beinau\u00dfenseite plus 3 cm Bogen (plus 3 cm Sohle und Absatz). Erh\u00e4ltlich in den deutschen Schuhgr\u00f6\u00dfen von 39 bis 47.<\/p>\n<p>Du kannst diese Reitstiefel auch mit diversen weiteren Features bekommen. Zum Beispiel mit Schalthebelverst\u00e4rkung zum Motorradfahren oder mit deinen individuellen Ma\u00dfen.<\/p>\n<p><img decoding=\"async\" title=\"Gr\u00f6\u00dfentabelle\" src=\"\/GIF\/size_boots.gif\" alt=\"Gr\u00f6\u00dfentabelle\" width=\"113\" height=\"198\" border=\"0\" \/>\u00a0<img decoding=\"async\" title=\"Gr\u00f6\u00dfentabelle\" src=\"\/GIF\/size_wade.gif\" alt=\"Gr\u00f6\u00dfentabelle\" width=\"136\" height=\"198\" border=\"0\" \/><\/p>\n","protected":false},"excerpt":{"rendered":"<h4>Leder-Schaftstiefel<\/h4>\n<p>Das sind sie, die richtig guten Tall-Boots in schlanker Form. Mit Bogen und Schnalle und in allerbester Qualit\u00e4t. Schwarzes hydrophobiertes Rindbox Oberleder, wasserfest und strapazierf\u00e4hig. Rahmengen\u00e4ht. Durchgehend mit Kalbsleder gef\u00fcttert. Rutschfeste Gummisohle. Die Sch\u00e4fte der Stiefel sind etwa 44 cm hoch, an der Beinau\u00dfenseite plus 3 cm Bogen (plus 3 cm Sohle und Absatz). Erh\u00e4ltlich in den deutschen Schuhgr\u00f6\u00dfen von 39 bis 47.<\/p>\n<p>Du kannst diese <a title=\"Derby-Reitstiefel\" href=\"https:\/\/www.derby.nl\/\" target=\"_blank\" rel=\"noopener\">Derby-Reitstiefel<\/a> auch mit diversen weiteren Features bekommen. Zum Beispiel mit Schalthebelverst\u00e4rkung zum Motorradfahren oder mit deinen individuellen Ma\u00dfen. Einen preiswerteren <a title=\"Polizei Winter Schaftstiefel\" href=\"https:\/\/www.hml-fetish.de\/shop\/polizei-winter-schaftstiefel\/\" target=\"_blank\" rel=\"noopener\">Polizei Winter Schaftstiefel<\/a>.<\/p>\n<p><img decoding=\"async\" title=\"Gr\u00f6\u00dfentabelle\" src=\"\/GIF\/size_boots.gif\" alt=\"Gr\u00f6\u00dfentabelle\" width=\"113\" height=\"198\" border=\"0\" \/>\u00a0<img decoding=\"async\" title=\"Gr\u00f6\u00dfentabelle\" src=\"\/GIF\/size_wade.gif\" alt=\"Gr\u00f6\u00dfentabelle\" width=\"136\" height=\"198\" border=\"0\" \/><\/p>\n","protected":false},"featured_media":11284,"comment_status":"open","ping_status":"closed","template":"","meta":[],"product_brand":[],"product_cat":[153,95,132,148,150],"product_tag":[2451],"class_list":{"0":"post-7228","1":"product","2":"type-product","3":"status-publish","4":"has-post-thumbnail","6":"product_cat-stiefel","7":"product_cat-bestseller","8":"product_cat-dungeon","9":"product_cat-guertel-gurte","10":"product_cat-uniformen","11":"product_tag-derby-schaftstiefel","12":"product_shipping_class-paket","14":"first","15":"instock","16":"taxable","17":"shipping-taxable","18":"purchasable","19":"product-type-variable"},"_links":{"self":[{"href":"https:\/\/www.hml-fetish.de\/shop\/wp-json\/wp\/v2\/product\/7228","targetHints":{"allow":["GET"]}}],"collection":[{"href":"https:\/\/www.hml-fetish.de\/shop\/wp-json\/wp\/v2\/product"}],"about":[{"href":"https:\/\/www.hml-fetish.de\/shop\/wp-json\/wp\/v2\/types\/product"}],"replies":[{"embeddable":true,"href":"https:\/\/www.hml-fetish.de\/shop\/wp-json\/wp\/v2\/comments?post=7228"}],"version-history":[{"count":0,"href":"https:\/\/www.hml-fetish.de\/shop\/wp-json\/wp\/v2\/product\/7228\/revisions"}],"wp:featuredmedia":[{"embeddable":true,"href":"https:\/\/www.hml-fetish.de\/shop\/wp-json\/wp\/v2\/media\/11284"}],"wp:attachment":[{"href":"https:\/\/www.hml-fetish.de\/shop\/wp-json\/wp\/v2\/media?parent=7228"}],"wp:term":[{"taxonomy":"product_brand","embeddable":true,"href":"https:\/\/www.hml-fetish.de\/shop\/wp-json\/wp\/v2\/product_brand?post=7228"},{"taxonomy":"product_cat","embeddable":true,"href":"https:\/\/www.hml-fetish.de\/shop\/wp-json\/wp\/v2\/product_cat?post=7228"},{"taxonomy":"product_tag","embeddable":true,"href":"https:\/\/www.hml-fetish.de\/shop\/wp-json\/wp\/v2\/product_tag?post=7228"}],"curies":[{"name":"wp","href":"https:\/\/api.w.org\/{rel}","templated":true}]}}