{"id":7226,"date":"2022-01-23T22:55:39","date_gmt":"2022-01-23T21:55:39","guid":{"rendered":"https:\/\/www.hml-fetish.de\/shop\/?post_type=product&#038;p=7226"},"modified":"2026-02-10T17:25:40","modified_gmt":"2026-02-10T16:25:40","slug":"14-loch-stiefel","status":"publish","type":"product","link":"https:\/\/www.hml-fetish.de\/shop\/14-loch-stiefel\/","title":{"rendered":"14-Loch-Stiefel"},"content":{"rendered":"<p>Typisch britische Schn\u00fcrstiefel mit 14-Loch Schn\u00fcrung. Also mit einer Schafth\u00f6he von etwa 26 cm (gemessen bei der mittleren UK-Gr\u00f6\u00dfe 9, gleich etwa der deutschen Gr\u00f6\u00dfe 43). Vorne mit Stahlkappe. Die stark profilierte Gummisohle ist vern\u00e4ht und verschraubt. Ungef\u00fcttert und aus etwa 1,8 mm dickem Leder. Erh\u00e4ltlich in den UK-Gr\u00f6\u00dfen 6 bis 12.<\/p>\n<p><img decoding=\"async\" title=\"Gr\u00f6\u00dfentabelle\" src=\"\/GIF\/size_boots.gif\" alt=\"Gr\u00f6\u00dfentabelle\" width=\"113\" height=\"198\" border=\"0\" \/><\/p>\n","protected":false},"excerpt":{"rendered":"<h4>14-Loch-Stiefel<\/h4>\n<p>Typisch englische Schn\u00fcrstiefel mit 14-Loch Schn\u00fcrung. Also mit einer Schafth\u00f6he von etwa 26 cm (gemessen bei der mittleren UK-Gr\u00f6\u00dfe 9, gleich etwa der deutschen Gr\u00f6\u00dfe 43). Vorne mit Stahlkappe. Die stark profilierte Gummisohle ist vern\u00e4hte und verschraubt. Ungef\u00fcttert und aus etwa 1,8 mm dickem Leder. Erh\u00e4ltlich in den UK-Gr\u00f6\u00dfen 6 bis 12.<\/p>\n","protected":false},"featured_media":11388,"comment_status":"open","ping_status":"closed","template":"","meta":[],"product_brand":[],"product_cat":[153,171],"product_tag":[],"class_list":{"0":"post-7226","1":"product","2":"type-product","3":"status-publish","4":"has-post-thumbnail","6":"product_cat-stiefel","7":"product_cat-army-boots-caps","8":"product_shipping_class-paket","10":"first","11":"instock","12":"taxable","13":"shipping-taxable","14":"purchasable","15":"product-type-variable"},"_links":{"self":[{"href":"https:\/\/www.hml-fetish.de\/shop\/wp-json\/wp\/v2\/product\/7226","targetHints":{"allow":["GET"]}}],"collection":[{"href":"https:\/\/www.hml-fetish.de\/shop\/wp-json\/wp\/v2\/product"}],"about":[{"href":"https:\/\/www.hml-fetish.de\/shop\/wp-json\/wp\/v2\/types\/product"}],"replies":[{"embeddable":true,"href":"https:\/\/www.hml-fetish.de\/shop\/wp-json\/wp\/v2\/comments?post=7226"}],"version-history":[{"count":0,"href":"https:\/\/www.hml-fetish.de\/shop\/wp-json\/wp\/v2\/product\/7226\/revisions"}],"wp:featuredmedia":[{"embeddable":true,"href":"https:\/\/www.hml-fetish.de\/shop\/wp-json\/wp\/v2\/media\/11388"}],"wp:attachment":[{"href":"https:\/\/www.hml-fetish.de\/shop\/wp-json\/wp\/v2\/media?parent=7226"}],"wp:term":[{"taxonomy":"product_brand","embeddable":true,"href":"https:\/\/www.hml-fetish.de\/shop\/wp-json\/wp\/v2\/product_brand?post=7226"},{"taxonomy":"product_cat","embeddable":true,"href":"https:\/\/www.hml-fetish.de\/shop\/wp-json\/wp\/v2\/product_cat?post=7226"},{"taxonomy":"product_tag","embeddable":true,"href":"https:\/\/www.hml-fetish.de\/shop\/wp-json\/wp\/v2\/product_tag?post=7226"}],"curies":[{"name":"wp","href":"https:\/\/api.w.org\/{rel}","templated":true}]}}