{"id":7223,"date":"2022-01-23T22:55:38","date_gmt":"2022-01-23T21:55:38","guid":{"rendered":"https:\/\/www.hml-fetish.de\/shop\/?post_type=product&#038;p=7223"},"modified":"2022-02-16T12:52:55","modified_gmt":"2022-02-16T11:52:55","slug":"leder-halbschuh","status":"publish","type":"product","link":"https:\/\/www.hml-fetish.de\/shop\/leder-halbschuh\/","title":{"rendered":"Leder Halbschuh"},"content":{"rendered":"<p>Ein Schuh, der sowohl f\u00fcr die Baustelle als auch f\u00fcr&#8217;s B\u00fcro geeignet ist. Gen\u00e4hte und verschraubte Profilsohle, gepolsterte Einfassung und Stahlkappe. Die 3-Loch-Schn\u00fcrung ist ganz zu \u00f6ffnen. In den UK-Gr\u00f6\u00dfen 6 bis 12.<br \/>\n<BR><img decoding=\"async\" src=\"\/GIF\/size_boots.gif\" alt=\"Gr\u00f6\u00dfentabelle\" title=\"Gr\u00f6\u00dfentabelle\" border=\"0\" height=\"198\" width=\"113\"><\/p>\n","protected":false},"excerpt":{"rendered":"<h4>Leder Halbschuh<\/h4>\n<p>Ein Schuh, der sowohl f\u00fcr die Baustelle als auch f\u00fcr&#8217;s B\u00fcro geeignet ist. Gen\u00e4hte und verschraubte Profilsohle, gepolsterte Einfassung und Stahlkappe. Die 3-Loch-Schn\u00fcrung ist ganz zu \u00f6ffnen. In den UK-Gr\u00f6\u00dfen 6 bis 12.<\/p>\n","protected":false},"featured_media":11482,"comment_status":"open","ping_status":"closed","template":"","meta":[],"product_brand":[],"product_cat":[153,171,108],"product_tag":[],"class_list":{"0":"post-7223","1":"product","2":"type-product","3":"status-publish","4":"has-post-thumbnail","6":"product_cat-stiefel","7":"product_cat-army-boots-caps","8":"product_cat-restposten-einzelstuecke","9":"product_shipping_class-paket","11":"first","12":"instock","13":"sale","14":"taxable","15":"shipping-taxable","16":"purchasable","17":"product-type-variable"},"_links":{"self":[{"href":"https:\/\/www.hml-fetish.de\/shop\/wp-json\/wp\/v2\/product\/7223","targetHints":{"allow":["GET"]}}],"collection":[{"href":"https:\/\/www.hml-fetish.de\/shop\/wp-json\/wp\/v2\/product"}],"about":[{"href":"https:\/\/www.hml-fetish.de\/shop\/wp-json\/wp\/v2\/types\/product"}],"replies":[{"embeddable":true,"href":"https:\/\/www.hml-fetish.de\/shop\/wp-json\/wp\/v2\/comments?post=7223"}],"version-history":[{"count":0,"href":"https:\/\/www.hml-fetish.de\/shop\/wp-json\/wp\/v2\/product\/7223\/revisions"}],"wp:featuredmedia":[{"embeddable":true,"href":"https:\/\/www.hml-fetish.de\/shop\/wp-json\/wp\/v2\/media\/11482"}],"wp:attachment":[{"href":"https:\/\/www.hml-fetish.de\/shop\/wp-json\/wp\/v2\/media?parent=7223"}],"wp:term":[{"taxonomy":"product_brand","embeddable":true,"href":"https:\/\/www.hml-fetish.de\/shop\/wp-json\/wp\/v2\/product_brand?post=7223"},{"taxonomy":"product_cat","embeddable":true,"href":"https:\/\/www.hml-fetish.de\/shop\/wp-json\/wp\/v2\/product_cat?post=7223"},{"taxonomy":"product_tag","embeddable":true,"href":"https:\/\/www.hml-fetish.de\/shop\/wp-json\/wp\/v2\/product_tag?post=7223"}],"curies":[{"name":"wp","href":"https:\/\/api.w.org\/{rel}","templated":true}]}}