{"id":7222,"date":"2022-01-23T22:55:38","date_gmt":"2022-01-23T21:55:38","guid":{"rendered":"https:\/\/www.hml-fetish.de\/shop\/?post_type=product&#038;p=7222"},"modified":"2026-03-22T12:16:58","modified_gmt":"2026-03-22T11:16:58","slug":"springerstiefel-leder","status":"publish","type":"product","link":"https:\/\/www.hml-fetish.de\/shop\/springerstiefel-leder\/","title":{"rendered":"Springerstiefel Leder"},"content":{"rendered":"<p>Das Modell der alten Feldstiefel der Bundeswehr mit doppelt vern\u00e4hter Traktorsohle und 9 \u00d6sen Schnellzug-Schn\u00fcrung. Der Schaft ist am Kn\u00f6chel gepolstert, der Stiefel ganz gef\u00fcttert. Schafth\u00f6he etwa 25 cm. In den Gr\u00f6\u00dfen 39 bis 47. So k\u00e4mpft man heute!<\/p>\n<p><img decoding=\"async\" title=\"Gr\u00f6\u00dfentabelle\" src=\"\/GIF\/size_boots.gif\" alt=\"Gr\u00f6\u00dfentabelle\" width=\"113\" height=\"198\" border=\"0\" \/><\/p>\n","protected":false},"excerpt":{"rendered":"<h4>Springerstiefel Leder<\/h4>\n<p>Das Modell der alten Feldstiefel der Bundeswehr mit doppelt vern\u00e4hter Traktorsohle und 9 \u00d6sen Schnellzug-Schn\u00fcrung. Der Schaft ist am Kn\u00f6chel gepolstert, der Stiefel ganz gef\u00fcttert. Schafth\u00f6he etwa 25 cm. In den Gr\u00f6\u00dfen 39 bis 47. So k\u00e4mpft man heute!<\/p>\n","protected":false},"featured_media":11505,"comment_status":"open","ping_status":"closed","template":"","meta":[],"product_brand":[],"product_cat":[153,171,95,132,148],"product_tag":[],"class_list":{"0":"post-7222","1":"product","2":"type-product","3":"status-publish","4":"has-post-thumbnail","6":"product_cat-stiefel","7":"product_cat-army-boots-caps","8":"product_cat-bestseller","9":"product_cat-dungeon","10":"product_cat-guertel-gurte","11":"product_shipping_class-paket","13":"first","14":"instock","15":"sale","16":"taxable","17":"shipping-taxable","18":"purchasable","19":"product-type-variable"},"_links":{"self":[{"href":"https:\/\/www.hml-fetish.de\/shop\/wp-json\/wp\/v2\/product\/7222","targetHints":{"allow":["GET"]}}],"collection":[{"href":"https:\/\/www.hml-fetish.de\/shop\/wp-json\/wp\/v2\/product"}],"about":[{"href":"https:\/\/www.hml-fetish.de\/shop\/wp-json\/wp\/v2\/types\/product"}],"replies":[{"embeddable":true,"href":"https:\/\/www.hml-fetish.de\/shop\/wp-json\/wp\/v2\/comments?post=7222"}],"version-history":[{"count":0,"href":"https:\/\/www.hml-fetish.de\/shop\/wp-json\/wp\/v2\/product\/7222\/revisions"}],"wp:featuredmedia":[{"embeddable":true,"href":"https:\/\/www.hml-fetish.de\/shop\/wp-json\/wp\/v2\/media\/11505"}],"wp:attachment":[{"href":"https:\/\/www.hml-fetish.de\/shop\/wp-json\/wp\/v2\/media?parent=7222"}],"wp:term":[{"taxonomy":"product_brand","embeddable":true,"href":"https:\/\/www.hml-fetish.de\/shop\/wp-json\/wp\/v2\/product_brand?post=7222"},{"taxonomy":"product_cat","embeddable":true,"href":"https:\/\/www.hml-fetish.de\/shop\/wp-json\/wp\/v2\/product_cat?post=7222"},{"taxonomy":"product_tag","embeddable":true,"href":"https:\/\/www.hml-fetish.de\/shop\/wp-json\/wp\/v2\/product_tag?post=7222"}],"curies":[{"name":"wp","href":"https:\/\/api.w.org\/{rel}","templated":true}]}}