{"id":7221,"date":"2022-01-23T22:55:38","date_gmt":"2022-01-23T21:55:38","guid":{"rendered":"https:\/\/www.hml-fetish.de\/shop\/?post_type=product&#038;p=7221"},"modified":"2025-02-25T15:51:46","modified_gmt":"2025-02-25T14:51:46","slug":"polizei-winter-schaftstiefel","status":"publish","type":"product","link":"https:\/\/www.hml-fetish.de\/shop\/polizei-winter-schaftstiefel\/","title":{"rendered":"Polizei Winter Schaftstiefel"},"content":{"rendered":"<p>Winter-Schaftstiefel der niederl\u00e4ndischen Motorrad-Polizei. Schwarzes hydrophobiertes Rindbox Oberleder, wasserfest und strapazierf\u00e4hig. Die besonders stabilen Sch\u00e4fte halten auch ohne Stiefelspanner die Form! Rahmengen\u00e4ht. Durchgehend mit Teddyfutter gef\u00fcttert. Rutschfeste Gummisohle. Die Stiefel sind je nach Gr\u00f6\u00dfe etwa 44-47 cm hoch und haben keinen Dressurbogen, schlie\u00dfen oben also gerade ab. Dies ist ein Sonderposten, also nur solange der Vorrat reicht!<\/p>\n<p><img decoding=\"async\" title=\"Gr\u00f6\u00dfentabelle\" src=\"\/GIF\/size_boots.gif\" alt=\"Gr\u00f6\u00dfentabelle\" width=\"113\" height=\"198\" border=\"0\" \/>\u00a0<img decoding=\"async\" title=\"Gr\u00f6\u00dfentabelle\" src=\"\/GIF\/size_wade.gif\" alt=\"Gr\u00f6\u00dfentabelle\" width=\"136\" height=\"198\" border=\"0\" \/><\/p>\n","protected":false},"excerpt":{"rendered":"<h4>Polizei Winter Schaftstiefel<\/h4>\n<p>Motorrad Schaftstiefel der niederl\u00e4ndischen Motorrad-Polizei. Schwarzes hydrophobiertes Rindbox Oberleder, wasserfest und strapazierf\u00e4hig. Die besonders stabilen Sch\u00e4fte halten auch ohne Stiefelspanner die Form! Rahmengen\u00e4ht. Durchgehend mit Teddyfutter gef\u00fcttert. Rutschfeste Gummisohle. Die Stiefel sind je nach Gr\u00f6\u00dfe etwa 44-47 cm hoch und haben keinen Dressurbogen, schlie\u00dfen oben also gerade ab. Dies ist ein Sonderposten, also nur solange der Vorrat reicht!<\/p>\n","protected":false},"featured_media":11556,"comment_status":"open","ping_status":"closed","template":"","meta":[],"product_brand":[],"product_cat":[153,105,150],"product_tag":[2451],"class_list":{"0":"post-7221","1":"product","2":"type-product","3":"status-publish","4":"has-post-thumbnail","6":"product_cat-stiefel","7":"product_cat-sonderangebote","8":"product_cat-uniformen","9":"product_tag-derby-schaftstiefel","10":"product_shipping_class-paket","12":"first","13":"instock","14":"sale","15":"taxable","16":"shipping-taxable","17":"purchasable","18":"product-type-variable"},"_links":{"self":[{"href":"https:\/\/www.hml-fetish.de\/shop\/wp-json\/wp\/v2\/product\/7221","targetHints":{"allow":["GET"]}}],"collection":[{"href":"https:\/\/www.hml-fetish.de\/shop\/wp-json\/wp\/v2\/product"}],"about":[{"href":"https:\/\/www.hml-fetish.de\/shop\/wp-json\/wp\/v2\/types\/product"}],"replies":[{"embeddable":true,"href":"https:\/\/www.hml-fetish.de\/shop\/wp-json\/wp\/v2\/comments?post=7221"}],"version-history":[{"count":0,"href":"https:\/\/www.hml-fetish.de\/shop\/wp-json\/wp\/v2\/product\/7221\/revisions"}],"wp:featuredmedia":[{"embeddable":true,"href":"https:\/\/www.hml-fetish.de\/shop\/wp-json\/wp\/v2\/media\/11556"}],"wp:attachment":[{"href":"https:\/\/www.hml-fetish.de\/shop\/wp-json\/wp\/v2\/media?parent=7221"}],"wp:term":[{"taxonomy":"product_brand","embeddable":true,"href":"https:\/\/www.hml-fetish.de\/shop\/wp-json\/wp\/v2\/product_brand?post=7221"},{"taxonomy":"product_cat","embeddable":true,"href":"https:\/\/www.hml-fetish.de\/shop\/wp-json\/wp\/v2\/product_cat?post=7221"},{"taxonomy":"product_tag","embeddable":true,"href":"https:\/\/www.hml-fetish.de\/shop\/wp-json\/wp\/v2\/product_tag?post=7221"}],"curies":[{"name":"wp","href":"https:\/\/api.w.org\/{rel}","templated":true}]}}