{"id":7218,"date":"2022-01-23T22:55:16","date_gmt":"2022-01-23T21:55:16","guid":{"rendered":"https:\/\/www.hml-fetish.de\/shop\/?post_type=product&#038;p=7218"},"modified":"2025-06-24T18:19:21","modified_gmt":"2025-06-24T16:19:21","slug":"engineer-stiefel-ii","status":"publish","type":"product","link":"https:\/\/www.hml-fetish.de\/shop\/engineer-stiefel-ii\/","title":{"rendered":"Engineer Stiefel II"},"content":{"rendered":"<p>Die mit der robusten Arbeitsstiefel-Optik! Schwarzes glattes Rindleder, etwa 2 mm dick und innen nicht gef\u00fcttert. Verst\u00e4rkte Ferse. \u00dcber dem Spann und oben am Schaft mit je einem Schnallen-Gurt mit silberfarbenen Schnallen. Hervorragend verarbeitet. Die rahmengen\u00e4hte Sicherheitssohle ist rutschfest und mit Waffelmuster.<br \/>\n<BR>In den UK-Gr\u00f6\u00dfen 6 bis 12.<br \/>\n<BR><img decoding=\"async\" src=\"\/GIF\/size_boots.gif\" alt=\"Gr\u00f6\u00dfentabelle\" title=\"Gr\u00f6\u00dfentabelle\" border=\"0\" height=\"198\" width=\"113\"><\/p>\n","protected":false},"excerpt":{"rendered":"<h4>Engineer Stiefel II<\/h4>\n<p>Die mit der robusten Arbeitsstiefel-Optik! Schwarzes glattes Rindleder, etwa 2 mm dick und innen nicht gef\u00fcttert. Verst\u00e4rkte Ferse. \u00dcber dem Spann und oben am Schaft mit je einem Schnallen-Gurt mit silberfarbenen Schnallen. Hervorragend verarbeitet. Mit einer rahmengen\u00e4hten Sicherheitssohle, rutschfest und mit Waffelmuster.<\/p>\n","protected":false},"featured_media":11616,"comment_status":"open","ping_status":"closed","template":"","meta":[],"product_brand":[],"product_cat":[153,171,108],"product_tag":[],"class_list":{"0":"post-7218","1":"product","2":"type-product","3":"status-publish","4":"has-post-thumbnail","6":"product_cat-stiefel","7":"product_cat-army-boots-caps","8":"product_cat-restposten-einzelstuecke","9":"product_shipping_class-paket","11":"first","12":"instock","13":"sale","14":"taxable","15":"shipping-taxable","16":"purchasable","17":"product-type-variable"},"_links":{"self":[{"href":"https:\/\/www.hml-fetish.de\/shop\/wp-json\/wp\/v2\/product\/7218","targetHints":{"allow":["GET"]}}],"collection":[{"href":"https:\/\/www.hml-fetish.de\/shop\/wp-json\/wp\/v2\/product"}],"about":[{"href":"https:\/\/www.hml-fetish.de\/shop\/wp-json\/wp\/v2\/types\/product"}],"replies":[{"embeddable":true,"href":"https:\/\/www.hml-fetish.de\/shop\/wp-json\/wp\/v2\/comments?post=7218"}],"version-history":[{"count":0,"href":"https:\/\/www.hml-fetish.de\/shop\/wp-json\/wp\/v2\/product\/7218\/revisions"}],"wp:featuredmedia":[{"embeddable":true,"href":"https:\/\/www.hml-fetish.de\/shop\/wp-json\/wp\/v2\/media\/11616"}],"wp:attachment":[{"href":"https:\/\/www.hml-fetish.de\/shop\/wp-json\/wp\/v2\/media?parent=7218"}],"wp:term":[{"taxonomy":"product_brand","embeddable":true,"href":"https:\/\/www.hml-fetish.de\/shop\/wp-json\/wp\/v2\/product_brand?post=7218"},{"taxonomy":"product_cat","embeddable":true,"href":"https:\/\/www.hml-fetish.de\/shop\/wp-json\/wp\/v2\/product_cat?post=7218"},{"taxonomy":"product_tag","embeddable":true,"href":"https:\/\/www.hml-fetish.de\/shop\/wp-json\/wp\/v2\/product_tag?post=7218"}],"curies":[{"name":"wp","href":"https:\/\/api.w.org\/{rel}","templated":true}]}}