{"id":7217,"date":"2022-01-23T22:55:16","date_gmt":"2022-01-23T21:55:16","guid":{"rendered":"https:\/\/www.hml-fetish.de\/shop\/?post_type=product&#038;p=7217"},"modified":"2022-02-16T19:55:27","modified_gmt":"2022-02-16T18:55:27","slug":"engineer-stiefel-groesse-39","status":"publish","type":"product","link":"https:\/\/www.hml-fetish.de\/shop\/engineer-stiefel-groesse-39\/","title":{"rendered":"Engineer Stiefel Gr\u00f6\u00dfe 39"},"content":{"rendered":"<p>Die mit der robusten Arbeitsstiefel-Optik! Schwarzes glattes Rindleder, etwa 2,4 mm (!) dick und innen mit hellem Schweinsleder ausgekleidet. Verst\u00e4rkte Ferse. \u00dcber dem Spann und oben am Schaft mit je einem Schnallen-Gurt. Hervorragend verarbeitet. Mit einer rahmengen\u00e4hten Sicherheitssohle.<br \/>\n<BR><img decoding=\"async\" src=\"\/GIF\/size_boots.gif\" alt=\"Gr\u00f6\u00dfentabelle\" title=\"Gr\u00f6\u00dfentabelle\" border=\"0\" height=\"198\" width=\"113\"><\/p>\n","protected":false},"excerpt":{"rendered":"<h4>Engineer Stiefel Gr\u00f6\u00dfe 39<\/h4>\n<p>Die mit der robusten Arbeitsstiefel-Optik! Schwarzes glattes Rindleder, etwa 2,4 mm (!) dick und innen mit hellem Schweinsleder ausgekleidet. Verst\u00e4rkte Ferse. \u00dcber dem Spann und oben am Schaft mit je einem Schnallen-Gurt. Hervorragend verarbeitet. Mit einer rahmengen\u00e4hten Sicherheitssohle.<\/p>\n","protected":false},"featured_media":11631,"comment_status":"open","ping_status":"closed","template":"","meta":[],"product_brand":[],"product_cat":[153,171,108],"product_tag":[],"class_list":{"0":"post-7217","1":"product","2":"type-product","3":"status-publish","4":"has-post-thumbnail","6":"product_cat-stiefel","7":"product_cat-army-boots-caps","8":"product_cat-restposten-einzelstuecke","9":"product_shipping_class-paket","11":"first","12":"instock","13":"sale","14":"taxable","15":"shipping-taxable","16":"purchasable","17":"product-type-simple"},"_links":{"self":[{"href":"https:\/\/www.hml-fetish.de\/shop\/wp-json\/wp\/v2\/product\/7217","targetHints":{"allow":["GET"]}}],"collection":[{"href":"https:\/\/www.hml-fetish.de\/shop\/wp-json\/wp\/v2\/product"}],"about":[{"href":"https:\/\/www.hml-fetish.de\/shop\/wp-json\/wp\/v2\/types\/product"}],"replies":[{"embeddable":true,"href":"https:\/\/www.hml-fetish.de\/shop\/wp-json\/wp\/v2\/comments?post=7217"}],"version-history":[{"count":0,"href":"https:\/\/www.hml-fetish.de\/shop\/wp-json\/wp\/v2\/product\/7217\/revisions"}],"wp:featuredmedia":[{"embeddable":true,"href":"https:\/\/www.hml-fetish.de\/shop\/wp-json\/wp\/v2\/media\/11631"}],"wp:attachment":[{"href":"https:\/\/www.hml-fetish.de\/shop\/wp-json\/wp\/v2\/media?parent=7217"}],"wp:term":[{"taxonomy":"product_brand","embeddable":true,"href":"https:\/\/www.hml-fetish.de\/shop\/wp-json\/wp\/v2\/product_brand?post=7217"},{"taxonomy":"product_cat","embeddable":true,"href":"https:\/\/www.hml-fetish.de\/shop\/wp-json\/wp\/v2\/product_cat?post=7217"},{"taxonomy":"product_tag","embeddable":true,"href":"https:\/\/www.hml-fetish.de\/shop\/wp-json\/wp\/v2\/product_tag?post=7217"}],"curies":[{"name":"wp","href":"https:\/\/api.w.org\/{rel}","templated":true}]}}