{"id":7214,"date":"2022-01-23T22:55:15","date_gmt":"2022-01-23T21:55:15","guid":{"rendered":"https:\/\/www.hml-fetish.de\/shop\/?post_type=product&#038;p=7214"},"modified":"2023-04-27T22:37:34","modified_gmt":"2023-04-27T20:37:34","slug":"stiefelknecht","status":"publish","type":"product","link":"https:\/\/www.hml-fetish.de\/shop\/stiefelknecht\/","title":{"rendered":"Stiefelknecht"},"content":{"rendered":"<p>Rustikale und rutschfeste Ausf\u00fchrung in Holz. Einfach den Absatz in die Auskehlung einhaken, mit dem anderen Fu\u00df auf die Fl\u00e4che treten und aus dem eingehakten Stiefel schl\u00fcpfen. Gerade bei eng anliegenden Schaftstiefeln ist dieser preiswerte Helfer unentbehrlich.<\/p>\n","protected":false},"excerpt":{"rendered":"<h4>Stiefelknecht<\/h4>\n<p>Rustikale und rutschfeste Ausf\u00fchrung in Holz. Einfach den Absatz in die Auskehlung einhaken, mit dem anderen Fu\u00df auf die Fl\u00e4che treten und aus dem eingehakten Stiefel schl\u00fcpfen. Gerade bei eng anliegenden Schaftstiefeln ist dieser preiswerte Helfer unentbehrlich.<\/p>\n","protected":false},"featured_media":11646,"comment_status":"open","ping_status":"closed","template":"","meta":[],"product_brand":[],"product_cat":[153,171],"product_tag":[],"class_list":{"0":"post-7214","1":"product","2":"type-product","3":"status-publish","4":"has-post-thumbnail","6":"product_cat-stiefel","7":"product_cat-army-boots-caps","8":"product_shipping_class-paket","10":"first","11":"instock","12":"taxable","13":"shipping-taxable","14":"purchasable","15":"product-type-simple"},"_links":{"self":[{"href":"https:\/\/www.hml-fetish.de\/shop\/wp-json\/wp\/v2\/product\/7214","targetHints":{"allow":["GET"]}}],"collection":[{"href":"https:\/\/www.hml-fetish.de\/shop\/wp-json\/wp\/v2\/product"}],"about":[{"href":"https:\/\/www.hml-fetish.de\/shop\/wp-json\/wp\/v2\/types\/product"}],"replies":[{"embeddable":true,"href":"https:\/\/www.hml-fetish.de\/shop\/wp-json\/wp\/v2\/comments?post=7214"}],"version-history":[{"count":0,"href":"https:\/\/www.hml-fetish.de\/shop\/wp-json\/wp\/v2\/product\/7214\/revisions"}],"wp:featuredmedia":[{"embeddable":true,"href":"https:\/\/www.hml-fetish.de\/shop\/wp-json\/wp\/v2\/media\/11646"}],"wp:attachment":[{"href":"https:\/\/www.hml-fetish.de\/shop\/wp-json\/wp\/v2\/media?parent=7214"}],"wp:term":[{"taxonomy":"product_brand","embeddable":true,"href":"https:\/\/www.hml-fetish.de\/shop\/wp-json\/wp\/v2\/product_brand?post=7214"},{"taxonomy":"product_cat","embeddable":true,"href":"https:\/\/www.hml-fetish.de\/shop\/wp-json\/wp\/v2\/product_cat?post=7214"},{"taxonomy":"product_tag","embeddable":true,"href":"https:\/\/www.hml-fetish.de\/shop\/wp-json\/wp\/v2\/product_tag?post=7214"}],"curies":[{"name":"wp","href":"https:\/\/api.w.org\/{rel}","templated":true}]}}