{"id":7208,"date":"2022-01-23T22:55:14","date_gmt":"2022-01-23T21:55:14","guid":{"rendered":"https:\/\/www.hml-fetish.de\/shop\/?post_type=product&#038;p=7208"},"modified":"2025-04-18T20:31:00","modified_gmt":"2025-04-18T18:31:00","slug":"schmaler-donut","status":"publish","type":"product","link":"https:\/\/www.hml-fetish.de\/shop\/schmaler-donut\/","title":{"rendered":"Schmaler Donut"},"content":{"rendered":"<p>Der Cockring mit dem besonderen Sitz. Hier in der schmalen Version. Ein 13 mm breiter Donut in sieben Gr\u00f6\u00dfen von 35 mm bis 55 mm Innendurchmesser. Aus V2A-Stahl und sch\u00f6n poliert sieht er auch noch ziemlich edel aus.<\/p>\n<p>Im Vergleich zur 19 mm breiten Version ist dieser Donut deutlich leichter. Er wiegt &#8211; je nach Gr\u00f6\u00dfe &#8211; zwischen 100 g und 150 g. Er wirkt schmucker als sein gro\u00dfer Bruder und hat nicht so sehr dessen Heavy Metal Touch.<\/p>\n<p><img decoding=\"async\" title=\"Gr\u00f6\u00dfe = Innendurchmesser\" src=\"\/GIF\/size_ID.gif\" alt=\"Gr\u00f6\u00dfe = Innendurchmesser\" width=\"183\" height=\"67\" border=\"0\" \/><\/p>\n","protected":false},"excerpt":{"rendered":"<h4>Schmaler Donut<\/h4>\n<p>Der Edelstahl Cockring mit dem besonderen Sitz. Hier in der schmalen Version. Ein 13 mm breiter Donut in sieben Gr\u00f6\u00dfen von 35 mm bis 55 mm Innendurchmesser. Aus V2A-Stahl und sch\u00f6n poliert sieht er auch noch ziemlich edel aus.<\/p>\n","protected":false},"featured_media":11700,"comment_status":"open","ping_status":"closed","template":"","meta":[],"product_brand":[],"product_cat":[167,95,130],"product_tag":[],"class_list":{"0":"post-7208","1":"product","2":"type-product","3":"status-publish","4":"has-post-thumbnail","6":"product_cat-cockringe","7":"product_cat-bestseller","8":"product_cat-cbt","9":"product_shipping_class-brief","11":"first","12":"instock","13":"taxable","14":"shipping-taxable","15":"purchasable","16":"product-type-variable"},"_links":{"self":[{"href":"https:\/\/www.hml-fetish.de\/shop\/wp-json\/wp\/v2\/product\/7208","targetHints":{"allow":["GET"]}}],"collection":[{"href":"https:\/\/www.hml-fetish.de\/shop\/wp-json\/wp\/v2\/product"}],"about":[{"href":"https:\/\/www.hml-fetish.de\/shop\/wp-json\/wp\/v2\/types\/product"}],"replies":[{"embeddable":true,"href":"https:\/\/www.hml-fetish.de\/shop\/wp-json\/wp\/v2\/comments?post=7208"}],"version-history":[{"count":0,"href":"https:\/\/www.hml-fetish.de\/shop\/wp-json\/wp\/v2\/product\/7208\/revisions"}],"wp:featuredmedia":[{"embeddable":true,"href":"https:\/\/www.hml-fetish.de\/shop\/wp-json\/wp\/v2\/media\/11700"}],"wp:attachment":[{"href":"https:\/\/www.hml-fetish.de\/shop\/wp-json\/wp\/v2\/media?parent=7208"}],"wp:term":[{"taxonomy":"product_brand","embeddable":true,"href":"https:\/\/www.hml-fetish.de\/shop\/wp-json\/wp\/v2\/product_brand?post=7208"},{"taxonomy":"product_cat","embeddable":true,"href":"https:\/\/www.hml-fetish.de\/shop\/wp-json\/wp\/v2\/product_cat?post=7208"},{"taxonomy":"product_tag","embeddable":true,"href":"https:\/\/www.hml-fetish.de\/shop\/wp-json\/wp\/v2\/product_tag?post=7208"}],"curies":[{"name":"wp","href":"https:\/\/api.w.org\/{rel}","templated":true}]}}