{"id":7207,"date":"2022-01-23T22:55:13","date_gmt":"2022-01-23T21:55:13","guid":{"rendered":"https:\/\/www.hml-fetish.de\/shop\/?post_type=product&#038;p=7207"},"modified":"2025-04-18T20:31:00","modified_gmt":"2025-04-18T18:31:00","slug":"dicker-donut","status":"publish","type":"product","link":"https:\/\/www.hml-fetish.de\/shop\/dicker-donut\/","title":{"rendered":"Dicker Donut"},"content":{"rendered":"<p>Edelstahl, gedreht und poliert. Durch die elliptische Form des Querschnittes verteilt sich sein Druck auf eine besondere Weise, n\u00e4mlich im wesentlichen im inneren Bereich. Dieser dicke Donut ist 19 mm breit. In acht fein abgestuften Gr\u00f6\u00dfen (Innendurchmessern) erh\u00e4ltlich. Eine wirklich schwere Stahl-Anfertigung!<\/p>\n<p>Liegt besonders gut an. Wir k\u00f6nnen&#8217;s best\u00e4tigen! Das gesamte Team.<\/p>\n<p><img decoding=\"async\" title=\"Gr\u00f6\u00dfe = Innendurchmesser\" src=\"\/GIF\/size_ID.gif\" alt=\"Gr\u00f6\u00dfe = Innendurchmesser\" width=\"183\" height=\"67\" border=\"0\" \/><\/p>\n","protected":false},"excerpt":{"rendered":"<h4>Dicker Donut<\/h4>\n<p>Edelstahl, gedreht und poliert. Durch die elliptische Form des Querschnittes verteilt sich sein Druck auf eine besondere Weise, n\u00e4mlich im wesentlichen im inneren Bereich. Dieser dicke Donut ist 19 mm breit. In acht fein abgestuften Gr\u00f6\u00dfen (Innendurchmessern) erh\u00e4ltlich. Eine wirklich schwere Stahl-Anfertigung!<\/p>\n","protected":false},"featured_media":11735,"comment_status":"open","ping_status":"closed","template":"","meta":[],"product_brand":[],"product_cat":[167,132,108],"product_tag":[],"class_list":{"0":"post-7207","1":"product","2":"type-product","3":"status-publish","4":"has-post-thumbnail","6":"product_cat-cockringe","7":"product_cat-dungeon","8":"product_cat-restposten-einzelstuecke","9":"product_shipping_class-brief","11":"first","12":"instock","13":"taxable","14":"shipping-taxable","15":"purchasable","16":"product-type-variable"},"_links":{"self":[{"href":"https:\/\/www.hml-fetish.de\/shop\/wp-json\/wp\/v2\/product\/7207","targetHints":{"allow":["GET"]}}],"collection":[{"href":"https:\/\/www.hml-fetish.de\/shop\/wp-json\/wp\/v2\/product"}],"about":[{"href":"https:\/\/www.hml-fetish.de\/shop\/wp-json\/wp\/v2\/types\/product"}],"replies":[{"embeddable":true,"href":"https:\/\/www.hml-fetish.de\/shop\/wp-json\/wp\/v2\/comments?post=7207"}],"version-history":[{"count":0,"href":"https:\/\/www.hml-fetish.de\/shop\/wp-json\/wp\/v2\/product\/7207\/revisions"}],"wp:featuredmedia":[{"embeddable":true,"href":"https:\/\/www.hml-fetish.de\/shop\/wp-json\/wp\/v2\/media\/11735"}],"wp:attachment":[{"href":"https:\/\/www.hml-fetish.de\/shop\/wp-json\/wp\/v2\/media?parent=7207"}],"wp:term":[{"taxonomy":"product_brand","embeddable":true,"href":"https:\/\/www.hml-fetish.de\/shop\/wp-json\/wp\/v2\/product_brand?post=7207"},{"taxonomy":"product_cat","embeddable":true,"href":"https:\/\/www.hml-fetish.de\/shop\/wp-json\/wp\/v2\/product_cat?post=7207"},{"taxonomy":"product_tag","embeddable":true,"href":"https:\/\/www.hml-fetish.de\/shop\/wp-json\/wp\/v2\/product_tag?post=7207"}],"curies":[{"name":"wp","href":"https:\/\/api.w.org\/{rel}","templated":true}]}}