{"id":7206,"date":"2022-01-23T22:55:13","date_gmt":"2022-01-23T21:55:13","guid":{"rendered":"https:\/\/www.hml-fetish.de\/shop\/?post_type=product&#038;p=7206"},"modified":"2023-08-15T20:41:28","modified_gmt":"2023-08-15T18:41:28","slug":"cockring-test-set","status":"publish","type":"product","link":"https:\/\/www.hml-fetish.de\/shop\/cockring-test-set\/","title":{"rendered":"Cockring Test-Set"},"content":{"rendered":"<p>Ein Set von vier Gummiringen mit den Innendurchmessern 40 mm, 45 mm, 50 mm und 55 mm. Mit diesen Ringen kannst Du schnell Deine Cockringgr\u00f6\u00dfe ermittelnohne Gefahr zu laufen, wegen eines zu engen Ringes zum Notarzt zu m\u00fcssen. Die Ringe sind nicht zum l\u00e4nger tragen gedacht. Sie sind nur 2 mm dick und schn\u00fcren sehr schnell ein. Das wird rasch unbequem.<\/p>\n","protected":false},"excerpt":{"rendered":"<h4>Cockring Test-Set<\/h4>\n<p>Ein Set von vier Gummiringen mit den Innendurchmessern 40 mm, 45 mm, 50 mm und 55 mm. Mit diesen Ringen kannst Du Deine Cockringgr\u00f6\u00dfe leicht ermitteln, ohne Gefahr zu laufen, wegen eines zu engen Ringes zum Notarzt zu m\u00fcssen. Die Ringe sind nicht zum l\u00e4nger tragen gedacht.<\/p>\n","protected":false},"featured_media":11760,"comment_status":"open","ping_status":"closed","template":"","meta":[],"product_brand":[],"product_cat":[167,130],"product_tag":[],"class_list":{"0":"post-7206","1":"product","2":"type-product","3":"status-publish","4":"has-post-thumbnail","6":"product_cat-cockringe","7":"product_cat-cbt","8":"product_shipping_class-brief","10":"first","11":"instock","12":"taxable","13":"shipping-taxable","14":"purchasable","15":"product-type-simple"},"_links":{"self":[{"href":"https:\/\/www.hml-fetish.de\/shop\/wp-json\/wp\/v2\/product\/7206","targetHints":{"allow":["GET"]}}],"collection":[{"href":"https:\/\/www.hml-fetish.de\/shop\/wp-json\/wp\/v2\/product"}],"about":[{"href":"https:\/\/www.hml-fetish.de\/shop\/wp-json\/wp\/v2\/types\/product"}],"replies":[{"embeddable":true,"href":"https:\/\/www.hml-fetish.de\/shop\/wp-json\/wp\/v2\/comments?post=7206"}],"version-history":[{"count":0,"href":"https:\/\/www.hml-fetish.de\/shop\/wp-json\/wp\/v2\/product\/7206\/revisions"}],"wp:featuredmedia":[{"embeddable":true,"href":"https:\/\/www.hml-fetish.de\/shop\/wp-json\/wp\/v2\/media\/11760"}],"wp:attachment":[{"href":"https:\/\/www.hml-fetish.de\/shop\/wp-json\/wp\/v2\/media?parent=7206"}],"wp:term":[{"taxonomy":"product_brand","embeddable":true,"href":"https:\/\/www.hml-fetish.de\/shop\/wp-json\/wp\/v2\/product_brand?post=7206"},{"taxonomy":"product_cat","embeddable":true,"href":"https:\/\/www.hml-fetish.de\/shop\/wp-json\/wp\/v2\/product_cat?post=7206"},{"taxonomy":"product_tag","embeddable":true,"href":"https:\/\/www.hml-fetish.de\/shop\/wp-json\/wp\/v2\/product_tag?post=7206"}],"curies":[{"name":"wp","href":"https:\/\/api.w.org\/{rel}","templated":true}]}}