{"id":7204,"date":"2022-01-23T22:55:12","date_gmt":"2022-01-23T21:55:12","guid":{"rendered":"https:\/\/www.hml-fetish.de\/shop\/?post_type=product&#038;p=7204"},"modified":"2024-11-25T08:43:03","modified_gmt":"2024-11-25T07:43:03","slug":"silikon-cockringe","status":"publish","type":"product","link":"https:\/\/www.hml-fetish.de\/shop\/silikon-cockringe\/","title":{"rendered":"Silikon-Cockringe"},"content":{"rendered":"<p>Dieser Cockring vollbringt Wunder! Trage das unauff\u00e4llige Ding (im entspannten Zustand hat dieser Ring nur 3 cm Durchmesser!) am Finger oder ums Handgelenk und Du bist f\u00fcr alle Eventualit\u00e4ten ger\u00fcstet. Er pa\u00dft um wirklich jeden Schwanz (oder jedes Ei) und ist blitzschnell angelegt.<br \/>\n<BR>Du bekommst zwei St\u00fcck.<br \/>\n<BR><B>Nicht mit silikonbasierenden Gleitmitteln zusammen verwenden!<\/B><\/p>\n","protected":false},"excerpt":{"rendered":"<h4>Silikon-Cockringe<\/h4>\n<p>Dieser Cockring vollbringt Wunder! Trage das unauff\u00e4llige Ding (im entspannten Zustand hat dieser Ring nur 3 cm Durchmesser!) am Finger oder ums Handgelenk und Du bist f\u00fcr alle Eventualit\u00e4ten ger\u00fcstet. Er pa\u00dft um wirklich jeden Schwanz (oder jedes Ei) und ist blitzschnell angelegt.<\/p>\n","protected":false},"featured_media":11771,"comment_status":"open","ping_status":"closed","template":"","meta":[],"product_brand":[],"product_cat":[167,95,127],"product_tag":[],"class_list":{"0":"post-7204","1":"product","2":"type-product","3":"status-publish","4":"has-post-thumbnail","6":"product_cat-cockringe","7":"product_cat-bestseller","8":"product_cat-diverses","9":"product_shipping_class-brief","11":"first","12":"instock","13":"taxable","14":"shipping-taxable","15":"purchasable","16":"product-type-simple"},"_links":{"self":[{"href":"https:\/\/www.hml-fetish.de\/shop\/wp-json\/wp\/v2\/product\/7204","targetHints":{"allow":["GET"]}}],"collection":[{"href":"https:\/\/www.hml-fetish.de\/shop\/wp-json\/wp\/v2\/product"}],"about":[{"href":"https:\/\/www.hml-fetish.de\/shop\/wp-json\/wp\/v2\/types\/product"}],"replies":[{"embeddable":true,"href":"https:\/\/www.hml-fetish.de\/shop\/wp-json\/wp\/v2\/comments?post=7204"}],"version-history":[{"count":0,"href":"https:\/\/www.hml-fetish.de\/shop\/wp-json\/wp\/v2\/product\/7204\/revisions"}],"wp:featuredmedia":[{"embeddable":true,"href":"https:\/\/www.hml-fetish.de\/shop\/wp-json\/wp\/v2\/media\/11771"}],"wp:attachment":[{"href":"https:\/\/www.hml-fetish.de\/shop\/wp-json\/wp\/v2\/media?parent=7204"}],"wp:term":[{"taxonomy":"product_brand","embeddable":true,"href":"https:\/\/www.hml-fetish.de\/shop\/wp-json\/wp\/v2\/product_brand?post=7204"},{"taxonomy":"product_cat","embeddable":true,"href":"https:\/\/www.hml-fetish.de\/shop\/wp-json\/wp\/v2\/product_cat?post=7204"},{"taxonomy":"product_tag","embeddable":true,"href":"https:\/\/www.hml-fetish.de\/shop\/wp-json\/wp\/v2\/product_tag?post=7204"}],"curies":[{"name":"wp","href":"https:\/\/api.w.org\/{rel}","templated":true}]}}